{"id":48148,"date":"2024-12-09T10:41:35","date_gmt":"2024-12-09T09:41:35","guid":{"rendered":"https:\/\/www.fleurop-home.ch\/de-ch\/p\/hydro-max-s-1-liter-0-4-kg"},"modified":"2025-04-01T03:51:31","modified_gmt":"2025-04-01T01:51:31","slug":"hydro-max-s-1-litre-0-4-kg","status":"publish","type":"product","link":"https:\/\/www.fleurop-home.ch\/fr-ch\/p\/hydro-max-s-1-liter-0-4-kg","title":{"rendered":"Hydro Max S, 1 litre, 0,4 kg"},"content":{"rendered":"<p>Avec Hydro Max M, tu n'\u00e9conomises pas seulement de l'eau, mais aussi du temps, car tu ne dois arroser que tous les quelques jours. Ce syst\u00e8me ne produit pas seulement un rendement plus \u00e9lev\u00e9, il favorise \u00e9galement le d\u00e9veloppement sain des racines. L'irrigation autor\u00e9gul\u00e9e garantit que tes plantes re\u00e7oivent exactement la quantit\u00e9 d'eau dont elles ont besoin. Un syst\u00e8me d'arrosage efficace et \u00e9conome en ressources pour une croissance optimale des plantes.\n0,8 kg, pour 0,8 m\u00b2.<\/p>\n<p><strong>0,4 kg, pour 0,4 m\u00b2.<\/strong><\/p>","protected":false},"excerpt":{"rendered":"<p>Avec Hydro Max S, tu n'\u00e9conomises pas seulement de l'eau, mais aussi du temps, car tu n'as besoin d'arroser que tous les quelques jours.<\/p>","protected":false},"featured_media":48395,"template":"","meta":[],"product_brand":[],"product_cat":[39,34,35],"product_tag":[973],"woo-feed-brand":[],"class_list":{"0":"post-48148","1":"product","2":"type-product","3":"status-publish","4":"has-post-thumbnail","6":"product_cat-gartenzubehoer","7":"product_cat-garten-balkon","8":"product_cat-gartendeko","9":"product_tag-samen-mauser","11":"first","12":"instock","13":"taxable","14":"shipping-taxable","15":"purchasable","16":"product-type-simple"},"_links":{"self":[{"href":"https:\/\/www.fleurop-home.ch\/fr-ch\/wp-json\/wp\/v2\/product\/48148","targetHints":{"allow":["GET"]}}],"collection":[{"href":"https:\/\/www.fleurop-home.ch\/fr-ch\/wp-json\/wp\/v2\/product"}],"about":[{"href":"https:\/\/www.fleurop-home.ch\/fr-ch\/wp-json\/wp\/v2\/types\/product"}],"wp:featuredmedia":[{"embeddable":true,"href":"https:\/\/www.fleurop-home.ch\/fr-ch\/wp-json\/wp\/v2\/media\/48395"}],"wp:attachment":[{"href":"https:\/\/www.fleurop-home.ch\/fr-ch\/wp-json\/wp\/v2\/media?parent=48148"}],"wp:term":[{"taxonomy":"product_brand","embeddable":true,"href":"https:\/\/www.fleurop-home.ch\/fr-ch\/wp-json\/wp\/v2\/product_brand?post=48148"},{"taxonomy":"product_cat","embeddable":true,"href":"https:\/\/www.fleurop-home.ch\/fr-ch\/wp-json\/wp\/v2\/product_cat?post=48148"},{"taxonomy":"product_tag","embeddable":true,"href":"https:\/\/www.fleurop-home.ch\/fr-ch\/wp-json\/wp\/v2\/product_tag?post=48148"},{"taxonomy":"woo-feed-brand","embeddable":true,"href":"https:\/\/www.fleurop-home.ch\/fr-ch\/wp-json\/wp\/v2\/woo-feed-brand?post=48148"}],"curies":[{"name":"wp","href":"https:\/\/api.w.org\/{rel}","templated":true}]}}