{"id":48140,"date":"2024-12-09T10:41:36","date_gmt":"2024-12-09T09:41:36","guid":{"rendered":"https:\/\/www.fleurop-home.ch\/de-ch\/p\/krutertopf-cobble-anthrazit"},"modified":"2025-10-22T13:46:44","modified_gmt":"2025-10-22T11:46:44","slug":"pot-a-herbes-cobble-anthracite","status":"publish","type":"product","link":"https:\/\/www.fleurop-home.ch\/fr-ch\/p\/kraeutertopf-cobble-anthrazit","title":{"rendered":"Pot \u00e0 herbes Cobble anthracite"},"content":{"rendered":"<p>Le pot \u00e0 herbes Cobble en blanc te permet d'avoir toujours des herbes fra\u00eeches chez toi. Souvent, les herbes achet\u00e9es au supermarch\u00e9 ne restent pas fra\u00eeches longtemps et meurent rapidement si elles ne sont pas replant\u00e9es. Notre pot de fleurs intelligent r\u00e9sout ce probl\u00e8me de base en pla\u00e7ant simplement la plante que tu as achet\u00e9e dans le pot. Le principe plug-and-play rend le produit pr\u00eat \u00e0 l'emploi en seulement 30 secondes. Le design moderne de Cobble se caract\u00e9rise par une combinaison de surfaces mates et brillantes.<\/p>\n<p><strong>Taille 14.5 x 14.5 x 14.5 cm<\/strong><\/p>","protected":false},"excerpt":{"rendered":"<p>Le pot \u00e0 herbes Cobble en anthracite te permet d'avoir toujours des herbes fra\u00eeches \u00e0 la maison.<\/p>","protected":false},"featured_media":48400,"template":"","meta":[],"product_brand":[],"product_cat":[27,23,1198],"product_tag":[973],"woo-feed-brand":[],"class_list":{"0":"post-48140","1":"product","2":"type-product","3":"status-publish","4":"has-post-thumbnail","6":"product_cat-vasen-gefaesse","7":"product_cat-home-living","8":"product_cat-toepfe","9":"product_tag-samen-mauser","11":"first","12":"instock","13":"taxable","14":"shipping-taxable","15":"purchasable","16":"product-type-simple"},"_links":{"self":[{"href":"https:\/\/www.fleurop-home.ch\/fr-ch\/wp-json\/wp\/v2\/product\/48140","targetHints":{"allow":["GET"]}}],"collection":[{"href":"https:\/\/www.fleurop-home.ch\/fr-ch\/wp-json\/wp\/v2\/product"}],"about":[{"href":"https:\/\/www.fleurop-home.ch\/fr-ch\/wp-json\/wp\/v2\/types\/product"}],"wp:featuredmedia":[{"embeddable":true,"href":"https:\/\/www.fleurop-home.ch\/fr-ch\/wp-json\/wp\/v2\/media\/48400"}],"wp:attachment":[{"href":"https:\/\/www.fleurop-home.ch\/fr-ch\/wp-json\/wp\/v2\/media?parent=48140"}],"wp:term":[{"taxonomy":"product_brand","embeddable":true,"href":"https:\/\/www.fleurop-home.ch\/fr-ch\/wp-json\/wp\/v2\/product_brand?post=48140"},{"taxonomy":"product_cat","embeddable":true,"href":"https:\/\/www.fleurop-home.ch\/fr-ch\/wp-json\/wp\/v2\/product_cat?post=48140"},{"taxonomy":"product_tag","embeddable":true,"href":"https:\/\/www.fleurop-home.ch\/fr-ch\/wp-json\/wp\/v2\/product_tag?post=48140"},{"taxonomy":"woo-feed-brand","embeddable":true,"href":"https:\/\/www.fleurop-home.ch\/fr-ch\/wp-json\/wp\/v2\/woo-feed-brand?post=48140"}],"curies":[{"name":"wp","href":"https:\/\/api.w.org\/{rel}","templated":true}]}}