{"id":48130,"date":"2024-12-09T10:41:37","date_gmt":"2024-12-09T09:41:37","guid":{"rendered":"https:\/\/www.fleurop-home.ch\/de-ch\/p\/zinkeimer-nature-10-liter"},"modified":"2025-05-12T14:41:48","modified_gmt":"2025-05-12T12:41:48","slug":"seau-a-zinc-nature-10-litres","status":"publish","type":"product","link":"https:\/\/www.fleurop-home.ch\/fr-ch\/p\/zinkeimer-nature-10-liter","title":{"rendered":"Seau en zinc nature, 10 litres"},"content":{"rendered":"<p>Embellis ta maison ou ton jardin avec notre seau en zinc d\u00e9coratif. \u00c9quip\u00e9 d'une anse et d'une poign\u00e9e en bois, il est parfait comme pot de fleurs ou comme aide pratique dans la maison et le jardin.<\/p>\n<p><strong>Hauteur : 29 cm<\/strong><br \/>\n<strong>Contenu : 10 litres<\/strong><br \/>\n<strong>\u00d8 29.5 cm<\/strong><\/p>","protected":false},"excerpt":{"rendered":"<p>Embellis ta maison ou ton jardin avec notre seau en zinc d\u00e9coratif<\/p>","protected":false},"featured_media":48743,"template":"","meta":[],"product_brand":[],"product_cat":[40,1089,1088,34],"product_tag":[973],"woo-feed-brand":[],"class_list":{"0":"post-48130","1":"product","2":"type-product","3":"status-publish","4":"has-post-thumbnail","6":"product_cat-uebertoepfe","7":"product_cat-hobbygaertner","8":"product_cat-vatertag","9":"product_cat-garten-balkon","10":"product_tag-samen-mauser","12":"first","13":"instock","14":"taxable","15":"shipping-taxable","16":"purchasable","17":"product-type-simple"},"_links":{"self":[{"href":"https:\/\/www.fleurop-home.ch\/fr-ch\/wp-json\/wp\/v2\/product\/48130","targetHints":{"allow":["GET"]}}],"collection":[{"href":"https:\/\/www.fleurop-home.ch\/fr-ch\/wp-json\/wp\/v2\/product"}],"about":[{"href":"https:\/\/www.fleurop-home.ch\/fr-ch\/wp-json\/wp\/v2\/types\/product"}],"wp:featuredmedia":[{"embeddable":true,"href":"https:\/\/www.fleurop-home.ch\/fr-ch\/wp-json\/wp\/v2\/media\/48743"}],"wp:attachment":[{"href":"https:\/\/www.fleurop-home.ch\/fr-ch\/wp-json\/wp\/v2\/media?parent=48130"}],"wp:term":[{"taxonomy":"product_brand","embeddable":true,"href":"https:\/\/www.fleurop-home.ch\/fr-ch\/wp-json\/wp\/v2\/product_brand?post=48130"},{"taxonomy":"product_cat","embeddable":true,"href":"https:\/\/www.fleurop-home.ch\/fr-ch\/wp-json\/wp\/v2\/product_cat?post=48130"},{"taxonomy":"product_tag","embeddable":true,"href":"https:\/\/www.fleurop-home.ch\/fr-ch\/wp-json\/wp\/v2\/product_tag?post=48130"},{"taxonomy":"woo-feed-brand","embeddable":true,"href":"https:\/\/www.fleurop-home.ch\/fr-ch\/wp-json\/wp\/v2\/woo-feed-brand?post=48130"}],"curies":[{"name":"wp","href":"https:\/\/api.w.org\/{rel}","templated":true}]}}