{"id":48120,"date":"2024-12-09T10:41:40","date_gmt":"2024-12-09T09:41:40","guid":{"rendered":"https:\/\/www.fleurop-home.ch\/de-ch\/p\/kinderbeet-confetti-douglasie-fsc"},"modified":"2026-04-22T11:07:09","modified_gmt":"2026-04-22T09:07:09","slug":"parterre-denfant-confetti-douglasie-fsc","status":"publish","type":"product","link":"https:\/\/www.fleurop-home.ch\/fr-ch\/p\/kinderbeet-confetti-douglasie-fsc","title":{"rendered":"Parterre pour enfants CONFETTI Douglas FSC"},"content":{"rendered":"<p>Le parterre pour enfants \"CONFETTI\" est un parterre sur\u00e9lev\u00e9 id\u00e9al pour les enfants, con\u00e7u avec des \u00e9l\u00e9ments en acier peint par poudrage et des pieds en m\u00e9tal. Ce parterre haut color\u00e9 offre non seulement une incitation ludique mais aussi une fonctionnalit\u00e9 pratique pour les petits jardiniers. Les pieds m\u00e9talliques solides et les pi\u00e8ces en acier peintes par poudrage garantissent non seulement un aspect moderne, mais aussi la stabilit\u00e9.<\/p>\n<p>Un liner int\u00e9rieur compos\u00e9 d'un film et d'un agrotextile est inclus dans la livraison.<\/p>\n<p><strong>Taille 70 x 26 x 60 cm<\/strong><\/p>","protected":false},"excerpt":{"rendered":"<p>Le parterre pour enfants \"CONFETTI\" est un parterre sur\u00e9lev\u00e9 id\u00e9al pour les enfants, con\u00e7u avec des \u00e9l\u00e9ments en acier peint par poudrage et des pieds en m\u00e9tal.<\/p>","protected":false},"featured_media":76496,"template":"","meta":[],"product_brand":[],"product_cat":[38,1263,1266,34,1122],"product_tag":[973],"woo-feed-brand":[],"class_list":{"0":"post-48120","1":"product","2":"type-product","3":"status-publish","4":"has-post-thumbnail","6":"product_cat-hochbeete","7":"product_cat-fleuropkids","8":"product_cat-garten-outdoor","9":"product_cat-garten-balkon","10":"product_cat-kids-im-gruenen","11":"product_tag-samen-mauser","13":"first","14":"instock","15":"taxable","16":"shipping-taxable","17":"purchasable","18":"product-type-simple"},"_links":{"self":[{"href":"https:\/\/www.fleurop-home.ch\/fr-ch\/wp-json\/wp\/v2\/product\/48120","targetHints":{"allow":["GET"]}}],"collection":[{"href":"https:\/\/www.fleurop-home.ch\/fr-ch\/wp-json\/wp\/v2\/product"}],"about":[{"href":"https:\/\/www.fleurop-home.ch\/fr-ch\/wp-json\/wp\/v2\/types\/product"}],"wp:featuredmedia":[{"embeddable":true,"href":"https:\/\/www.fleurop-home.ch\/fr-ch\/wp-json\/wp\/v2\/media\/76496"}],"wp:attachment":[{"href":"https:\/\/www.fleurop-home.ch\/fr-ch\/wp-json\/wp\/v2\/media?parent=48120"}],"wp:term":[{"taxonomy":"product_brand","embeddable":true,"href":"https:\/\/www.fleurop-home.ch\/fr-ch\/wp-json\/wp\/v2\/product_brand?post=48120"},{"taxonomy":"product_cat","embeddable":true,"href":"https:\/\/www.fleurop-home.ch\/fr-ch\/wp-json\/wp\/v2\/product_cat?post=48120"},{"taxonomy":"product_tag","embeddable":true,"href":"https:\/\/www.fleurop-home.ch\/fr-ch\/wp-json\/wp\/v2\/product_tag?post=48120"},{"taxonomy":"woo-feed-brand","embeddable":true,"href":"https:\/\/www.fleurop-home.ch\/fr-ch\/wp-json\/wp\/v2\/woo-feed-brand?post=48120"}],"curies":[{"name":"wp","href":"https:\/\/api.w.org\/{rel}","templated":true}]}}