{"id":48118,"date":"2024-12-09T10:41:40","date_gmt":"2024-12-09T09:41:40","guid":{"rendered":"https:\/\/www.fleurop-home.ch\/de-ch\/p\/hochbeet-confetti-douglasie-fsc"},"modified":"2025-05-02T00:05:30","modified_gmt":"2025-05-01T22:05:30","slug":"parterre-sureleve-confetti-douglasie-fsc","status":"publish","type":"product","link":"https:\/\/www.fleurop-home.ch\/fr-ch\/p\/hochbeet-confetti-douglasie-fsc","title":{"rendered":"Parterre sur\u00e9lev\u00e9 CONFETTI Douglasie FSC"},"content":{"rendered":"<p>Le parterre sur\u00e9lev\u00e9 \"CONFETTI Douglasie FSC\" est un parterre sur\u00e9lev\u00e9 attrayant et color\u00e9 avec des \u00e9l\u00e9ments en acier rev\u00eatus par poudre et des pieds en m\u00e9tal. Fabriqu\u00e9 en sapin Douglas certifi\u00e9 FSC, ce parterre sur\u00e9lev\u00e9 donne une touche de gaiet\u00e9 \u00e0 ton jardin. Les pieds m\u00e9talliques solides et les parties en acier rev\u00eatues par poudre garantissent non seulement une esth\u00e9tique moderne, mais aussi la stabilit\u00e9.<\/p>\n<p>Un liner int\u00e9rieur compos\u00e9 d'un film et d'un agrotextile est inclus dans la livraison.<\/p>\n<p><strong>Taille 90 x 40 x 80 cm<\/strong><\/p>","protected":false},"excerpt":{"rendered":"<p>Le parterre sur\u00e9lev\u00e9 \"CONFETTI Douglasie FSC\" est un parterre sur\u00e9lev\u00e9 attrayant et color\u00e9 avec des \u00e9l\u00e9ments en acier rev\u00eatus par poudre et des pieds en m\u00e9tal.<\/p>","protected":false},"featured_media":48463,"template":"","meta":[],"product_brand":[],"product_cat":[38,34],"product_tag":[973],"woo-feed-brand":[],"class_list":{"0":"post-48118","1":"product","2":"type-product","3":"status-publish","4":"has-post-thumbnail","6":"product_cat-hochbeete","7":"product_cat-garten-balkon","8":"product_tag-samen-mauser","10":"first","11":"instock","12":"taxable","13":"shipping-taxable","14":"purchasable","15":"product-type-simple"},"_links":{"self":[{"href":"https:\/\/www.fleurop-home.ch\/fr-ch\/wp-json\/wp\/v2\/product\/48118","targetHints":{"allow":["GET"]}}],"collection":[{"href":"https:\/\/www.fleurop-home.ch\/fr-ch\/wp-json\/wp\/v2\/product"}],"about":[{"href":"https:\/\/www.fleurop-home.ch\/fr-ch\/wp-json\/wp\/v2\/types\/product"}],"wp:featuredmedia":[{"embeddable":true,"href":"https:\/\/www.fleurop-home.ch\/fr-ch\/wp-json\/wp\/v2\/media\/48463"}],"wp:attachment":[{"href":"https:\/\/www.fleurop-home.ch\/fr-ch\/wp-json\/wp\/v2\/media?parent=48118"}],"wp:term":[{"taxonomy":"product_brand","embeddable":true,"href":"https:\/\/www.fleurop-home.ch\/fr-ch\/wp-json\/wp\/v2\/product_brand?post=48118"},{"taxonomy":"product_cat","embeddable":true,"href":"https:\/\/www.fleurop-home.ch\/fr-ch\/wp-json\/wp\/v2\/product_cat?post=48118"},{"taxonomy":"product_tag","embeddable":true,"href":"https:\/\/www.fleurop-home.ch\/fr-ch\/wp-json\/wp\/v2\/product_tag?post=48118"},{"taxonomy":"woo-feed-brand","embeddable":true,"href":"https:\/\/www.fleurop-home.ch\/fr-ch\/wp-json\/wp\/v2\/woo-feed-brand?post=48118"}],"curies":[{"name":"wp","href":"https:\/\/api.w.org\/{rel}","templated":true}]}}