{"id":48114,"date":"2024-12-09T10:41:40","date_gmt":"2024-12-09T09:41:40","guid":{"rendered":"https:\/\/www.fleurop-home.ch\/de-ch\/p\/hochbeet-elegant"},"modified":"2025-12-18T10:44:15","modified_gmt":"2025-12-18T09:44:15","slug":"parterre-sureleve-elegant","status":"publish","type":"product","link":"https:\/\/www.fleurop-home.ch\/fr-ch\/p\/hochbeet-elegant","title":{"rendered":"Parterre sur\u00e9lev\u00e9 ELEGANT"},"content":{"rendered":"<p>Le parterre sur\u00e9lev\u00e9 \"ELEGANT\" n'est pas seulement un bac \u00e0 plantes esth\u00e9tique, il peut aussi \u00eatre utilis\u00e9 comme pare-vue \u00e9l\u00e9gant. Fabriqu\u00e9 en bois de ch\u00eane huil\u00e9 et rabot\u00e9, ce parterre sur\u00e9lev\u00e9 donne \u00e0 ton jardin ou \u00e0 ta terrasse une \u00e9l\u00e9gance intemporelle. L'inlet en t\u00f4le d'acier assure la stabilit\u00e9, et avec un volume de remplissage de 78 litres, il offre suffisamment de place pour tes cr\u00e9ations de plantes.<\/p>\n<p><strong>Taille 98 x 30 x 80 cm<\/strong><\/p>","protected":false},"excerpt":{"rendered":"<p>Le parterre sur\u00e9lev\u00e9 \"ELEGANT\" n'est pas seulement un bac \u00e0 plantes esth\u00e9tique, il peut aussi \u00eatre utilis\u00e9 comme pare-vue \u00e9l\u00e9gant.<\/p>","protected":false},"featured_media":48465,"template":"","meta":[],"product_brand":[],"product_cat":[38,34],"product_tag":[973],"woo-feed-brand":[],"class_list":{"0":"post-48114","1":"product","2":"type-product","3":"status-publish","4":"has-post-thumbnail","6":"product_cat-hochbeete","7":"product_cat-garten-balkon","8":"product_tag-samen-mauser","10":"first","11":"instock","12":"taxable","13":"shipping-taxable","14":"purchasable","15":"product-type-simple"},"_links":{"self":[{"href":"https:\/\/www.fleurop-home.ch\/fr-ch\/wp-json\/wp\/v2\/product\/48114","targetHints":{"allow":["GET"]}}],"collection":[{"href":"https:\/\/www.fleurop-home.ch\/fr-ch\/wp-json\/wp\/v2\/product"}],"about":[{"href":"https:\/\/www.fleurop-home.ch\/fr-ch\/wp-json\/wp\/v2\/types\/product"}],"wp:featuredmedia":[{"embeddable":true,"href":"https:\/\/www.fleurop-home.ch\/fr-ch\/wp-json\/wp\/v2\/media\/48465"}],"wp:attachment":[{"href":"https:\/\/www.fleurop-home.ch\/fr-ch\/wp-json\/wp\/v2\/media?parent=48114"}],"wp:term":[{"taxonomy":"product_brand","embeddable":true,"href":"https:\/\/www.fleurop-home.ch\/fr-ch\/wp-json\/wp\/v2\/product_brand?post=48114"},{"taxonomy":"product_cat","embeddable":true,"href":"https:\/\/www.fleurop-home.ch\/fr-ch\/wp-json\/wp\/v2\/product_cat?post=48114"},{"taxonomy":"product_tag","embeddable":true,"href":"https:\/\/www.fleurop-home.ch\/fr-ch\/wp-json\/wp\/v2\/product_tag?post=48114"},{"taxonomy":"woo-feed-brand","embeddable":true,"href":"https:\/\/www.fleurop-home.ch\/fr-ch\/wp-json\/wp\/v2\/woo-feed-brand?post=48114"}],"curies":[{"name":"wp","href":"https:\/\/api.w.org\/{rel}","templated":true}]}}