{"id":48112,"date":"2024-12-09T10:41:41","date_gmt":"2024-12-09T09:41:41","guid":{"rendered":"https:\/\/www.fleurop-home.ch\/de-ch\/p\/hochbeet-elegant"},"modified":"2025-05-12T14:41:34","modified_gmt":"2025-05-12T12:41:34","slug":"parterre-sureleve-elegant-2","status":"publish","type":"product","link":"https:\/\/www.fleurop-home.ch\/fr-ch\/p\/hochbeet-elegant-2","title":{"rendered":"Parterre sur\u00e9lev\u00e9 ELEGANT"},"content":{"rendered":"<p>Le bac \u00e0 fleurs \"Ch\u00eane \u00e9l\u00e9gant\" n'est pas seulement un joli bac sur\u00e9lev\u00e9, il peut aussi \u00eatre utilis\u00e9 comme un \u00e9l\u00e9gant pare-vue. Fabriqu\u00e9 en bois de ch\u00eane huil\u00e9 et rabot\u00e9, ce bac \u00e0 plantes conf\u00e8re \u00e0 ton jardin ou \u00e0 ta terrasse une \u00e9l\u00e9gance intemporelle. L'inlet en t\u00f4le d'acier assure la stabilit\u00e9, et avec un volume de remplissage de 78 litres, il offre suffisamment de place pour tes cr\u00e9ations v\u00e9g\u00e9tales.<\/p>\n<p><strong>Taille 98 x 30 x 45 cm<\/strong><\/p>","protected":false},"excerpt":{"rendered":"<p>Le bac \u00e0 fleurs \"Ch\u00eane \u00e9l\u00e9gant\" n'est pas seulement un joli parterre sur\u00e9lev\u00e9, il peut aussi \u00eatre utilis\u00e9 comme pare-vue \u00e9l\u00e9gant.<\/p>","protected":false},"featured_media":48747,"template":"","meta":[],"product_brand":[],"product_cat":[38,1089,1088,34],"product_tag":[973],"woo-feed-brand":[],"class_list":{"0":"post-48112","1":"product","2":"type-product","3":"status-publish","4":"has-post-thumbnail","6":"product_cat-hochbeete","7":"product_cat-hobbygaertner","8":"product_cat-vatertag","9":"product_cat-garten-balkon","10":"product_tag-samen-mauser","12":"first","13":"instock","14":"taxable","15":"shipping-taxable","16":"purchasable","17":"product-type-simple"},"_links":{"self":[{"href":"https:\/\/www.fleurop-home.ch\/fr-ch\/wp-json\/wp\/v2\/product\/48112","targetHints":{"allow":["GET"]}}],"collection":[{"href":"https:\/\/www.fleurop-home.ch\/fr-ch\/wp-json\/wp\/v2\/product"}],"about":[{"href":"https:\/\/www.fleurop-home.ch\/fr-ch\/wp-json\/wp\/v2\/types\/product"}],"wp:featuredmedia":[{"embeddable":true,"href":"https:\/\/www.fleurop-home.ch\/fr-ch\/wp-json\/wp\/v2\/media\/48747"}],"wp:attachment":[{"href":"https:\/\/www.fleurop-home.ch\/fr-ch\/wp-json\/wp\/v2\/media?parent=48112"}],"wp:term":[{"taxonomy":"product_brand","embeddable":true,"href":"https:\/\/www.fleurop-home.ch\/fr-ch\/wp-json\/wp\/v2\/product_brand?post=48112"},{"taxonomy":"product_cat","embeddable":true,"href":"https:\/\/www.fleurop-home.ch\/fr-ch\/wp-json\/wp\/v2\/product_cat?post=48112"},{"taxonomy":"product_tag","embeddable":true,"href":"https:\/\/www.fleurop-home.ch\/fr-ch\/wp-json\/wp\/v2\/product_tag?post=48112"},{"taxonomy":"woo-feed-brand","embeddable":true,"href":"https:\/\/www.fleurop-home.ch\/fr-ch\/wp-json\/wp\/v2\/woo-feed-brand?post=48112"}],"curies":[{"name":"wp","href":"https:\/\/api.w.org\/{rel}","templated":true}]}}