{"id":48104,"date":"2024-12-09T10:41:42","date_gmt":"2024-12-09T09:41:42","guid":{"rendered":"https:\/\/www.fleurop-home.ch\/de-ch\/p\/solarlampe-up-light-4-st"},"modified":"2025-04-01T03:50:50","modified_gmt":"2025-04-01T01:50:50","slug":"lampe-solaire-up-light-4-st","status":"publish","type":"product","link":"https:\/\/www.fleurop-home.ch\/fr-ch\/p\/solarlampe-up-light-4-st","title":{"rendered":"Lampe solaire Up Light, 4 pcs"},"content":{"rendered":"<p>D\u00e9couvre un \u00e9clairage polyvalent avec notre spot - une lumi\u00e8re polyvalente id\u00e9ale pour \u00eatre fix\u00e9e sur les cl\u00f4tures, les murs, les hangars, le long des marches et des chemins. Parfaitement adapt\u00e9 pour \u00e9clairer les noms de maison et les chiffres la nuit, ce spot offre une solution pratique et efficace pour l'\u00e9clairage ext\u00e9rieur. LED blanches super lumineuses. Facile \u00e0 installer.<\/p>\n<p><strong>Batterie : AA<\/strong><br \/>\n<strong>Taille 14 x 11,5 cm<\/strong><\/p>","protected":false},"excerpt":{"rendered":"<p>D\u00e9couvre un \u00e9clairage polyvalent avec notre spot - une lumi\u00e8re multi-usages id\u00e9ale pour \u00eatre fix\u00e9e sur les cl\u00f4tures, les murs, les hangars, le long des marches d'escalier et des chemins.<\/p>","protected":false},"featured_media":48471,"template":"","meta":[],"product_brand":[],"product_cat":[35,34],"product_tag":[973],"woo-feed-brand":[],"class_list":{"0":"post-48104","1":"product","2":"type-product","3":"status-publish","4":"has-post-thumbnail","6":"product_cat-gartendeko","7":"product_cat-garten-balkon","8":"product_tag-samen-mauser","10":"first","11":"instock","12":"taxable","13":"shipping-taxable","14":"purchasable","15":"product-type-simple"},"_links":{"self":[{"href":"https:\/\/www.fleurop-home.ch\/fr-ch\/wp-json\/wp\/v2\/product\/48104","targetHints":{"allow":["GET"]}}],"collection":[{"href":"https:\/\/www.fleurop-home.ch\/fr-ch\/wp-json\/wp\/v2\/product"}],"about":[{"href":"https:\/\/www.fleurop-home.ch\/fr-ch\/wp-json\/wp\/v2\/types\/product"}],"wp:featuredmedia":[{"embeddable":true,"href":"https:\/\/www.fleurop-home.ch\/fr-ch\/wp-json\/wp\/v2\/media\/48471"}],"wp:attachment":[{"href":"https:\/\/www.fleurop-home.ch\/fr-ch\/wp-json\/wp\/v2\/media?parent=48104"}],"wp:term":[{"taxonomy":"product_brand","embeddable":true,"href":"https:\/\/www.fleurop-home.ch\/fr-ch\/wp-json\/wp\/v2\/product_brand?post=48104"},{"taxonomy":"product_cat","embeddable":true,"href":"https:\/\/www.fleurop-home.ch\/fr-ch\/wp-json\/wp\/v2\/product_cat?post=48104"},{"taxonomy":"product_tag","embeddable":true,"href":"https:\/\/www.fleurop-home.ch\/fr-ch\/wp-json\/wp\/v2\/product_tag?post=48104"},{"taxonomy":"woo-feed-brand","embeddable":true,"href":"https:\/\/www.fleurop-home.ch\/fr-ch\/wp-json\/wp\/v2\/woo-feed-brand?post=48104"}],"curies":[{"name":"wp","href":"https:\/\/api.w.org\/{rel}","templated":true}]}}