{"id":48096,"date":"2024-12-09T10:41:43","date_gmt":"2024-12-09T09:41:43","guid":{"rendered":"https:\/\/www.fleurop-home.ch\/de-ch\/p\/capella-stake-light"},"modified":"2025-04-01T03:50:47","modified_gmt":"2025-04-01T01:50:47","slug":"capella-stake-light","status":"publish","type":"product","link":"https:\/\/www.fleurop-home.ch\/fr-ch\/p\/capella-stake-light","title":{"rendered":"Capella Stake Light"},"content":{"rendered":"<p>Misez sur notre \u00e9clairage solaire de chemin extr\u00eamement beau et lumineux avec une puissance impressionnante de 50 lumens. Ces \u00e9clairages brillent d'une lumi\u00e8re blanche claire et donnent \u00e0 ton chemin une luminosit\u00e9 accueillante.<\/p>\n<p><strong>Batterie : AA<\/strong><br \/>\n<strong>Taille : 58 x 14 cm<\/strong><\/p>","protected":false},"excerpt":{"rendered":"<p>Misez sur notre \u00e9clairage de chemin solaire extr\u00eamement beau et lumineux avec une puissance impressionnante de 50 lumens.<\/p>","protected":false},"featured_media":48479,"template":"","meta":[],"product_brand":[],"product_cat":[35,23,108,28,34],"product_tag":[973],"woo-feed-brand":[],"class_list":{"0":"post-48096","1":"product","2":"type-product","3":"status-publish","4":"has-post-thumbnail","6":"product_cat-gartendeko","7":"product_cat-home-living","8":"product_cat-lichterketten-laternen","9":"product_cat-kerzen-lichter","10":"product_cat-garten-balkon","11":"product_tag-samen-mauser","13":"first","14":"instock","15":"taxable","16":"shipping-taxable","17":"purchasable","18":"product-type-simple"},"_links":{"self":[{"href":"https:\/\/www.fleurop-home.ch\/fr-ch\/wp-json\/wp\/v2\/product\/48096","targetHints":{"allow":["GET"]}}],"collection":[{"href":"https:\/\/www.fleurop-home.ch\/fr-ch\/wp-json\/wp\/v2\/product"}],"about":[{"href":"https:\/\/www.fleurop-home.ch\/fr-ch\/wp-json\/wp\/v2\/types\/product"}],"wp:featuredmedia":[{"embeddable":true,"href":"https:\/\/www.fleurop-home.ch\/fr-ch\/wp-json\/wp\/v2\/media\/48479"}],"wp:attachment":[{"href":"https:\/\/www.fleurop-home.ch\/fr-ch\/wp-json\/wp\/v2\/media?parent=48096"}],"wp:term":[{"taxonomy":"product_brand","embeddable":true,"href":"https:\/\/www.fleurop-home.ch\/fr-ch\/wp-json\/wp\/v2\/product_brand?post=48096"},{"taxonomy":"product_cat","embeddable":true,"href":"https:\/\/www.fleurop-home.ch\/fr-ch\/wp-json\/wp\/v2\/product_cat?post=48096"},{"taxonomy":"product_tag","embeddable":true,"href":"https:\/\/www.fleurop-home.ch\/fr-ch\/wp-json\/wp\/v2\/product_tag?post=48096"},{"taxonomy":"woo-feed-brand","embeddable":true,"href":"https:\/\/www.fleurop-home.ch\/fr-ch\/wp-json\/wp\/v2\/woo-feed-brand?post=48096"}],"curies":[{"name":"wp","href":"https:\/\/api.w.org\/{rel}","templated":true}]}}