{"id":48094,"date":"2025-07-01T16:26:24","date_gmt":"2025-07-01T14:26:24","guid":{"rendered":"https:\/\/www.fleurop-home.ch\/de-ch\/p\/ultra-365-solar-spotlight"},"modified":"2025-08-05T10:51:38","modified_gmt":"2025-08-05T08:51:38","slug":"ultra-365-spotlight-solaire","status":"publish","type":"product","link":"https:\/\/www.fleurop-home.ch\/fr-ch\/p\/ultra-365-solar-spotlight","title":{"rendered":"Ultra 365 Spotlight solaire"},"content":{"rendered":"<p>D\u00e9couvre l'Ultra 365 Solar Spotlight - avec une luminosit\u00e9 automatiquement ajust\u00e9e, en fonction de la lumi\u00e8re re\u00e7ue pendant la journ\u00e9e. Gr\u00e2ce \u00e0 cette technologie innovante, la lampe reste op\u00e9rationnelle toute l'ann\u00e9e, m\u00eame en hiver.<\/p>\n<p><strong>Taille 33 x 8 x 12 cm<\/strong><\/p>","protected":false},"excerpt":{"rendered":"<p>D\u00e9couvre l'Ultra 365 Solar Spotlight - avec une luminosit\u00e9 automatiquement ajust\u00e9e, en fonction de la lumi\u00e8re re\u00e7ue pendant la journ\u00e9e.<\/p>","protected":false},"featured_media":58648,"template":"","meta":[],"product_brand":[],"product_cat":[34,35],"product_tag":[973],"woo-feed-brand":[],"class_list":{"0":"post-48094","1":"product","2":"type-product","3":"status-publish","4":"has-post-thumbnail","6":"product_cat-garten-balkon","7":"product_cat-gartendeko","8":"product_tag-samen-mauser","10":"first","11":"instock","12":"taxable","13":"shipping-taxable","14":"purchasable","15":"product-type-simple"},"_links":{"self":[{"href":"https:\/\/www.fleurop-home.ch\/fr-ch\/wp-json\/wp\/v2\/product\/48094","targetHints":{"allow":["GET"]}}],"collection":[{"href":"https:\/\/www.fleurop-home.ch\/fr-ch\/wp-json\/wp\/v2\/product"}],"about":[{"href":"https:\/\/www.fleurop-home.ch\/fr-ch\/wp-json\/wp\/v2\/types\/product"}],"wp:featuredmedia":[{"embeddable":true,"href":"https:\/\/www.fleurop-home.ch\/fr-ch\/wp-json\/wp\/v2\/media\/58648"}],"wp:attachment":[{"href":"https:\/\/www.fleurop-home.ch\/fr-ch\/wp-json\/wp\/v2\/media?parent=48094"}],"wp:term":[{"taxonomy":"product_brand","embeddable":true,"href":"https:\/\/www.fleurop-home.ch\/fr-ch\/wp-json\/wp\/v2\/product_brand?post=48094"},{"taxonomy":"product_cat","embeddable":true,"href":"https:\/\/www.fleurop-home.ch\/fr-ch\/wp-json\/wp\/v2\/product_cat?post=48094"},{"taxonomy":"product_tag","embeddable":true,"href":"https:\/\/www.fleurop-home.ch\/fr-ch\/wp-json\/wp\/v2\/product_tag?post=48094"},{"taxonomy":"woo-feed-brand","embeddable":true,"href":"https:\/\/www.fleurop-home.ch\/fr-ch\/wp-json\/wp\/v2\/woo-feed-brand?post=48094"}],"curies":[{"name":"wp","href":"https:\/\/api.w.org\/{rel}","templated":true}]}}