{"id":48078,"date":"2024-12-09T10:41:46","date_gmt":"2024-12-09T09:41:46","guid":{"rendered":"https:\/\/www.fleurop-home.ch\/de-ch\/p\/lichterkette-anglia-365-4-7-m"},"modified":"2025-05-14T11:31:54","modified_gmt":"2025-05-14T09:31:54","slug":"guirlande-lumineuse-anglia-365-4-7-m","status":"publish","type":"product","link":"https:\/\/www.fleurop-home.ch\/fr-ch\/p\/lichterkette-anglia-365-4-7-m","title":{"rendered":"Guirlande lumineuse Anglia 365, 4.7 m"},"content":{"rendered":"<p>Guirlande lumineuse avec cage en plastique et effet de filament. Ajuste automatiquement la luminosit\u00e9 en fonction de la lumi\u00e8re du jour. Parfait pour les repas en plein air et les f\u00eates. Fournit de la lumi\u00e8re toute l'ann\u00e9e.\n4,7 m de long<\/p>\n<p><strong>4.7 m de long<\/strong><\/p>","protected":false},"excerpt":{"rendered":"<p>Parfait pour les repas en plein air et les f\u00eates.<\/p>","protected":false},"featured_media":48077,"template":"","meta":[],"product_brand":[],"product_cat":[35,34],"product_tag":[973],"woo-feed-brand":[],"class_list":{"0":"post-48078","1":"product","2":"type-product","3":"status-publish","4":"has-post-thumbnail","6":"product_cat-gartendeko","7":"product_cat-garten-balkon","8":"product_tag-samen-mauser","10":"first","11":"instock","12":"taxable","13":"shipping-taxable","14":"purchasable","15":"product-type-simple"},"_links":{"self":[{"href":"https:\/\/www.fleurop-home.ch\/fr-ch\/wp-json\/wp\/v2\/product\/48078","targetHints":{"allow":["GET"]}}],"collection":[{"href":"https:\/\/www.fleurop-home.ch\/fr-ch\/wp-json\/wp\/v2\/product"}],"about":[{"href":"https:\/\/www.fleurop-home.ch\/fr-ch\/wp-json\/wp\/v2\/types\/product"}],"wp:featuredmedia":[{"embeddable":true,"href":"https:\/\/www.fleurop-home.ch\/fr-ch\/wp-json\/wp\/v2\/media\/48077"}],"wp:attachment":[{"href":"https:\/\/www.fleurop-home.ch\/fr-ch\/wp-json\/wp\/v2\/media?parent=48078"}],"wp:term":[{"taxonomy":"product_brand","embeddable":true,"href":"https:\/\/www.fleurop-home.ch\/fr-ch\/wp-json\/wp\/v2\/product_brand?post=48078"},{"taxonomy":"product_cat","embeddable":true,"href":"https:\/\/www.fleurop-home.ch\/fr-ch\/wp-json\/wp\/v2\/product_cat?post=48078"},{"taxonomy":"product_tag","embeddable":true,"href":"https:\/\/www.fleurop-home.ch\/fr-ch\/wp-json\/wp\/v2\/product_tag?post=48078"},{"taxonomy":"woo-feed-brand","embeddable":true,"href":"https:\/\/www.fleurop-home.ch\/fr-ch\/wp-json\/wp\/v2\/woo-feed-brand?post=48078"}],"curies":[{"name":"wp","href":"https:\/\/api.w.org\/{rel}","templated":true}]}}