{"id":48066,"date":"2024-12-09T10:41:48","date_gmt":"2024-12-09T09:41:48","guid":{"rendered":"https:\/\/www.fleurop-home.ch\/de-ch\/p\/fussmatte-welcome"},"modified":"2025-06-23T08:38:39","modified_gmt":"2025-06-23T06:38:39","slug":"tapis-de-sol-welcome","status":"publish","type":"product","link":"https:\/\/www.fleurop-home.ch\/fr-ch\/p\/fussmatte-welcome","title":{"rendered":"Tapis de sol Welcome"},"content":{"rendered":"<p>Le paillasson avec une surface r\u00e9sistante en fibre de coco naturelle \u00e9limine la boue et la salet\u00e9 des chaussures. Le dessous en PVC antid\u00e9rapant assure la stabilit\u00e9. Le tapis est facile \u00e0 nettoyer - il suffit de le brosser apr\u00e8s le s\u00e9chage. Il convient aussi bien \u00e0 l'int\u00e9rieur qu'\u00e0 l'ext\u00e9rieur et offre un moyen efficace de minimiser la salet\u00e9 avant d'entrer dans la maison.<\/p>","protected":false},"excerpt":{"rendered":"<p>Le paillasson avec une surface r\u00e9sistante en fibre de coco naturelle \u00e9limine la boue et la salet\u00e9 des chaussures.<\/p>","protected":false},"featured_media":48501,"template":"","meta":[],"product_brand":[],"product_cat":[31,23],"product_tag":[973],"woo-feed-brand":[],"class_list":{"0":"post-48066","1":"product","2":"type-product","3":"status-publish","4":"has-post-thumbnail","6":"product_cat-heimtextilien","7":"product_cat-home-living","8":"product_tag-samen-mauser","10":"first","11":"instock","12":"taxable","13":"shipping-taxable","14":"purchasable","15":"product-type-simple"},"_links":{"self":[{"href":"https:\/\/www.fleurop-home.ch\/fr-ch\/wp-json\/wp\/v2\/product\/48066","targetHints":{"allow":["GET"]}}],"collection":[{"href":"https:\/\/www.fleurop-home.ch\/fr-ch\/wp-json\/wp\/v2\/product"}],"about":[{"href":"https:\/\/www.fleurop-home.ch\/fr-ch\/wp-json\/wp\/v2\/types\/product"}],"wp:featuredmedia":[{"embeddable":true,"href":"https:\/\/www.fleurop-home.ch\/fr-ch\/wp-json\/wp\/v2\/media\/48501"}],"wp:attachment":[{"href":"https:\/\/www.fleurop-home.ch\/fr-ch\/wp-json\/wp\/v2\/media?parent=48066"}],"wp:term":[{"taxonomy":"product_brand","embeddable":true,"href":"https:\/\/www.fleurop-home.ch\/fr-ch\/wp-json\/wp\/v2\/product_brand?post=48066"},{"taxonomy":"product_cat","embeddable":true,"href":"https:\/\/www.fleurop-home.ch\/fr-ch\/wp-json\/wp\/v2\/product_cat?post=48066"},{"taxonomy":"product_tag","embeddable":true,"href":"https:\/\/www.fleurop-home.ch\/fr-ch\/wp-json\/wp\/v2\/product_tag?post=48066"},{"taxonomy":"woo-feed-brand","embeddable":true,"href":"https:\/\/www.fleurop-home.ch\/fr-ch\/wp-json\/wp\/v2\/woo-feed-brand?post=48066"}],"curies":[{"name":"wp","href":"https:\/\/api.w.org\/{rel}","templated":true}]}}