{"id":47205,"date":"2024-11-10T21:22:23","date_gmt":"2024-11-10T20:22:23","guid":{"rendered":"https:\/\/www.fleurop-home.ch\/de-ch\/p\/kinder-regenschirm-farbveraendernd-chamaeleon"},"modified":"2026-04-22T09:54:28","modified_gmt":"2026-04-22T07:54:28","slug":"parapluie-enfant-changeant-de-couleur-chamaeleon","status":"publish","type":"product","link":"https:\/\/www.fleurop-home.ch\/fr-ch\/p\/kinder-regenschirm-farbveraendernd-chamaeleon","title":{"rendered":"Parapluie enfant changeant de couleur \u201aCam\u00e9l\u00e9on\u2018"},"content":{"rendered":"<p>Cr\u00e9e un peu de magie sous la pluie avec ce parapluie aux couleurs changeantes.<\/p>\n<p>Parapluie qui change de couleur :<br \/>\nSp\u00e9cialement con\u00e7u pour les enfants avec une petite poign\u00e9e pour les petites mains.<\/p>\n<p>- change de couleur sous la pluie<br \/>\n- Design amusant de cam\u00e9l\u00e9on<br \/>\n- sp\u00e9cialement adapt\u00e9 aux mains des enfants<\/p>\n<p>Dimensions du produit en cm : L 87 x P 87 x H 69.1<br \/>\nMat\u00e9riaux : POE, PP, PE, acier, fibre de verre<br \/>\nPoids brut : 0,276 kg<br \/>\nPoids net : 0.247 kg<\/p>","protected":false},"excerpt":{"rendered":"<p>Cr\u00e9e un peu de magie sous la pluie avec ce parapluie aux couleurs changeantes.<\/p>","protected":false},"featured_media":47204,"template":"","meta":[],"product_brand":[],"product_cat":[62,1263,1270,34,1122,59],"product_tag":[289],"woo-feed-brand":[],"class_list":{"0":"post-47205","1":"product","2":"type-product","3":"status-publish","4":"has-post-thumbnail","6":"product_cat-spielzeug","7":"product_cat-fleuropkids","8":"product_cat-kleidung-alltag","9":"product_cat-garten-balkon","10":"product_cat-kids-im-gruenen","11":"product_cat-kids","12":"product_tag-blumengarten-kung-ag","14":"first","15":"instock","16":"taxable","17":"shipping-taxable","18":"purchasable","19":"product-type-simple"},"_links":{"self":[{"href":"https:\/\/www.fleurop-home.ch\/fr-ch\/wp-json\/wp\/v2\/product\/47205","targetHints":{"allow":["GET"]}}],"collection":[{"href":"https:\/\/www.fleurop-home.ch\/fr-ch\/wp-json\/wp\/v2\/product"}],"about":[{"href":"https:\/\/www.fleurop-home.ch\/fr-ch\/wp-json\/wp\/v2\/types\/product"}],"wp:featuredmedia":[{"embeddable":true,"href":"https:\/\/www.fleurop-home.ch\/fr-ch\/wp-json\/wp\/v2\/media\/47204"}],"wp:attachment":[{"href":"https:\/\/www.fleurop-home.ch\/fr-ch\/wp-json\/wp\/v2\/media?parent=47205"}],"wp:term":[{"taxonomy":"product_brand","embeddable":true,"href":"https:\/\/www.fleurop-home.ch\/fr-ch\/wp-json\/wp\/v2\/product_brand?post=47205"},{"taxonomy":"product_cat","embeddable":true,"href":"https:\/\/www.fleurop-home.ch\/fr-ch\/wp-json\/wp\/v2\/product_cat?post=47205"},{"taxonomy":"product_tag","embeddable":true,"href":"https:\/\/www.fleurop-home.ch\/fr-ch\/wp-json\/wp\/v2\/product_tag?post=47205"},{"taxonomy":"woo-feed-brand","embeddable":true,"href":"https:\/\/www.fleurop-home.ch\/fr-ch\/wp-json\/wp\/v2\/woo-feed-brand?post=47205"}],"curies":[{"name":"wp","href":"https:\/\/api.w.org\/{rel}","templated":true}]}}