{"id":46830,"date":"2024-11-11T15:29:00","date_gmt":"2024-11-11T14:29:00","guid":{"rendered":"https:\/\/www.fleurop-home.ch\/de-ch\/?post_type=product&#038;p=46830"},"modified":"2026-02-13T08:29:41","modified_gmt":"2026-02-13T07:29:41","slug":"cartes-de-voeux-peintes-a-la-main-lot-de-3-noel","status":"publish","type":"product","link":"https:\/\/www.fleurop-home.ch\/fr-ch\/p\/handgemalte-grusskarten-3er-set-weihnachten","title":{"rendered":"Cartes de v\u0153ux peintes \u00e0 la main -3 s\u00e9ries de No\u00ebl"},"content":{"rendered":"<p>Cartes d\u00e9pliantes peintes par tes soins au format A6 avec un encart et une enveloppe.<\/p>\n<p>100% Papier recycl\u00e9 290g\/m\u00b2, imprim\u00e9 de mani\u00e8re syst\u00e9matiquement \u00e9cologique dans une entreprise familiale bernoise.<\/p>\n<p>Enveloppe au format C6, muscade 100% Papier recycl\u00e9 100 g\/m<\/p>","protected":false},"excerpt":{"rendered":"<p>3 cartes pliables avec enveloppe et feuille intercalaire, pendentif inclus<\/p>","protected":false},"featured_media":74493,"template":"","meta":[],"product_brand":[],"product_cat":[58,909,916,52],"product_tag":[955],"woo-feed-brand":[],"class_list":{"0":"post-46830","1":"product","2":"type-product","3":"status-publish","4":"has-post-thumbnail","6":"product_cat-grusskarten","7":"product_cat-weihnachten","8":"product_cat-praesente","9":"product_cat-geschenke","10":"product_tag-atelier-sasu","12":"first","13":"instock","14":"featured","15":"taxable","16":"shipping-taxable","17":"purchasable","18":"product-type-simple"},"_links":{"self":[{"href":"https:\/\/www.fleurop-home.ch\/fr-ch\/wp-json\/wp\/v2\/product\/46830","targetHints":{"allow":["GET"]}}],"collection":[{"href":"https:\/\/www.fleurop-home.ch\/fr-ch\/wp-json\/wp\/v2\/product"}],"about":[{"href":"https:\/\/www.fleurop-home.ch\/fr-ch\/wp-json\/wp\/v2\/types\/product"}],"wp:featuredmedia":[{"embeddable":true,"href":"https:\/\/www.fleurop-home.ch\/fr-ch\/wp-json\/wp\/v2\/media\/74493"}],"wp:attachment":[{"href":"https:\/\/www.fleurop-home.ch\/fr-ch\/wp-json\/wp\/v2\/media?parent=46830"}],"wp:term":[{"taxonomy":"product_brand","embeddable":true,"href":"https:\/\/www.fleurop-home.ch\/fr-ch\/wp-json\/wp\/v2\/product_brand?post=46830"},{"taxonomy":"product_cat","embeddable":true,"href":"https:\/\/www.fleurop-home.ch\/fr-ch\/wp-json\/wp\/v2\/product_cat?post=46830"},{"taxonomy":"product_tag","embeddable":true,"href":"https:\/\/www.fleurop-home.ch\/fr-ch\/wp-json\/wp\/v2\/product_tag?post=46830"},{"taxonomy":"woo-feed-brand","embeddable":true,"href":"https:\/\/www.fleurop-home.ch\/fr-ch\/wp-json\/wp\/v2\/woo-feed-brand?post=46830"}],"curies":[{"name":"wp","href":"https:\/\/api.w.org\/{rel}","templated":true}]}}