{"id":46104,"date":"2024-10-23T14:22:38","date_gmt":"2024-10-23T12:22:38","guid":{"rendered":"https:\/\/www.fleurop-home.ch\/de-ch\/?post_type=product&#038;p=46104"},"modified":"2026-02-05T13:43:56","modified_gmt":"2026-02-05T12:43:56","slug":"mielsolo-honeysoap","status":"publish","type":"product","link":"https:\/\/www.fleurop-home.ch\/fr-ch\/p\/honigsolo-honeysoap","title":{"rendered":"Solo de miel \"Honey &amp; Soap"},"content":{"rendered":"<p>Notre solo au miel \"Honey &amp; Soap\" contient, en plus du miel de ton choix, un savon au miel fabriqu\u00e9 \u00e0 la main \u00e0 Arbon et emball\u00e9 dans un tissu en cire d'abeille. Le set est emball\u00e9 dans notre bo\u00eete en bois Bee-Family.<\/p>\n<p><strong>Miel de tournesol<\/strong><br \/>\nNotre miel de tournesol provient des immenses zones de champs de tournesols \u00e9loign\u00e9s de l'industrie en Europe de l'Est. Avec sa couleur jaune soleil, ce miel met du soleil sur ta table. Il est \u00e9quilibr\u00e9, aromatique avec un arri\u00e8re-go\u00fbt fruit\u00e9 et pla\u00eet aux grands comme aux petits.<\/p>\n<p><strong>Savon au miel<\/strong><br \/>\nSavon au miel compos\u00e9 d'ingr\u00e9dients naturels 100%, sans parfums suppl\u00e9mentaires. \u00c0 utiliser principalement comme savon pour les mains et la douche. Avec 5% de regraissage pour la peau. Go\u00fbt neutre sans ajout de parfum.<br \/>\nIngr\u00e9dients : huile d'olive, huile de coco, huile d'avocat, cire d'abeille, eau, NaOH, miel d'abeille<br \/>\nImportant : apr\u00e8s avoir \u00e9t\u00e9 utilis\u00e9, le savon doit pouvoir s\u00e9cher. Le mieux est de le conserver dans un porte-savon avec un \u00e9coulement d'eau.<br \/>\nFabriqu\u00e9 en Suisse.<\/p>\n<p><strong>Linge en cire d'abeille<\/strong><br \/>\nTissu en coton imbib\u00e9 de cire d'abeille provenant de notre propre circuit de cire d'abeille.<br \/>\nUtilisation :<br \/>\nLes lingettes en cire d'abeille sont une alternative \u00e9cologique au plastique et au papier aluminium et peuvent \u00eatre utilis\u00e9es de diff\u00e9rentes mani\u00e8res.<br \/>\nEnvelopper les aliments : Envelopper les fruits, les l\u00e9gumes, le pain, le fromage, les snacks comme les noix et les sandwichs dans des tissus en cire d'abeille pour les garder frais. La chaleur des mains rend le tissu souple et mall\u00e9able, de sorte qu'il adh\u00e8re bien.<br \/>\nCouvre les bols : Les tissus en cire d'abeille sont parfaits pour recouvrir les bols et les assiettes. Il suffit de placer le tissu sur le bol et d'appuyer avec les mains.<br \/>\nLa cong\u00e9lation : Les lingettes en cire d'abeille peuvent \u00e9galement \u00eatre utilis\u00e9es pour congeler des aliments. Veille \u00e0 ce que les aliments soient secs avant de les envelopper.<br \/>\nR\u00e9utilisables et faciles \u00e0 entretenir : apr\u00e8s utilisation, les lingettes peuvent \u00eatre facilement nettoy\u00e9es \u00e0 l'eau froide et au liquide vaisselle doux, puis s\u00e9ch\u00e9es \u00e0 l'air libre.<br \/>\nFabriqu\u00e9 en Suisse.<\/p>\n<p><strong>Factbox<\/strong><br \/>\nEmballage : bo\u00eete en bois de bouleau (L x l x h : 24.3 cm x 11.3 cm x 8.1 cm)<br \/>\nTaille du bocal : 1 x 350g<br \/>\nType de miel : miel de tournesol<br \/>\nSavon : Savon au miel avec cire d'abeille (90g)<\/p>\n<p><strong>Informations nutritionnelles :<\/strong><strong><br \/>\n<\/strong><a href=\"https:\/\/bee-family.com\/wp-content\/uploads\/2022\/09\/Naehrwertangaben.pdf\" target=\"_blank\" rel=\"noopener\">Informations nutritionnelles Bee-Family<\/a><\/p>\n<p><strong>Conseils pour les personnes allergiques :<br \/>\n<\/strong>Le miel n'est pas adapt\u00e9 \u00e0 la consommation par les enfants de moins de 12 mois !<\/p>","protected":false},"excerpt":{"rendered":"<p>Solo de miel \"Honey &amp; Soap<\/p>","protected":false},"featured_media":46105,"template":"","meta":[],"product_brand":[],"product_cat":[101,1023,1003,1091,797,999,1088,42,885,52,1225,53],"product_tag":[291],"woo-feed-brand":[],"class_list":{"0":"post-46104","1":"product","2":"type-product","3":"status-publish","4":"has-post-thumbnail","6":"product_cat-honig","7":"product_cat-fuer-mama","8":"product_cat-fuer-sie","9":"product_cat-hobbykoch","10":"product_cat-muttertag","11":"product_cat-valentinstag","12":"product_cat-vatertag","13":"product_cat-kueche","14":"product_cat-koestlichkeiten","15":"product_cat-geschenke","16":"product_cat-genuss","17":"product_cat-geschenksets","18":"product_tag-bee-family-ag","20":"first","21":"instock","22":"taxable","23":"shipping-taxable","24":"purchasable","25":"product-type-simple"},"_links":{"self":[{"href":"https:\/\/www.fleurop-home.ch\/fr-ch\/wp-json\/wp\/v2\/product\/46104","targetHints":{"allow":["GET"]}}],"collection":[{"href":"https:\/\/www.fleurop-home.ch\/fr-ch\/wp-json\/wp\/v2\/product"}],"about":[{"href":"https:\/\/www.fleurop-home.ch\/fr-ch\/wp-json\/wp\/v2\/types\/product"}],"wp:featuredmedia":[{"embeddable":true,"href":"https:\/\/www.fleurop-home.ch\/fr-ch\/wp-json\/wp\/v2\/media\/46105"}],"wp:attachment":[{"href":"https:\/\/www.fleurop-home.ch\/fr-ch\/wp-json\/wp\/v2\/media?parent=46104"}],"wp:term":[{"taxonomy":"product_brand","embeddable":true,"href":"https:\/\/www.fleurop-home.ch\/fr-ch\/wp-json\/wp\/v2\/product_brand?post=46104"},{"taxonomy":"product_cat","embeddable":true,"href":"https:\/\/www.fleurop-home.ch\/fr-ch\/wp-json\/wp\/v2\/product_cat?post=46104"},{"taxonomy":"product_tag","embeddable":true,"href":"https:\/\/www.fleurop-home.ch\/fr-ch\/wp-json\/wp\/v2\/product_tag?post=46104"},{"taxonomy":"woo-feed-brand","embeddable":true,"href":"https:\/\/www.fleurop-home.ch\/fr-ch\/wp-json\/wp\/v2\/woo-feed-brand?post=46104"}],"curies":[{"name":"wp","href":"https:\/\/api.w.org\/{rel}","templated":true}]}}