{"id":46050,"date":"2024-10-21T10:53:19","date_gmt":"2024-10-21T08:53:19","guid":{"rendered":"https:\/\/www.fleurop-home.ch\/de-ch\/p\/chanoyu-filterbeutel"},"modified":"2025-11-04T16:06:12","modified_gmt":"2025-11-04T15:06:12","slug":"sacs-a-filtre-chanoyu","status":"publish","type":"product","link":"https:\/\/www.fleurop-home.ch\/fr-ch\/p\/chanoyu-filterbeutel","title":{"rendered":"SACS \u00c0 FILTRE CHANOYU"},"content":{"rendered":"<p>Nos filtres d\u00e9velopp\u00e9s par Chanoyu sont compos\u00e9s de 100 fibres biologiques biod\u00e9gradables % qui ne sont pas blanchies au chlore, de sorte que le sachet n'a aucune influence sur le go\u00fbt de ton th\u00e9 Chanoyu. Ces filtres peuvent \u00eatre ferm\u00e9s en tirant sur la languette sur le c\u00f4t\u00e9, de sorte que ton th\u00e9 reste dans le sachet.<\/p>","protected":false},"excerpt":{"rendered":"<p>SACS \u00c0 FILTRE CHANOYU<\/p>","protected":false},"featured_media":46049,"template":"","meta":[],"product_brand":[],"product_cat":[956,42,885],"product_tag":[948],"woo-feed-brand":[],"class_list":{"0":"post-46050","1":"product","2":"type-product","3":"status-publish","4":"has-post-thumbnail","6":"product_cat-tee","7":"product_cat-kueche","8":"product_cat-koestlichkeiten","9":"product_tag-chanoyu-tea","11":"first","12":"instock","13":"taxable","14":"shipping-taxable","15":"purchasable","16":"product-type-simple"},"_links":{"self":[{"href":"https:\/\/www.fleurop-home.ch\/fr-ch\/wp-json\/wp\/v2\/product\/46050","targetHints":{"allow":["GET"]}}],"collection":[{"href":"https:\/\/www.fleurop-home.ch\/fr-ch\/wp-json\/wp\/v2\/product"}],"about":[{"href":"https:\/\/www.fleurop-home.ch\/fr-ch\/wp-json\/wp\/v2\/types\/product"}],"wp:featuredmedia":[{"embeddable":true,"href":"https:\/\/www.fleurop-home.ch\/fr-ch\/wp-json\/wp\/v2\/media\/46049"}],"wp:attachment":[{"href":"https:\/\/www.fleurop-home.ch\/fr-ch\/wp-json\/wp\/v2\/media?parent=46050"}],"wp:term":[{"taxonomy":"product_brand","embeddable":true,"href":"https:\/\/www.fleurop-home.ch\/fr-ch\/wp-json\/wp\/v2\/product_brand?post=46050"},{"taxonomy":"product_cat","embeddable":true,"href":"https:\/\/www.fleurop-home.ch\/fr-ch\/wp-json\/wp\/v2\/product_cat?post=46050"},{"taxonomy":"product_tag","embeddable":true,"href":"https:\/\/www.fleurop-home.ch\/fr-ch\/wp-json\/wp\/v2\/product_tag?post=46050"},{"taxonomy":"woo-feed-brand","embeddable":true,"href":"https:\/\/www.fleurop-home.ch\/fr-ch\/wp-json\/wp\/v2\/woo-feed-brand?post=46050"}],"curies":[{"name":"wp","href":"https:\/\/api.w.org\/{rel}","templated":true}]}}