{"id":46021,"date":"2024-10-21T10:50:37","date_gmt":"2024-10-21T08:50:37","guid":{"rendered":"https:\/\/www.fleurop-home.ch\/de-ch\/p\/chanoyu-merry-moments"},"modified":"2026-02-05T13:35:40","modified_gmt":"2026-02-05T12:35:40","slug":"chanoyu-merry-moments","status":"publish","type":"product","link":"https:\/\/www.fleurop-home.ch\/fr-ch\/p\/chanoyu-merry-moments","title":{"rendered":"CHANOYU MERRY MOMENTS"},"content":{"rendered":"<p>Cette magnifique bo\u00eete cadeau \" Merry Moments Tea Gift Box \" contient une s\u00e9lection de trois th\u00e9s pour des f\u00eates inoubliables. D\u00e9couvre cette compilation qui contient Holy Night (rooibos), Winter Wonderland (th\u00e9 vert) et Cinnamon Frost (th\u00e9 aux fruits rouges). Une composition de th\u00e9s id\u00e9ale pour se r\u00e9chauffer pendant la saison hivernale et se cr\u00e9er des souvenirs inoubliables.<\/p>","protected":false},"excerpt":{"rendered":"<p>Contient- Holy Night - Winter Wonderland- Cinnamon Fros<\/p>","protected":false},"featured_media":65755,"template":"","meta":[],"product_brand":[],"product_cat":[909,916,42,956,885,52,1225,53],"product_tag":[948],"woo-feed-brand":[],"class_list":{"0":"post-46021","1":"product","2":"type-product","3":"status-publish","4":"has-post-thumbnail","6":"product_cat-weihnachten","7":"product_cat-praesente","8":"product_cat-kueche","9":"product_cat-tee","10":"product_cat-koestlichkeiten","11":"product_cat-geschenke","12":"product_cat-genuss","13":"product_cat-geschenksets","14":"product_tag-chanoyu-tea","16":"first","17":"instock","18":"featured","19":"taxable","20":"shipping-taxable","21":"purchasable","22":"product-type-simple"},"_links":{"self":[{"href":"https:\/\/www.fleurop-home.ch\/fr-ch\/wp-json\/wp\/v2\/product\/46021","targetHints":{"allow":["GET"]}}],"collection":[{"href":"https:\/\/www.fleurop-home.ch\/fr-ch\/wp-json\/wp\/v2\/product"}],"about":[{"href":"https:\/\/www.fleurop-home.ch\/fr-ch\/wp-json\/wp\/v2\/types\/product"}],"wp:featuredmedia":[{"embeddable":true,"href":"https:\/\/www.fleurop-home.ch\/fr-ch\/wp-json\/wp\/v2\/media\/65755"}],"wp:attachment":[{"href":"https:\/\/www.fleurop-home.ch\/fr-ch\/wp-json\/wp\/v2\/media?parent=46021"}],"wp:term":[{"taxonomy":"product_brand","embeddable":true,"href":"https:\/\/www.fleurop-home.ch\/fr-ch\/wp-json\/wp\/v2\/product_brand?post=46021"},{"taxonomy":"product_cat","embeddable":true,"href":"https:\/\/www.fleurop-home.ch\/fr-ch\/wp-json\/wp\/v2\/product_cat?post=46021"},{"taxonomy":"product_tag","embeddable":true,"href":"https:\/\/www.fleurop-home.ch\/fr-ch\/wp-json\/wp\/v2\/product_tag?post=46021"},{"taxonomy":"woo-feed-brand","embeddable":true,"href":"https:\/\/www.fleurop-home.ch\/fr-ch\/wp-json\/wp\/v2\/woo-feed-brand?post=46021"}],"curies":[{"name":"wp","href":"https:\/\/api.w.org\/{rel}","templated":true}]}}