{"id":46018,"date":"2024-10-21T10:50:28","date_gmt":"2024-10-21T08:50:28","guid":{"rendered":"https:\/\/www.fleurop-home.ch\/de-ch\/p\/chanoyu-japan-coffret"},"modified":"2026-02-05T13:35:40","modified_gmt":"2026-02-05T12:35:40","slug":"kit-cadeau-chanoyu-japon","status":"publish","type":"product","link":"https:\/\/www.fleurop-home.ch\/fr-ch\/p\/chanoyu-japan-geschenkset","title":{"rendered":"KIT CADEAU CHANOYU JAPON"},"content":{"rendered":"<p>La bo\u00eete Japon contient 4 th\u00e9s verts qui expriment la diversit\u00e9 des meilleurs terroirs du Japon : Genmaicha japonais, Hojicha, Sencha japonais d'\u00e9t\u00e9 et Kagoshima Gyokuro (grand cru). Cette s\u00e9lection est plac\u00e9e sous le symbole du l\u00e9gendaire arbre Sakura, dont la floraison est c\u00e9l\u00e9br\u00e9e chaque ann\u00e9e au d\u00e9but du printemps, car la bo\u00eete contient un savon naturel (\u00e0 base de glyc\u00e9rine v\u00e9g\u00e9tale, de m\u00fbres et d'extrait de Sakura), fabriqu\u00e9 et emball\u00e9 au Japon pour Chanoyu.<\/p>","protected":false},"excerpt":{"rendered":"<p>Contient- Genmaicha japonais n\u00b023- Hojicha n\u00b043- Sencha japonais d'\u00e9t\u00e9 n\u00b020- Gyokuro Kagoshima n\u00b021- Savon naturel<\/p>","protected":false},"featured_media":46017,"template":"","meta":[],"product_brand":[],"product_cat":[956,1023,797,1020,1018,984,993,909,916,42,885,52,1225,53],"product_tag":[948],"woo-feed-brand":[],"class_list":{"0":"post-46018","1":"product","2":"type-product","3":"status-publish","4":"has-post-thumbnail","6":"product_cat-tee","7":"product_cat-fuer-mama","8":"product_cat-muttertag","9":"product_cat-ostergeschenke","10":"product_cat-ostern","11":"product_cat-silvester","12":"product_cat-silvestergeschenke","13":"product_cat-weihnachten","14":"product_cat-praesente","15":"product_cat-kueche","16":"product_cat-koestlichkeiten","17":"product_cat-geschenke","18":"product_cat-genuss","19":"product_cat-geschenksets","20":"product_tag-chanoyu-tea","22":"first","23":"instock","24":"taxable","25":"shipping-taxable","26":"purchasable","27":"product-type-simple"},"_links":{"self":[{"href":"https:\/\/www.fleurop-home.ch\/fr-ch\/wp-json\/wp\/v2\/product\/46018","targetHints":{"allow":["GET"]}}],"collection":[{"href":"https:\/\/www.fleurop-home.ch\/fr-ch\/wp-json\/wp\/v2\/product"}],"about":[{"href":"https:\/\/www.fleurop-home.ch\/fr-ch\/wp-json\/wp\/v2\/types\/product"}],"wp:featuredmedia":[{"embeddable":true,"href":"https:\/\/www.fleurop-home.ch\/fr-ch\/wp-json\/wp\/v2\/media\/46017"}],"wp:attachment":[{"href":"https:\/\/www.fleurop-home.ch\/fr-ch\/wp-json\/wp\/v2\/media?parent=46018"}],"wp:term":[{"taxonomy":"product_brand","embeddable":true,"href":"https:\/\/www.fleurop-home.ch\/fr-ch\/wp-json\/wp\/v2\/product_brand?post=46018"},{"taxonomy":"product_cat","embeddable":true,"href":"https:\/\/www.fleurop-home.ch\/fr-ch\/wp-json\/wp\/v2\/product_cat?post=46018"},{"taxonomy":"product_tag","embeddable":true,"href":"https:\/\/www.fleurop-home.ch\/fr-ch\/wp-json\/wp\/v2\/product_tag?post=46018"},{"taxonomy":"woo-feed-brand","embeddable":true,"href":"https:\/\/www.fleurop-home.ch\/fr-ch\/wp-json\/wp\/v2\/woo-feed-brand?post=46018"}],"curies":[{"name":"wp","href":"https:\/\/api.w.org\/{rel}","templated":true}]}}