{"id":46013,"date":"2024-10-21T10:50:23","date_gmt":"2024-10-21T08:50:23","guid":{"rendered":"https:\/\/www.fleurop-home.ch\/de-ch\/p\/chanoyu-explore-coffret"},"modified":"2026-02-05T13:35:41","modified_gmt":"2026-02-05T12:35:41","slug":"kit-cadeau-chanoyu-explore","status":"publish","type":"product","link":"https:\/\/www.fleurop-home.ch\/fr-ch\/p\/chanoyu-explore-geschenkset","title":{"rendered":"KIT CADEAU CHANOYU EXPLORE"},"content":{"rendered":"<p>La bo\u00eete Explore offre un voyage olfactif et gustatif \u00e0 travers la diversit\u00e9 et le plaisir du th\u00e9 avec 3 m\u00e9langes originaux : Masala Cha\u00ef (th\u00e9 noir), Daytox Green Orange (th\u00e9 vert) et Wake Up, une infusion d'herbes et de fruits. Ces excellents th\u00e9s aux saveurs contrast\u00e9es sont accompagn\u00e9s de notre \u00e9l\u00e9gant thermos pour que tu puisses emporter ton th\u00e9 pr\u00e9f\u00e9r\u00e9 partout avec toi. Pr\u00e9serve la plan\u00e8te en r\u00e9utilisant ton thermos \u00e0 tout moment de la journ\u00e9e, sans produire de d\u00e9chets.<\/p>","protected":false},"excerpt":{"rendered":"<p>Contient- Masala Cha\u00ef N\u00b040- Daytox Orange verte N\u00b010- Wake Up N\u00b037- Thermos Chanoyu<\/p>","protected":false},"featured_media":46012,"template":"","meta":[],"product_brand":[],"product_cat":[956,1023,797,984,993,909,916,42,885,52,1225,53],"product_tag":[948],"woo-feed-brand":[],"class_list":{"0":"post-46013","1":"product","2":"type-product","3":"status-publish","4":"has-post-thumbnail","6":"product_cat-tee","7":"product_cat-fuer-mama","8":"product_cat-muttertag","9":"product_cat-silvester","10":"product_cat-silvestergeschenke","11":"product_cat-weihnachten","12":"product_cat-praesente","13":"product_cat-kueche","14":"product_cat-koestlichkeiten","15":"product_cat-geschenke","16":"product_cat-genuss","17":"product_cat-geschenksets","18":"product_tag-chanoyu-tea","20":"first","21":"instock","22":"taxable","23":"shipping-taxable","24":"purchasable","25":"product-type-simple"},"_links":{"self":[{"href":"https:\/\/www.fleurop-home.ch\/fr-ch\/wp-json\/wp\/v2\/product\/46013","targetHints":{"allow":["GET"]}}],"collection":[{"href":"https:\/\/www.fleurop-home.ch\/fr-ch\/wp-json\/wp\/v2\/product"}],"about":[{"href":"https:\/\/www.fleurop-home.ch\/fr-ch\/wp-json\/wp\/v2\/types\/product"}],"wp:featuredmedia":[{"embeddable":true,"href":"https:\/\/www.fleurop-home.ch\/fr-ch\/wp-json\/wp\/v2\/media\/46012"}],"wp:attachment":[{"href":"https:\/\/www.fleurop-home.ch\/fr-ch\/wp-json\/wp\/v2\/media?parent=46013"}],"wp:term":[{"taxonomy":"product_brand","embeddable":true,"href":"https:\/\/www.fleurop-home.ch\/fr-ch\/wp-json\/wp\/v2\/product_brand?post=46013"},{"taxonomy":"product_cat","embeddable":true,"href":"https:\/\/www.fleurop-home.ch\/fr-ch\/wp-json\/wp\/v2\/product_cat?post=46013"},{"taxonomy":"product_tag","embeddable":true,"href":"https:\/\/www.fleurop-home.ch\/fr-ch\/wp-json\/wp\/v2\/product_tag?post=46013"},{"taxonomy":"woo-feed-brand","embeddable":true,"href":"https:\/\/www.fleurop-home.ch\/fr-ch\/wp-json\/wp\/v2\/woo-feed-brand?post=46013"}],"curies":[{"name":"wp","href":"https:\/\/api.w.org\/{rel}","templated":true}]}}