{"id":46010,"date":"2024-10-21T10:50:10","date_gmt":"2024-10-21T08:50:10","guid":{"rendered":"https:\/\/www.fleurop-home.ch\/de-ch\/p\/chanoyu-swiss-coffret"},"modified":"2026-02-05T13:35:41","modified_gmt":"2026-02-05T12:35:41","slug":"kit-cadeau-chanoyu-swiss","status":"publish","type":"product","link":"https:\/\/www.fleurop-home.ch\/fr-ch\/p\/chanoyu-swiss-geschenkset","title":{"rendered":"KIT CADEAU CHANOYU SWISS"},"content":{"rendered":"<p>Les quatre infusions de la bo\u00eete suisse offrent un voyage olfactif et gustatif au c\u0153ur des vall\u00e9es et des prairies suisses. Ces m\u00e9langes originaux sont pr\u00e9par\u00e9s avec soin \u00e0 partir de plantes et de fleurs cueillies \u00e0 la main au c\u0153ur du Valais.<\/p>\n<p>Wild White Mountains, Alpine Dream, Peaceful Prairies et My Cosy Chalet : chacune de ces infusions repr\u00e9sente un \u00e9quilibre parfait entre des ar\u00f4mes authentiques et les principes actifs de leurs 100% d'ingr\u00e9dients naturels. Le savoir-faire suisse au service du go\u00fbt et du bien-\u00eatre.<\/p>","protected":false},"excerpt":{"rendered":"<p>Contient- Montagnes blanches sauvages N\u00b047- Prairies paisibles N\u00b049- Mon chalet douillet N\u00b050- R\u00eave alpin N\u00b048<\/p>","protected":false},"featured_media":46009,"template":"","meta":[],"product_brand":[],"product_cat":[956,1002,1023,797,1020,1018,984,993,1208,999,1088,909,1092,916,915,42,885,52,1225,53],"product_tag":[948],"woo-feed-brand":[],"class_list":{"0":"post-46010","1":"product","2":"type-product","3":"status-publish","4":"has-post-thumbnail","6":"product_cat-tee","7":"product_cat-fuer-ihn","8":"product_cat-fuer-mama","9":"product_cat-muttertag","10":"product_cat-ostergeschenke","11":"product_cat-ostern","12":"product_cat-silvester","13":"product_cat-silvestergeschenke","14":"product_cat-ueber-25-chf","15":"product_cat-valentinstag","16":"product_cat-vatertag","17":"product_cat-weihnachten","18":"product_cat-wohlfuehltyp","19":"product_cat-praesente","20":"product_cat-wichteln","21":"product_cat-kueche","22":"product_cat-koestlichkeiten","23":"product_cat-geschenke","24":"product_cat-genuss","25":"product_cat-geschenksets","26":"product_tag-chanoyu-tea","28":"first","29":"instock","30":"taxable","31":"shipping-taxable","32":"purchasable","33":"product-type-simple"},"_links":{"self":[{"href":"https:\/\/www.fleurop-home.ch\/fr-ch\/wp-json\/wp\/v2\/product\/46010","targetHints":{"allow":["GET"]}}],"collection":[{"href":"https:\/\/www.fleurop-home.ch\/fr-ch\/wp-json\/wp\/v2\/product"}],"about":[{"href":"https:\/\/www.fleurop-home.ch\/fr-ch\/wp-json\/wp\/v2\/types\/product"}],"wp:featuredmedia":[{"embeddable":true,"href":"https:\/\/www.fleurop-home.ch\/fr-ch\/wp-json\/wp\/v2\/media\/46009"}],"wp:attachment":[{"href":"https:\/\/www.fleurop-home.ch\/fr-ch\/wp-json\/wp\/v2\/media?parent=46010"}],"wp:term":[{"taxonomy":"product_brand","embeddable":true,"href":"https:\/\/www.fleurop-home.ch\/fr-ch\/wp-json\/wp\/v2\/product_brand?post=46010"},{"taxonomy":"product_cat","embeddable":true,"href":"https:\/\/www.fleurop-home.ch\/fr-ch\/wp-json\/wp\/v2\/product_cat?post=46010"},{"taxonomy":"product_tag","embeddable":true,"href":"https:\/\/www.fleurop-home.ch\/fr-ch\/wp-json\/wp\/v2\/product_tag?post=46010"},{"taxonomy":"woo-feed-brand","embeddable":true,"href":"https:\/\/www.fleurop-home.ch\/fr-ch\/wp-json\/wp\/v2\/woo-feed-brand?post=46010"}],"curies":[{"name":"wp","href":"https:\/\/api.w.org\/{rel}","templated":true}]}}