{"id":4585,"date":"2019-04-02T14:36:24","date_gmt":"2019-04-02T14:36:24","guid":{"rendered":"https:\/\/www.fleurop-home.ch\/?product=sisal-herzen-rot-8x11-cm-12-stk"},"modified":"2026-01-27T13:10:06","modified_gmt":"2026-01-27T12:10:06","slug":"coeurs-en-sisal-rouge-8x11-cm-12-pcs","status":"publish","type":"product","link":"https:\/\/www.fleurop-home.ch\/fr-ch\/p\/sisal-herzen-rot-8x11-cm-12-stk","title":{"rendered":"C\u0153urs en sisal rouge 8\u00d711 cm 12 pcs."},"content":{"rendered":"<p style=\"text-align: left\">Le c\u0153ur repr\u00e9sente l'amour et l'amiti\u00e9. C'est pourquoi les c\u0153urs en sisal sont de petits messagers d'amour qui apportent une touche chaleureuse et affectueuse \u00e0 toute d\u00e9coration.<\/p>","protected":false},"excerpt":{"rendered":"<p>C\u0153urs en sisal rouge 8\u00d711 cm 12 pcs.<\/p>","protected":false},"featured_media":4586,"template":"","meta":[],"product_brand":[],"product_cat":[29,23,1000,1196,999],"product_tag":[282],"woo-feed-brand":[],"class_list":{"0":"post-4585","1":"product","2":"type-product","3":"status-publish","4":"has-post-thumbnail","6":"product_cat-do-it-yourself","7":"product_cat-home-living","8":"product_cat-valentinstagsdeko","9":"product_cat-natur-deko","10":"product_cat-valentinstag","11":"product_tag-fleurop-interflora","13":"first","14":"instock","15":"taxable","16":"shipping-taxable","17":"purchasable","18":"product-type-simple"},"_links":{"self":[{"href":"https:\/\/www.fleurop-home.ch\/fr-ch\/wp-json\/wp\/v2\/product\/4585","targetHints":{"allow":["GET"]}}],"collection":[{"href":"https:\/\/www.fleurop-home.ch\/fr-ch\/wp-json\/wp\/v2\/product"}],"about":[{"href":"https:\/\/www.fleurop-home.ch\/fr-ch\/wp-json\/wp\/v2\/types\/product"}],"wp:featuredmedia":[{"embeddable":true,"href":"https:\/\/www.fleurop-home.ch\/fr-ch\/wp-json\/wp\/v2\/media\/4586"}],"wp:attachment":[{"href":"https:\/\/www.fleurop-home.ch\/fr-ch\/wp-json\/wp\/v2\/media?parent=4585"}],"wp:term":[{"taxonomy":"product_brand","embeddable":true,"href":"https:\/\/www.fleurop-home.ch\/fr-ch\/wp-json\/wp\/v2\/product_brand?post=4585"},{"taxonomy":"product_cat","embeddable":true,"href":"https:\/\/www.fleurop-home.ch\/fr-ch\/wp-json\/wp\/v2\/product_cat?post=4585"},{"taxonomy":"product_tag","embeddable":true,"href":"https:\/\/www.fleurop-home.ch\/fr-ch\/wp-json\/wp\/v2\/product_tag?post=4585"},{"taxonomy":"woo-feed-brand","embeddable":true,"href":"https:\/\/www.fleurop-home.ch\/fr-ch\/wp-json\/wp\/v2\/woo-feed-brand?post=4585"}],"curies":[{"name":"wp","href":"https:\/\/api.w.org\/{rel}","templated":true}]}}