{"id":45606,"date":"2024-10-17T12:53:09","date_gmt":"2024-10-17T10:53:09","guid":{"rendered":"https:\/\/www.fleurop-home.ch\/de-ch\/?post_type=product&#038;p=45606"},"modified":"2025-11-04T14:13:10","modified_gmt":"2025-11-04T13:13:10","slug":"c-derma-by-celine-baume-a-levres","status":"publish","type":"product","link":"https:\/\/www.fleurop-home.ch\/fr-ch\/p\/c-derma-by-celine-lip-balm","title":{"rendered":"C-Derma by C\u00e9line Baume \u00e0 l\u00e8vres"},"content":{"rendered":"<p>Soins 2 en 1<br \/>\nHydratation intense des l\u00e8vres. Rend les l\u00e8vres douces et souples.<br \/>\nPeut pr\u00e9venir et gu\u00e9rir les inflammations et les rougeurs (Herbes)<\/p>\n<p>Utiliser plusieurs fois par jour si n\u00e9cessaire.<\/p>","protected":false},"excerpt":{"rendered":"<p>Baume \u00e0 l\u00e8vres hydratant et nourrissant<\/p>","protected":false},"featured_media":45615,"template":"","meta":[],"product_brand":[],"product_cat":[1176,910,1207,909,915,48],"product_tag":[945],"woo-feed-brand":[],"class_list":{"0":"post-45606","1":"product","2":"type-product","3":"status-publish","4":"has-post-thumbnail","6":"product_cat-wohlbefinden","7":"product_cat-geschenkideen","8":"product_cat-unter-25-chf","9":"product_cat-weihnachten","10":"product_cat-wichteln","11":"product_cat-bad-wellness","12":"product_tag-c-derma-by-celine","14":"first","15":"instock","16":"taxable","17":"shipping-taxable","18":"purchasable","19":"product-type-simple"},"_links":{"self":[{"href":"https:\/\/www.fleurop-home.ch\/fr-ch\/wp-json\/wp\/v2\/product\/45606","targetHints":{"allow":["GET"]}}],"collection":[{"href":"https:\/\/www.fleurop-home.ch\/fr-ch\/wp-json\/wp\/v2\/product"}],"about":[{"href":"https:\/\/www.fleurop-home.ch\/fr-ch\/wp-json\/wp\/v2\/types\/product"}],"wp:featuredmedia":[{"embeddable":true,"href":"https:\/\/www.fleurop-home.ch\/fr-ch\/wp-json\/wp\/v2\/media\/45615"}],"wp:attachment":[{"href":"https:\/\/www.fleurop-home.ch\/fr-ch\/wp-json\/wp\/v2\/media?parent=45606"}],"wp:term":[{"taxonomy":"product_brand","embeddable":true,"href":"https:\/\/www.fleurop-home.ch\/fr-ch\/wp-json\/wp\/v2\/product_brand?post=45606"},{"taxonomy":"product_cat","embeddable":true,"href":"https:\/\/www.fleurop-home.ch\/fr-ch\/wp-json\/wp\/v2\/product_cat?post=45606"},{"taxonomy":"product_tag","embeddable":true,"href":"https:\/\/www.fleurop-home.ch\/fr-ch\/wp-json\/wp\/v2\/product_tag?post=45606"},{"taxonomy":"woo-feed-brand","embeddable":true,"href":"https:\/\/www.fleurop-home.ch\/fr-ch\/wp-json\/wp\/v2\/woo-feed-brand?post=45606"}],"curies":[{"name":"wp","href":"https:\/\/api.w.org\/{rel}","templated":true}]}}