{"id":45278,"date":"2024-10-11T09:23:30","date_gmt":"2024-10-11T07:23:30","guid":{"rendered":"https:\/\/www.fleurop-home.ch\/?post_type=product&#038;p=45278"},"modified":"2025-12-22T12:55:49","modified_gmt":"2025-12-22T11:55:49","slug":"sauce-chimichurri","status":"publish","type":"product","link":"https:\/\/www.fleurop-home.ch\/fr-ch\/p\/chimichurri-sauce","title":{"rendered":"Sauce chimichurri"},"content":{"rendered":"<p><strong>Ingr\u00e9dients :<br \/>\n<\/strong>Huile de tournesol, ail, oignons, basilic, persil, sel de cuisine iod\u00e9, paprika, vinaigre de cidre, poivre, sucre, acidifiant : acide citrique.<\/p>\n<p><strong>Conserver au frais apr\u00e8s ouverture.<\/strong><\/p>\n<p><strong>D\u00e9claration nutritionnelle pour 100g<\/strong><br \/>\n\u00c9nergie : 1492 kJ (362 kcal)<br \/>\nGraisse 34.9g<br \/>\n- dont acides gras satur\u00e9s 3,8g<br \/>\nHydrates de carbone 8.5g<br \/>\n- dont sucre 5.5g<br \/>\nProt\u00e9ines 2.3g<br \/>\nSel 5.5g<\/p>\n<p><strong>Quantit\u00e9 minimale de commande :<br \/>\n<\/strong>3 bocaux de chimichurri de 220 g<\/p>","protected":false},"excerpt":{"rendered":"<p>chimichu.club Chimichurri - Pr\u00e9paration d'herbes et d'\u00e9pices<\/p>\n<p>La sauce chimichurri un peu diff\u00e9rente. \u00c0 tous les amateurs de viande et de barbecue, ce chimichurri a la qualit\u00e9 d'intensifier le go\u00fbt de la viande, du poisson, des l\u00e9gumes, du vin et de bien d'autres choses encore.<\/p>","protected":false},"featured_media":68411,"template":"","meta":[],"product_brand":[],"product_cat":[111,995,1002,984,1207,999,909,915,42,885],"product_tag":[943],"woo-feed-brand":[],"class_list":{"0":"post-45278","1":"product","2":"type-product","3":"status-publish","4":"has-post-thumbnail","6":"product_cat-saucen","7":"product_cat-essen-trinken","8":"product_cat-fuer-ihn","9":"product_cat-silvester","10":"product_cat-unter-25-chf","11":"product_cat-valentinstag","12":"product_cat-weihnachten","13":"product_cat-wichteln","14":"product_cat-kueche","15":"product_cat-koestlichkeiten","16":"product_tag-chimichu-club-by-vengo-gmbh","18":"first","19":"instock","20":"featured","21":"taxable","22":"shipping-taxable","23":"product-type-simple"},"_links":{"self":[{"href":"https:\/\/www.fleurop-home.ch\/fr-ch\/wp-json\/wp\/v2\/product\/45278","targetHints":{"allow":["GET"]}}],"collection":[{"href":"https:\/\/www.fleurop-home.ch\/fr-ch\/wp-json\/wp\/v2\/product"}],"about":[{"href":"https:\/\/www.fleurop-home.ch\/fr-ch\/wp-json\/wp\/v2\/types\/product"}],"wp:featuredmedia":[{"embeddable":true,"href":"https:\/\/www.fleurop-home.ch\/fr-ch\/wp-json\/wp\/v2\/media\/68411"}],"wp:attachment":[{"href":"https:\/\/www.fleurop-home.ch\/fr-ch\/wp-json\/wp\/v2\/media?parent=45278"}],"wp:term":[{"taxonomy":"product_brand","embeddable":true,"href":"https:\/\/www.fleurop-home.ch\/fr-ch\/wp-json\/wp\/v2\/product_brand?post=45278"},{"taxonomy":"product_cat","embeddable":true,"href":"https:\/\/www.fleurop-home.ch\/fr-ch\/wp-json\/wp\/v2\/product_cat?post=45278"},{"taxonomy":"product_tag","embeddable":true,"href":"https:\/\/www.fleurop-home.ch\/fr-ch\/wp-json\/wp\/v2\/product_tag?post=45278"},{"taxonomy":"woo-feed-brand","embeddable":true,"href":"https:\/\/www.fleurop-home.ch\/fr-ch\/wp-json\/wp\/v2\/woo-feed-brand?post=45278"}],"curies":[{"name":"wp","href":"https:\/\/api.w.org\/{rel}","templated":true}]}}