{"id":4483,"date":"2019-01-21T15:09:03","date_gmt":"2019-01-21T15:09:03","guid":{"rendered":"https:\/\/www.fleurop-home.ch\/?product=milchschokolade-von-munz-in-geschenkdose-happy-birthday"},"modified":"2025-05-12T14:17:17","modified_gmt":"2025-05-12T12:17:17","slug":"chocolat-au-lait-de-munz-en-boite-cadeau-happy-birthday","status":"publish","type":"product","link":"https:\/\/www.fleurop-home.ch\/fr-ch\/p\/milchschokolade-von-munz-in-geschenkdose-happy-birthday","title":{"rendered":"Chocolat au lait de Munz dans une bo\u00eete cadeau \"Happy Birthday"},"content":{"rendered":"<p style=\"text-align: left;\">Une tablette de chocolat au lait suisse (100 g) de Munz dans une bo\u00eete cadeau joliment d\u00e9cor\u00e9e.<\/p>\n<table style=\"height: 156px;\" width=\"599\">\n<tbody>\n<tr>\n<td width=\"522\"><strong>Ingr\u00e9dients<\/strong><\/td>\n<\/tr>\n<tr>\n<td>Sucre, lait entier en poudre, beurre de cacao, p\u00e2te de cacao, noisettes, \u00e9mulsifiant (l\u00e9cithine de soja), ar\u00f4me naturel.<\/td>\n<\/tr>\n<tr>\n<td><strong>Informations sur les valeurs nutritives<\/strong><\/td>\n<\/tr>\n<tr>\n<td>Valeur \u00e9nerg\u00e9tique : 2310 kJ \/ 553 kcal, graisse : 34g, dont acides gras satur\u00e9s : 20g, glucides : 52g, dont sucre : 51g, prot\u00e9ines : 8,4, sel : 0,25g d\u00fb au sodium naturellement pr\u00e9sent.<\/td>\n<\/tr>\n<tr>\n<td><strong>Conseils pour les personnes allergiques<\/strong><\/td>\n<\/tr>\n<tr>\n<td>Contient des ingr\u00e9dients : Lait, noisettes, beurre, soja.<br \/>\nPeut contenir des amandes.<\/td>\n<\/tr>\n<tr>\n<td><strong>Pays d'origine<\/strong><\/td>\n<\/tr>\n<tr>\n<td>Suisse<\/td>\n<\/tr>\n<\/tbody>\n<\/table>\n<p style=\"text-align: left;\"><strong>Il s'agit d'un produit \"Fleurop Edition\".<\/strong><\/p>","protected":false},"excerpt":{"rendered":"<p>Chocolat au lait de Munz dans une bo\u00eete cadeau Bo\u00eete cadeau \"Joyeux anniversaire<\/p>","protected":false},"featured_media":4484,"template":"","meta":[],"product_brand":[],"product_cat":[114,42,885,52,54],"product_tag":[282],"woo-feed-brand":[],"class_list":{"0":"post-4483","1":"product","2":"type-product","3":"status-publish","4":"has-post-thumbnail","6":"product_cat-schokolade-sweets","7":"product_cat-kueche","8":"product_cat-koestlichkeiten","9":"product_cat-geschenke","10":"product_cat-feinkost","11":"product_tag-fleurop-interflora","13":"first","14":"instock","15":"taxable","16":"shipping-taxable","17":"purchasable","18":"product-type-simple"},"_links":{"self":[{"href":"https:\/\/www.fleurop-home.ch\/fr-ch\/wp-json\/wp\/v2\/product\/4483","targetHints":{"allow":["GET"]}}],"collection":[{"href":"https:\/\/www.fleurop-home.ch\/fr-ch\/wp-json\/wp\/v2\/product"}],"about":[{"href":"https:\/\/www.fleurop-home.ch\/fr-ch\/wp-json\/wp\/v2\/types\/product"}],"wp:featuredmedia":[{"embeddable":true,"href":"https:\/\/www.fleurop-home.ch\/fr-ch\/wp-json\/wp\/v2\/media\/4484"}],"wp:attachment":[{"href":"https:\/\/www.fleurop-home.ch\/fr-ch\/wp-json\/wp\/v2\/media?parent=4483"}],"wp:term":[{"taxonomy":"product_brand","embeddable":true,"href":"https:\/\/www.fleurop-home.ch\/fr-ch\/wp-json\/wp\/v2\/product_brand?post=4483"},{"taxonomy":"product_cat","embeddable":true,"href":"https:\/\/www.fleurop-home.ch\/fr-ch\/wp-json\/wp\/v2\/product_cat?post=4483"},{"taxonomy":"product_tag","embeddable":true,"href":"https:\/\/www.fleurop-home.ch\/fr-ch\/wp-json\/wp\/v2\/product_tag?post=4483"},{"taxonomy":"woo-feed-brand","embeddable":true,"href":"https:\/\/www.fleurop-home.ch\/fr-ch\/wp-json\/wp\/v2\/woo-feed-brand?post=4483"}],"curies":[{"name":"wp","href":"https:\/\/api.w.org\/{rel}","templated":true}]}}