{"id":4433,"date":"2018-12-12T07:40:49","date_gmt":"2018-12-12T07:40:49","guid":{"rendered":"https:\/\/www.fleurop-home.ch\/?product=gottlieber-geschenk-set-mit-gruntee-fruchtetee-und-weissem-tee"},"modified":"2026-02-05T14:31:13","modified_gmt":"2026-02-05T13:31:13","slug":"coffret-cadeau-gottlieber-avec-the-vert-aux-fruits-et-the-blanc","status":"publish","type":"product","link":"https:\/\/www.fleurop-home.ch\/fr-ch\/p\/gottlieber-geschenk-set-mit-gruntee-fruchtetee-und-weissem-tee","title":{"rendered":"Coffret cadeau Gottlieber avec du th\u00e9 vert, du th\u00e9 aux fruits et du th\u00e9 blanc"},"content":{"rendered":"<p style=\"text-align: left;\">Le set contient du th\u00e9 vert Gunpowder de haute qualit\u00e9, du th\u00e9 blanc l\u00e9g\u00e8rement \u00e9pic\u00e9 et du th\u00e9 aux fruits rafra\u00eechissant. Il enthousiasme par sa qualit\u00e9 sup\u00e9rieure, ses bo\u00eetes \u00e0 th\u00e9 d'inspiration orientale et son \u0153uf \u00e0 th\u00e9 pratique.<\/p>\n<p>Avec ses feuilles roul\u00e9es, le th\u00e9 vert Gunpowder, originaire de Chine, d\u00e9veloppe un ar\u00f4me puissant au caract\u00e8re vivant. Le th\u00e9 blanc, qui fait partie des vari\u00e9t\u00e9s de th\u00e9 les plus pr\u00e9cieuses au monde, est quant \u00e0 lui aromatis\u00e9 avec des perles de poivre rouge et a donc un go\u00fbt l\u00e9g\u00e8rement piquant. Et le m\u00e9lange de th\u00e9 aux fruits compos\u00e9 de morceaux de pomme, d'hibiscus, d'\u00e9corces d'orange, de cynorrhodons, de fleurs de tournesol, de morceaux de p\u00eache et de vanille est tout simplement une exp\u00e9rience gustative unique. Un cadeau de premi\u00e8re classe, disponible sous cette forme uniquement chez nous. Des moments de pur bien-\u00eatre sont garantis.<\/p>\n<p>Contenu :<\/p>\n<p style=\"text-align: left;\">1 infusion de fruits \"Evolution de fruits\", 40g<br \/>\n1 th\u00e9 blanc \"Bien-\u00eatre et bien-\u00eatre\", 20g<br \/>\n1 th\u00e9 vert Gunpowder \"Le ch\u00e9ri de Bouddha\", 35g<br \/>\n1 oeuf \u00e0 th\u00e9 pratique, \u00d8 3,5 cm<\/p>\n<table width=\"650\">\n<tbody>\n<tr>\n<td style=\"text-align: left;\" width=\"650\"><strong>Ingr\u00e9dients<\/strong><\/td>\n<\/tr>\n<tr>\n<td style=\"text-align: left;\"><strong>Th\u00e9 aux fruits :<\/strong> Morceaux de pomme, hibiscus, \u00e9corce d'orange, cynorrhodon, ar\u00f4mes, morceaux de p\u00eache, p\u00e9tales de tournesol, morceaux de vanille.<br \/>\n<strong>Th\u00e9 blanc :<\/strong> Th\u00e9 blanc, poivre rouge, feuilles de carthame, ar\u00f4mes.<br \/>\n<strong>Th\u00e9 vert :<\/strong> Th\u00e9 vert (Chine).<\/td>\n<\/tr>\n<tr>\n<td style=\"text-align: left;\"><strong>Conseils pour les personnes allergiques<\/strong><\/td>\n<\/tr>\n<tr>\n<td style=\"text-align: left;\">Les 3 vari\u00e9t\u00e9s : peut contenir des graines de soja, du lait et des noix.<\/td>\n<\/tr>\n<tr>\n<td style=\"text-align: left;\"><strong>Pays d'origine<\/strong><\/td>\n<\/tr>\n<tr>\n<td style=\"text-align: left;\">France<\/td>\n<\/tr>\n<\/tbody>\n<\/table>\n<p style=\"text-align: left;\"><strong>Il s'agit d'un produit \"Fleurop Edition\".<\/strong><\/p>\n<p>&nbsp;<\/p>\n<p>Tu trouveras \u00e9galement ce produit dans notre conseil d\u00e9co : <a href=\"https:\/\/www.fleurop-home.ch\/fr-ch\/recettes-rafraichissantes-de-the-glace-gottlieber\/\"><em>Recettes rafra\u00eechissantes de th\u00e9 glac\u00e9 Gottlieber<\/em><\/a><\/p>\n<p><a href=\"https:\/\/www.fleurop-home.ch\/fr-ch\/recettes-rafraichissantes-de-the-glace-gottlieber\/\"><img fetchpriority=\"high\" decoding=\"async\" class=\"size-medium wp-image-4241\" src=\"https:\/\/www.fleurop-home.ch\/wp-content\/uploads\/2024\/02\/IMG_20190415_162641-bearbeitet-600x450.jpg\" alt=\"\" width=\"600\" height=\"450\" srcset=\"https:\/\/www.fleurop-home.ch\/wp-content\/uploads\/2024\/02\/IMG_20190415_162641-bearbeitet-600x450.jpg 600w, https:\/\/www.fleurop-home.ch\/wp-content\/uploads\/2024\/02\/IMG_20190415_162641-bearbeitet-1920x1440.jpg 1920w, https:\/\/www.fleurop-home.ch\/wp-content\/uploads\/2024\/02\/IMG_20190415_162641-bearbeitet-768x576.jpg 768w, https:\/\/www.fleurop-home.ch\/wp-content\/uploads\/2024\/02\/IMG_20190415_162641-bearbeitet-1536x1152.jpg 1536w, https:\/\/www.fleurop-home.ch\/wp-content\/uploads\/2024\/02\/IMG_20190415_162641-bearbeitet-scaled.jpg 2048w, https:\/\/www.fleurop-home.ch\/wp-content\/uploads\/2024\/02\/IMG_20190415_162641-bearbeitet-16x12.jpg 16w\" sizes=\"(max-width: 600px) 100vw, 600px\" \/><\/a><\/p>\n<p>&nbsp;<\/p>\n<p><iframe title=\"How to Gottlieber Iced Fruechterevolution FR\" width=\"800\" height=\"450\" src=\"https:\/\/www.youtube.com\/embed\/HwA1aHhI8Vk?feature=oembed&#038;enablejsapi=1&#038;origin=https:\/\/www.fleurop-home.ch\" frameborder=\"0\" allow=\"accelerometer; autoplay; clipboard-write; encrypted-media; gyroscope; picture-in-picture; web-share\" referrerpolicy=\"strict-origin-when-cross-origin\" allowfullscreen><\/iframe><\/p>\n<p>&nbsp;<\/p>","protected":false},"excerpt":{"rendered":"<p>Coffret cadeau Gottlieber avec du th\u00e9 vert (35g), du th\u00e9 aux fruits (40g) et du th\u00e9 blanc (20g)<\/p>","protected":false},"featured_media":50569,"template":"","meta":[],"product_brand":[],"product_cat":[956,910,1019,1018,1208,1088,909,1092,915,42,885,52,1225,53],"product_tag":[282],"woo-feed-brand":[],"class_list":{"0":"post-4433","1":"product","2":"type-product","3":"status-publish","4":"has-post-thumbnail","6":"product_cat-tee","7":"product_cat-geschenkideen","8":"product_cat-osterbrunch","9":"product_cat-ostern","10":"product_cat-ueber-25-chf","11":"product_cat-vatertag","12":"product_cat-weihnachten","13":"product_cat-wohlfuehltyp","14":"product_cat-wichteln","15":"product_cat-kueche","16":"product_cat-koestlichkeiten","17":"product_cat-geschenke","18":"product_cat-genuss","19":"product_cat-geschenksets","20":"product_tag-fleurop-interflora","22":"first","23":"instock","24":"taxable","25":"shipping-taxable","26":"purchasable","27":"product-type-simple"},"_links":{"self":[{"href":"https:\/\/www.fleurop-home.ch\/fr-ch\/wp-json\/wp\/v2\/product\/4433","targetHints":{"allow":["GET"]}}],"collection":[{"href":"https:\/\/www.fleurop-home.ch\/fr-ch\/wp-json\/wp\/v2\/product"}],"about":[{"href":"https:\/\/www.fleurop-home.ch\/fr-ch\/wp-json\/wp\/v2\/types\/product"}],"wp:featuredmedia":[{"embeddable":true,"href":"https:\/\/www.fleurop-home.ch\/fr-ch\/wp-json\/wp\/v2\/media\/50569"}],"wp:attachment":[{"href":"https:\/\/www.fleurop-home.ch\/fr-ch\/wp-json\/wp\/v2\/media?parent=4433"}],"wp:term":[{"taxonomy":"product_brand","embeddable":true,"href":"https:\/\/www.fleurop-home.ch\/fr-ch\/wp-json\/wp\/v2\/product_brand?post=4433"},{"taxonomy":"product_cat","embeddable":true,"href":"https:\/\/www.fleurop-home.ch\/fr-ch\/wp-json\/wp\/v2\/product_cat?post=4433"},{"taxonomy":"product_tag","embeddable":true,"href":"https:\/\/www.fleurop-home.ch\/fr-ch\/wp-json\/wp\/v2\/product_tag?post=4433"},{"taxonomy":"woo-feed-brand","embeddable":true,"href":"https:\/\/www.fleurop-home.ch\/fr-ch\/wp-json\/wp\/v2\/woo-feed-brand?post=4433"}],"curies":[{"name":"wp","href":"https:\/\/api.w.org\/{rel}","templated":true}]}}