{"id":4431,"date":"2018-12-11T17:08:41","date_gmt":"2018-12-11T17:08:41","guid":{"rendered":"https:\/\/www.fleurop-home.ch\/?product=gottlieber-cacaomandeln"},"modified":"2026-01-05T13:49:49","modified_gmt":"2026-01-05T12:49:49","slug":"gottlieber-amandes-au-cacao","status":"publish","type":"product","link":"https:\/\/www.fleurop-home.ch\/fr-ch\/p\/gottlieber-cacaomandeln","title":{"rendered":"Amandes au cacao Gottlieber"},"content":{"rendered":"<p style=\"text-align: left;\">Les amandes sont d\u00e9licatement grill\u00e9es, enrob\u00e9es de chocolat fondant et saupoudr\u00e9es de poudre de cacao noble.<\/p>\n<table width=\"522\">\n<tbody>\n<tr>\n<td width=\"522\"><strong>Ingr\u00e9dients<\/strong><\/td>\n<\/tr>\n<tr>\n<td>Amandes 34%, sucre,beurre de cacao, lait entier en poudre, p\u00e2te de cacao, cacao en poudre, sirop de glucose, amidon modifi\u00e9 (tapioca, pomme de terre), \u00e9mulsifiant : l\u00e9cithine de soja, ar\u00f4me naturel.<\/td>\n<\/tr>\n<tr>\n<td><strong>Informations sur les valeurs nutritives<\/strong><\/td>\n<\/tr>\n<tr>\n<td>Valeur \u00e9nerg\u00e9tique : 2340 kJ \/ 567 kcal, Graisses : 41g, dont acides gras satur\u00e9s : 15g, Glucides : 38g, dont sucre : 37g, Prot\u00e9ines : 13g, Sel : 0,14g.<\/td>\n<\/tr>\n<tr>\n<td><strong>Conseils pour les personnes allergiques<\/strong><\/td>\n<\/tr>\n<tr>\n<td>Peut contenir des traces de noisettes.<\/td>\n<\/tr>\n<tr>\n<td><strong>Pays d'origine<\/strong><\/td>\n<\/tr>\n<tr>\n<td>Suisse<\/td>\n<\/tr>\n<\/tbody>\n<\/table>\n<p style=\"text-align: left;\"><strong>Il s'agit d'un produit \"Fleurop Edition\".<\/strong><\/p>","protected":false},"excerpt":{"rendered":"<p>Noble bo\u00eete ronde avec des amandes au cacao Gottlieber (200g)<\/p>","protected":false},"featured_media":62503,"template":"","meta":[],"product_brand":[],"product_cat":[114,1022,995,1090,910,1001,797,1019,1018,984,1207,999,1088,909,915,42,885,52,54],"product_tag":[282],"woo-feed-brand":[],"class_list":{"0":"post-4431","1":"product","2":"type-product","3":"status-publish","4":"has-post-thumbnail","6":"product_cat-schokolade-sweets","7":"product_cat-brunch","8":"product_cat-essen-trinken","9":"product_cat-geniesser","10":"product_cat-geschenkideen","11":"product_cat-leckereien","12":"product_cat-muttertag","13":"product_cat-osterbrunch","14":"product_cat-ostern","15":"product_cat-silvester","16":"product_cat-unter-25-chf","17":"product_cat-valentinstag","18":"product_cat-vatertag","19":"product_cat-weihnachten","20":"product_cat-wichteln","21":"product_cat-kueche","22":"product_cat-koestlichkeiten","23":"product_cat-geschenke","24":"product_cat-feinkost","25":"product_tag-fleurop-interflora","27":"first","28":"instock","29":"featured","30":"taxable","31":"shipping-taxable","32":"purchasable","33":"product-type-simple"},"_links":{"self":[{"href":"https:\/\/www.fleurop-home.ch\/fr-ch\/wp-json\/wp\/v2\/product\/4431","targetHints":{"allow":["GET"]}}],"collection":[{"href":"https:\/\/www.fleurop-home.ch\/fr-ch\/wp-json\/wp\/v2\/product"}],"about":[{"href":"https:\/\/www.fleurop-home.ch\/fr-ch\/wp-json\/wp\/v2\/types\/product"}],"wp:featuredmedia":[{"embeddable":true,"href":"https:\/\/www.fleurop-home.ch\/fr-ch\/wp-json\/wp\/v2\/media\/62503"}],"wp:attachment":[{"href":"https:\/\/www.fleurop-home.ch\/fr-ch\/wp-json\/wp\/v2\/media?parent=4431"}],"wp:term":[{"taxonomy":"product_brand","embeddable":true,"href":"https:\/\/www.fleurop-home.ch\/fr-ch\/wp-json\/wp\/v2\/product_brand?post=4431"},{"taxonomy":"product_cat","embeddable":true,"href":"https:\/\/www.fleurop-home.ch\/fr-ch\/wp-json\/wp\/v2\/product_cat?post=4431"},{"taxonomy":"product_tag","embeddable":true,"href":"https:\/\/www.fleurop-home.ch\/fr-ch\/wp-json\/wp\/v2\/product_tag?post=4431"},{"taxonomy":"woo-feed-brand","embeddable":true,"href":"https:\/\/www.fleurop-home.ch\/fr-ch\/wp-json\/wp\/v2\/woo-feed-brand?post=4431"}],"curies":[{"name":"wp","href":"https:\/\/api.w.org\/{rel}","templated":true}]}}