{"id":4425,"date":"2018-12-11T16:32:38","date_gmt":"2018-12-11T16:32:38","guid":{"rendered":"https:\/\/www.fleurop-home.ch\/?product=ripasso-albino-armani-doc-75-cl"},"modified":"2026-03-24T08:28:58","modified_gmt":"2026-03-24T07:28:58","slug":"ripasso-albino-armani-doc-75-cl","status":"publish","type":"product","link":"https:\/\/www.fleurop-home.ch\/fr-ch\/p\/ripasso-albino-armani-doc-75-cl","title":{"rendered":"Ripasso Albino Armani DOC 75cl"},"content":{"rendered":"<p style=\"text-align: left;\">Issu de la r\u00e9gion vallonn\u00e9e et montagneuse de Valpolicella, notre Ripasso convainc par sa structure et sa complexit\u00e9. Le jeune vin rouge acquiert cette qualit\u00e9 lors d'une deuxi\u00e8me fermentation sur du marc d'Amarone. Cet excellent vin rouge est produit \u00e0 Marano par la famille Armani, qui a plus de 400 ans d'exp\u00e9rience dans la viticulture.<\/p>\n<p style=\"text-align: left;\">Le Ripasso s\u00e9duit par sa couleur rouge intense, son parfum de cerises m\u00fbres, de m\u00fbres et d'\u00e9pices et son go\u00fbt agr\u00e9able, persistant et chaud, mais en m\u00eame temps frais. Il est pr\u00e9f\u00e9rable de servir ce vin avec des premiers plats savoureux, de la viande ou des fromages affin\u00e9s.<\/p>\n<table width=\"522\">\n<tbody>\n<tr>\n<td width=\"522\"><strong>Informations sur les valeurs nutritives<\/strong><\/td>\n<\/tr>\n<tr>\n<td>Alcool 13,70 %vol<br \/>\nGlucose - Fuctose 3,00 g\/l<br \/>\nAcidit\u00e9 totale 5,34 g\/l<br \/>\npH de 3,54<br \/>\nAcide sulfureux libre 30,00 mg\/l<br \/>\nSoufre total 145,00 mg\/l<\/td>\n<\/tr>\n<tr>\n<td><strong>Conseils pour les personnes allergiques<\/strong><\/td>\n<\/tr>\n<tr>\n<td>Sulfites<\/td>\n<\/tr>\n<tr>\n<td><strong>Pays d'origine<\/strong><\/td>\n<\/tr>\n<tr>\n<td>Italie<\/td>\n<\/tr>\n<tr>\n<td><strong>C\u00e9page(s)<\/strong><\/td>\n<\/tr>\n<tr>\n<td>Corvina, Corvinone et Rondinella<\/td>\n<\/tr>\n<tr>\n<td><strong>Teneur en alcool<\/strong><\/td>\n<\/tr>\n<tr>\n<td>14.0% vol<\/td>\n<\/tr>\n<\/tbody>\n<\/table>\n<p style=\"text-align: left;\"><strong>Il s'agit d'un produit \"Fleurop Edition\".<\/strong><\/p>","protected":false},"excerpt":{"rendered":"<p>Vin rouge Valpolicella Ripasso Classico Superiore DOC (75cl) d'Albino Armani dans une \u00e9l\u00e9gante bo\u00eete cadeau<\/p>","protected":false},"featured_media":76147,"template":"","meta":[],"product_brand":[],"product_cat":[115,995,1002,1090,910,984,999,1088,909,916,42,885,52,54],"product_tag":[147,282],"woo-feed-brand":[],"class_list":{"0":"post-4425","1":"product","2":"type-product","3":"status-publish","4":"has-post-thumbnail","6":"product_cat-spirituosen","7":"product_cat-essen-trinken","8":"product_cat-fuer-ihn","9":"product_cat-geniesser","10":"product_cat-geschenkideen","11":"product_cat-silvester","12":"product_cat-valentinstag","13":"product_cat-vatertag","14":"product_cat-weihnachten","15":"product_cat-praesente","16":"product_cat-kueche","17":"product_cat-koestlichkeiten","18":"product_cat-geschenke","19":"product_cat-feinkost","20":"product_tag-alkohol","21":"product_tag-fleurop-interflora","23":"first","24":"instock","25":"featured","26":"taxable","27":"shipping-taxable","28":"purchasable","29":"product-type-simple"},"_links":{"self":[{"href":"https:\/\/www.fleurop-home.ch\/fr-ch\/wp-json\/wp\/v2\/product\/4425","targetHints":{"allow":["GET"]}}],"collection":[{"href":"https:\/\/www.fleurop-home.ch\/fr-ch\/wp-json\/wp\/v2\/product"}],"about":[{"href":"https:\/\/www.fleurop-home.ch\/fr-ch\/wp-json\/wp\/v2\/types\/product"}],"wp:featuredmedia":[{"embeddable":true,"href":"https:\/\/www.fleurop-home.ch\/fr-ch\/wp-json\/wp\/v2\/media\/76147"}],"wp:attachment":[{"href":"https:\/\/www.fleurop-home.ch\/fr-ch\/wp-json\/wp\/v2\/media?parent=4425"}],"wp:term":[{"taxonomy":"product_brand","embeddable":true,"href":"https:\/\/www.fleurop-home.ch\/fr-ch\/wp-json\/wp\/v2\/product_brand?post=4425"},{"taxonomy":"product_cat","embeddable":true,"href":"https:\/\/www.fleurop-home.ch\/fr-ch\/wp-json\/wp\/v2\/product_cat?post=4425"},{"taxonomy":"product_tag","embeddable":true,"href":"https:\/\/www.fleurop-home.ch\/fr-ch\/wp-json\/wp\/v2\/product_tag?post=4425"},{"taxonomy":"woo-feed-brand","embeddable":true,"href":"https:\/\/www.fleurop-home.ch\/fr-ch\/wp-json\/wp\/v2\/woo-feed-brand?post=4425"}],"curies":[{"name":"wp","href":"https:\/\/api.w.org\/{rel}","templated":true}]}}