{"id":4412,"date":"2018-12-10T13:34:14","date_gmt":"2018-12-10T13:34:14","guid":{"rendered":"https:\/\/www.fleurop-home.ch\/?product=prosecco-albino-armani-doc-75cl"},"modified":"2026-01-05T10:58:05","modified_gmt":"2026-01-05T09:58:05","slug":"prosecco-albino-armani-doc-75cl","status":"publish","type":"product","link":"https:\/\/www.fleurop-home.ch\/fr-ch\/p\/prosecco-albino-armani-doc-75cl","title":{"rendered":"Prosecco Albino Armani DOC 75cl"},"content":{"rendered":"<p style=\"text-align: left;\">Ce Prosecco \u00e9l\u00e9gant est cultiv\u00e9 dans la r\u00e9gion italienne du Frioul. C'est l\u00e0, entour\u00e9e des Alpes Carniques, que se trouve la r\u00e9gion DOC de la zone de production du raisin Glera.  Cet excellent prosecco est cultiv\u00e9 par la famille Armani, qui a plus de 400 ans d'exp\u00e9rience dans la viticulture. Son bouquet fin et \u00e9l\u00e9gant de fleurs blanches et d'agrumes est parfait pour l'ap\u00e9ritif ou pour accompagner tout le repas. Un plaisir pour chaque occasion.<\/p>\n<table width=\"522\">\n<tbody>\n<tr>\n<td width=\"522\"><strong>Informations sur les valeurs nutritives<\/strong><\/td>\n<\/tr>\n<tr>\n<td>Alcool 10,80 %vol<br \/>\nglucose - fructose 14,00 g\/l<br \/>\nAcidit\u00e9 totale 5,55 g\/l<br \/>\nvaleur du pH 3,30<br \/>\nAcide sulfureux libre 32,00 mg\/l<br \/>\nSoufre total 146,00 mg\/l<\/td>\n<\/tr>\n<tr>\n<td><strong>Conseils pour les personnes allergiques<\/strong><\/td>\n<\/tr>\n<tr>\n<td>Sulfites<\/td>\n<\/tr>\n<tr>\n<td><strong>Pays d'origine<\/strong><\/td>\n<\/tr>\n<tr>\n<td>Italie<\/td>\n<\/tr>\n<tr>\n<td><strong>C\u00e9page<\/strong><\/td>\n<\/tr>\n<tr>\n<td>Glera<\/td>\n<\/tr>\n<tr>\n<td><strong>Teneur en alcool<\/strong><\/td>\n<\/tr>\n<tr>\n<td>11.0% vol<\/td>\n<\/tr>\n<\/tbody>\n<\/table>\n<p style=\"text-align: left;\"><strong>Il s'agit d'un produit \"Fleurop Edition\".<\/strong><\/p>","protected":false},"excerpt":{"rendered":"<p>Prosecco Albino Armani DOC (75cl) dans une \u00e9l\u00e9gante bo\u00eete cadeau<\/p>","protected":false},"featured_media":4413,"template":"","meta":[],"product_brand":[],"product_cat":[115,1022,995,1090,910,797,1019,1018,984,993,1088,909,916,42,885,52,54],"product_tag":[147,282],"woo-feed-brand":[],"class_list":{"0":"post-4412","1":"product","2":"type-product","3":"status-publish","4":"has-post-thumbnail","6":"product_cat-spirituosen","7":"product_cat-brunch","8":"product_cat-essen-trinken","9":"product_cat-geniesser","10":"product_cat-geschenkideen","11":"product_cat-muttertag","12":"product_cat-osterbrunch","13":"product_cat-ostern","14":"product_cat-silvester","15":"product_cat-silvestergeschenke","16":"product_cat-vatertag","17":"product_cat-weihnachten","18":"product_cat-praesente","19":"product_cat-kueche","20":"product_cat-koestlichkeiten","21":"product_cat-geschenke","22":"product_cat-feinkost","23":"product_tag-alkohol","24":"product_tag-fleurop-interflora","26":"first","27":"instock","28":"taxable","29":"shipping-taxable","30":"purchasable","31":"product-type-simple"},"_links":{"self":[{"href":"https:\/\/www.fleurop-home.ch\/fr-ch\/wp-json\/wp\/v2\/product\/4412","targetHints":{"allow":["GET"]}}],"collection":[{"href":"https:\/\/www.fleurop-home.ch\/fr-ch\/wp-json\/wp\/v2\/product"}],"about":[{"href":"https:\/\/www.fleurop-home.ch\/fr-ch\/wp-json\/wp\/v2\/types\/product"}],"wp:featuredmedia":[{"embeddable":true,"href":"https:\/\/www.fleurop-home.ch\/fr-ch\/wp-json\/wp\/v2\/media\/4413"}],"wp:attachment":[{"href":"https:\/\/www.fleurop-home.ch\/fr-ch\/wp-json\/wp\/v2\/media?parent=4412"}],"wp:term":[{"taxonomy":"product_brand","embeddable":true,"href":"https:\/\/www.fleurop-home.ch\/fr-ch\/wp-json\/wp\/v2\/product_brand?post=4412"},{"taxonomy":"product_cat","embeddable":true,"href":"https:\/\/www.fleurop-home.ch\/fr-ch\/wp-json\/wp\/v2\/product_cat?post=4412"},{"taxonomy":"product_tag","embeddable":true,"href":"https:\/\/www.fleurop-home.ch\/fr-ch\/wp-json\/wp\/v2\/product_tag?post=4412"},{"taxonomy":"woo-feed-brand","embeddable":true,"href":"https:\/\/www.fleurop-home.ch\/fr-ch\/wp-json\/wp\/v2\/woo-feed-brand?post=4412"}],"curies":[{"name":"wp","href":"https:\/\/api.w.org\/{rel}","templated":true}]}}