{"id":4383,"date":"2018-07-04T07:32:45","date_gmt":"2018-07-04T07:32:45","guid":{"rendered":"https:\/\/www.fleurop-home.ch\/?product=honig-geschenk-set-von-bee-family-mit-6-honigsorten-6x-70g"},"modified":"2026-02-05T14:37:20","modified_gmt":"2026-02-05T13:37:20","slug":"set-cadeau-de-miel-de-bee-family-avec-6-sortes-de-miel-6x-70g-2","status":"publish","type":"product","link":"https:\/\/www.fleurop-home.ch\/fr-ch\/p\/honig-geschenk-set-von-bee-family-mit-6-honigsorten-6x-70g-2","title":{"rendered":"Coffret cadeau de miel de Bee-Family avec 6 sortes de miel (6x 70g)"},"content":{"rendered":"<p style=\"text-align: left;\">Les vari\u00e9t\u00e9s suivantes de 70 g chacune sont incluses en fonction de la saisonnalit\u00e9 : Miel de tournesol, miel de fleurs suisses, miel de for\u00eat suisse, miel de soie sauvage, miel de tilleul, miel de lavande. Le miel Bee-Family se distingue par son haut niveau de qualit\u00e9, il est test\u00e9 en laboratoire et garanti sans r\u00e9sidus. Bee-Family s'engage activement pour l'\u00e9levage et la pr\u00e9servation de races d'abeilles saines dans des r\u00e9gions intactes et proches de la nature.<\/p>\n<table width=\"650\">\n<tbody>\n<tr>\n<td style=\"text-align: left;\" width=\"650\"><strong>Informations sur les valeurs nutritives<\/strong><\/td>\n<\/tr>\n<tr>\n<td style=\"text-align: left;\">Valeur \u00e9nerg\u00e9tique : 1283 kJ \/ 302 kcal, Graisses : 0,1g, dont acides gras satur\u00e9s : 0,1 g, Glucides : 75,1g, dont sucres : 75,1g, Prot\u00e9ines : 0,4g, Sel : 0,1g.<\/td>\n<\/tr>\n<tr>\n<td style=\"text-align: left;\"><strong>Conseils pour les personnes allergiques<\/strong><\/td>\n<\/tr>\n<tr>\n<td style=\"text-align: left;\">Le miel n'est pas adapt\u00e9 \u00e0 la consommation par les enfants de moins de 12 mois !<\/td>\n<\/tr>\n<tr>\n<td style=\"text-align: left;\"><strong>Pays d'origine<\/strong><\/td>\n<\/tr>\n<tr>\n<td style=\"text-align: left;\">Miel de tournesol : Hongrie<br \/>\nMiel de tilleul : Slov\u00e9nie<br \/>\nMiel de soie sauvage : Hongrie<br \/>\nMiel de fleurs : Suisse<br \/>\nMiel de for\u00eat : Suisse<br \/>\nMiel de lavande : France<\/td>\n<\/tr>\n<\/tbody>\n<\/table>\n<p style=\"text-align: left;\"><strong>Il s'agit d'un produit \"Fleurop Edition\".<\/strong><\/p>","protected":false},"excerpt":{"rendered":"<p>Coffret cadeau avec diff\u00e9rentes sortes de miel (6x 70g) de Bee-Family<\/p>","protected":false},"featured_media":4384,"template":"","meta":[],"product_brand":[],"product_cat":[101,1022,910,1001,797,1019,1018,1208,999,909,915,42,885,52,1225,53],"product_tag":[282],"woo-feed-brand":[],"class_list":{"0":"post-4383","1":"product","2":"type-product","3":"status-publish","4":"has-post-thumbnail","6":"product_cat-honig","7":"product_cat-brunch","8":"product_cat-geschenkideen","9":"product_cat-leckereien","10":"product_cat-muttertag","11":"product_cat-osterbrunch","12":"product_cat-ostern","13":"product_cat-ueber-25-chf","14":"product_cat-valentinstag","15":"product_cat-weihnachten","16":"product_cat-wichteln","17":"product_cat-kueche","18":"product_cat-koestlichkeiten","19":"product_cat-geschenke","20":"product_cat-genuss","21":"product_cat-geschenksets","22":"product_tag-fleurop-interflora","24":"first","25":"instock","26":"featured","27":"taxable","28":"shipping-taxable","29":"purchasable","30":"product-type-simple"},"_links":{"self":[{"href":"https:\/\/www.fleurop-home.ch\/fr-ch\/wp-json\/wp\/v2\/product\/4383","targetHints":{"allow":["GET"]}}],"collection":[{"href":"https:\/\/www.fleurop-home.ch\/fr-ch\/wp-json\/wp\/v2\/product"}],"about":[{"href":"https:\/\/www.fleurop-home.ch\/fr-ch\/wp-json\/wp\/v2\/types\/product"}],"wp:featuredmedia":[{"embeddable":true,"href":"https:\/\/www.fleurop-home.ch\/fr-ch\/wp-json\/wp\/v2\/media\/4384"}],"wp:attachment":[{"href":"https:\/\/www.fleurop-home.ch\/fr-ch\/wp-json\/wp\/v2\/media?parent=4383"}],"wp:term":[{"taxonomy":"product_brand","embeddable":true,"href":"https:\/\/www.fleurop-home.ch\/fr-ch\/wp-json\/wp\/v2\/product_brand?post=4383"},{"taxonomy":"product_cat","embeddable":true,"href":"https:\/\/www.fleurop-home.ch\/fr-ch\/wp-json\/wp\/v2\/product_cat?post=4383"},{"taxonomy":"product_tag","embeddable":true,"href":"https:\/\/www.fleurop-home.ch\/fr-ch\/wp-json\/wp\/v2\/product_tag?post=4383"},{"taxonomy":"woo-feed-brand","embeddable":true,"href":"https:\/\/www.fleurop-home.ch\/fr-ch\/wp-json\/wp\/v2\/woo-feed-brand?post=4383"}],"curies":[{"name":"wp","href":"https:\/\/api.w.org\/{rel}","templated":true}]}}