{"id":43710,"date":"2024-09-25T10:38:52","date_gmt":"2024-09-25T08:38:52","guid":{"rendered":"https:\/\/www.fleurop-home.ch\/de-ch\/?post_type=product&#038;p=43710"},"modified":"2026-01-12T11:21:15","modified_gmt":"2026-01-12T10:21:15","slug":"cest-alfred-ficus-elastica-robusta","status":"publish","type":"product","link":"https:\/\/www.fleurop-home.ch\/fr-ch\/p\/das-ist-alfred-ficus-elastica-robusta","title":{"rendered":"Voici Alfred (Ficus elastica \u201aRobusta\u2018)"},"content":{"rendered":"<p>\"C'est Alfred. Oldie mais Goldie\".<\/p>\n<p>Plante pour homme. Un cadeau o\u00f9 \"l'homme\" grandit avec toi.<\/p>\n<p>Alfred est un Ficus elastica `Robusta`.<br \/>\n\u00d8 du pot : 18cm<br \/>\nHauteur : environ 50-55cm<\/p>\n<p>La plante pour homme est livr\u00e9e avec une carte postale assortie (dans la langue du lieu de livraison) et dans une bo\u00eete de plante pour homme styl\u00e9e.<\/p>","protected":false},"excerpt":{"rendered":"<p>Alfred est un Ficus elastica `Robusta`.<\/p>","protected":false},"featured_media":43810,"template":"","meta":[],"product_brand":[],"product_cat":[118,23,1002,999,1088,909,1092,26,916],"product_tag":[294],"woo-feed-brand":[],"class_list":{"0":"post-43710","1":"product","2":"type-product","3":"status-publish","4":"has-post-thumbnail","6":"product_cat-zimmerpflanzen","7":"product_cat-home-living","8":"product_cat-fuer-ihn","9":"product_cat-valentinstag","10":"product_cat-vatertag","11":"product_cat-weihnachten","12":"product_cat-wohlfuehltyp","13":"product_cat-blumen-pflanzen","14":"product_cat-praesente","15":"product_tag-the-bloomery","17":"first","18":"instock","19":"taxable","20":"shipping-taxable","21":"purchasable","22":"product-type-simple"},"_links":{"self":[{"href":"https:\/\/www.fleurop-home.ch\/fr-ch\/wp-json\/wp\/v2\/product\/43710","targetHints":{"allow":["GET"]}}],"collection":[{"href":"https:\/\/www.fleurop-home.ch\/fr-ch\/wp-json\/wp\/v2\/product"}],"about":[{"href":"https:\/\/www.fleurop-home.ch\/fr-ch\/wp-json\/wp\/v2\/types\/product"}],"wp:featuredmedia":[{"embeddable":true,"href":"https:\/\/www.fleurop-home.ch\/fr-ch\/wp-json\/wp\/v2\/media\/43810"}],"wp:attachment":[{"href":"https:\/\/www.fleurop-home.ch\/fr-ch\/wp-json\/wp\/v2\/media?parent=43710"}],"wp:term":[{"taxonomy":"product_brand","embeddable":true,"href":"https:\/\/www.fleurop-home.ch\/fr-ch\/wp-json\/wp\/v2\/product_brand?post=43710"},{"taxonomy":"product_cat","embeddable":true,"href":"https:\/\/www.fleurop-home.ch\/fr-ch\/wp-json\/wp\/v2\/product_cat?post=43710"},{"taxonomy":"product_tag","embeddable":true,"href":"https:\/\/www.fleurop-home.ch\/fr-ch\/wp-json\/wp\/v2\/product_tag?post=43710"},{"taxonomy":"woo-feed-brand","embeddable":true,"href":"https:\/\/www.fleurop-home.ch\/fr-ch\/wp-json\/wp\/v2\/woo-feed-brand?post=43710"}],"curies":[{"name":"wp","href":"https:\/\/api.w.org\/{rel}","templated":true}]}}