{"id":43708,"date":"2024-09-25T10:32:43","date_gmt":"2024-09-25T08:32:43","guid":{"rendered":"https:\/\/www.fleurop-home.ch\/de-ch\/?post_type=product&#038;p=43708"},"modified":"2025-05-12T14:26:17","modified_gmt":"2025-05-12T12:26:17","slug":"cest-george-beaucarnea-recurvata","status":"publish","type":"product","link":"https:\/\/www.fleurop-home.ch\/fr-ch\/p\/das-ist-george-beaucarnea-recurvata","title":{"rendered":"C'est George (Beaucarnea recurvata)"},"content":{"rendered":"<p>\"Voici George. Le roi de la jungle pour ta maison\".<\/p>\n<p>Plante pour homme. Un cadeau o\u00f9 \"l'homme\" grandit avec toi.<\/p>\n<p>George est une Beaucarnea recurvata.<br \/>\n\u00d8 du pot : 20cm<br \/>\nHauteur : environ 50-60cm<\/p>\n<p>La plante pour homme est livr\u00e9e avec une carte postale assortie (dans la langue du lieu de livraison) et dans une bo\u00eete de plante pour homme styl\u00e9e.<\/p>","protected":false},"excerpt":{"rendered":"<p>George est une Beaucarnea recurvata<\/p>","protected":false},"featured_media":43799,"template":"","meta":[],"product_brand":[],"product_cat":[118,23,1088,1092,26],"product_tag":[294],"woo-feed-brand":[],"class_list":{"0":"post-43708","1":"product","2":"type-product","3":"status-publish","4":"has-post-thumbnail","6":"product_cat-zimmerpflanzen","7":"product_cat-home-living","8":"product_cat-vatertag","9":"product_cat-wohlfuehltyp","10":"product_cat-blumen-pflanzen","11":"product_tag-the-bloomery","13":"first","14":"instock","15":"taxable","16":"shipping-taxable","17":"purchasable","18":"product-type-simple"},"_links":{"self":[{"href":"https:\/\/www.fleurop-home.ch\/fr-ch\/wp-json\/wp\/v2\/product\/43708","targetHints":{"allow":["GET"]}}],"collection":[{"href":"https:\/\/www.fleurop-home.ch\/fr-ch\/wp-json\/wp\/v2\/product"}],"about":[{"href":"https:\/\/www.fleurop-home.ch\/fr-ch\/wp-json\/wp\/v2\/types\/product"}],"wp:featuredmedia":[{"embeddable":true,"href":"https:\/\/www.fleurop-home.ch\/fr-ch\/wp-json\/wp\/v2\/media\/43799"}],"wp:attachment":[{"href":"https:\/\/www.fleurop-home.ch\/fr-ch\/wp-json\/wp\/v2\/media?parent=43708"}],"wp:term":[{"taxonomy":"product_brand","embeddable":true,"href":"https:\/\/www.fleurop-home.ch\/fr-ch\/wp-json\/wp\/v2\/product_brand?post=43708"},{"taxonomy":"product_cat","embeddable":true,"href":"https:\/\/www.fleurop-home.ch\/fr-ch\/wp-json\/wp\/v2\/product_cat?post=43708"},{"taxonomy":"product_tag","embeddable":true,"href":"https:\/\/www.fleurop-home.ch\/fr-ch\/wp-json\/wp\/v2\/product_tag?post=43708"},{"taxonomy":"woo-feed-brand","embeddable":true,"href":"https:\/\/www.fleurop-home.ch\/fr-ch\/wp-json\/wp\/v2\/woo-feed-brand?post=43708"}],"curies":[{"name":"wp","href":"https:\/\/api.w.org\/{rel}","templated":true}]}}