{"id":43701,"date":"2024-09-25T10:07:46","date_gmt":"2024-09-25T08:07:46","guid":{"rendered":"https:\/\/www.fleurop-home.ch\/de-ch\/?post_type=product&#038;p=43701"},"modified":"2025-04-02T08:21:36","modified_gmt":"2025-04-02T06:21:36","slug":"cest-jack-echinocactus-grusonii","status":"publish","type":"product","link":"https:\/\/www.fleurop-home.ch\/fr-ch\/p\/das-ist-jack-echinocactus-grusonii","title":{"rendered":"Voici Jack (Echinocactus grusonii)"},"content":{"rendered":"<p>\"C'est Jack. Il aime pousser les choses \u00e0 l'extr\u00eame\".<\/p>\n<p>Plante pour homme. Un cadeau o\u00f9 \"l'homme\" grandit avec toi.<\/p>\n<p>Jack est un Echinocactus grusonii.<br \/>\n\u00d8 du pot : 12cm<br \/>\nHauteur : environ 15-20cm<\/p>\n<p>La plante pour homme est livr\u00e9e avec une carte postale assortie (dans la langue du lieu de livraison) et dans une bo\u00eete de plante pour homme styl\u00e9e.<\/p>","protected":false},"excerpt":{"rendered":"<p>Jack est un Echinocactus grusonii<\/p>","protected":false},"featured_media":43678,"template":"","meta":[],"product_brand":[],"product_cat":[118,23,26],"product_tag":[294],"woo-feed-brand":[],"class_list":{"0":"post-43701","1":"product","2":"type-product","3":"status-publish","4":"has-post-thumbnail","6":"product_cat-zimmerpflanzen","7":"product_cat-home-living","8":"product_cat-blumen-pflanzen","9":"product_tag-the-bloomery","11":"first","12":"instock","13":"taxable","14":"shipping-taxable","15":"purchasable","16":"product-type-simple"},"_links":{"self":[{"href":"https:\/\/www.fleurop-home.ch\/fr-ch\/wp-json\/wp\/v2\/product\/43701","targetHints":{"allow":["GET"]}}],"collection":[{"href":"https:\/\/www.fleurop-home.ch\/fr-ch\/wp-json\/wp\/v2\/product"}],"about":[{"href":"https:\/\/www.fleurop-home.ch\/fr-ch\/wp-json\/wp\/v2\/types\/product"}],"wp:featuredmedia":[{"embeddable":true,"href":"https:\/\/www.fleurop-home.ch\/fr-ch\/wp-json\/wp\/v2\/media\/43678"}],"wp:attachment":[{"href":"https:\/\/www.fleurop-home.ch\/fr-ch\/wp-json\/wp\/v2\/media?parent=43701"}],"wp:term":[{"taxonomy":"product_brand","embeddable":true,"href":"https:\/\/www.fleurop-home.ch\/fr-ch\/wp-json\/wp\/v2\/product_brand?post=43701"},{"taxonomy":"product_cat","embeddable":true,"href":"https:\/\/www.fleurop-home.ch\/fr-ch\/wp-json\/wp\/v2\/product_cat?post=43701"},{"taxonomy":"product_tag","embeddable":true,"href":"https:\/\/www.fleurop-home.ch\/fr-ch\/wp-json\/wp\/v2\/product_tag?post=43701"},{"taxonomy":"woo-feed-brand","embeddable":true,"href":"https:\/\/www.fleurop-home.ch\/fr-ch\/wp-json\/wp\/v2\/woo-feed-brand?post=43701"}],"curies":[{"name":"wp","href":"https:\/\/api.w.org\/{rel}","templated":true}]}}