{"id":43662,"date":"2024-09-25T09:38:42","date_gmt":"2024-09-25T07:38:42","guid":{"rendered":"https:\/\/www.fleurop-home.ch\/de-ch\/?post_type=product&#038;p=43662"},"modified":"2025-04-01T04:03:31","modified_gmt":"2025-04-01T02:03:31","slug":"boite-en-velours-rose-avec-des-protees-royales-sechees-des-roses-stabilisees-et-des-fleurs-sechees-roses-roses-et-beiges-o-20-cm","status":"publish","type":"product","link":"https:\/\/www.fleurop-home.ch\/fr-ch\/p\/samtbox-in-rosa-mit-getrockneter-koenigs-protea-stabilisierten-rosen-und-trockenblumen-in-rosa-pink-und-beige-o-20-cm","title":{"rendered":"Bo\u00eete en velours rose, avec des prot\u00e9es royales s\u00e9ch\u00e9es, des roses stabilis\u00e9es et des fleurs s\u00e9ch\u00e9es roses, roses et beiges \u00d8 20 cm"},"content":{"rendered":"<p>Les roses stabilis\u00e9es, \u00e9galement appel\u00e9es roses \u00e0 l'infini, sont de v\u00e9ritables et magnifiques roses conserv\u00e9es qui durent au moins 2 \u00e0 3 ans.<br \/>\nLa bo\u00eete en velours, \u00d8 environ 20 cm, H environ 28 cm, est classique et \u00e9l\u00e9gante dans son design, avec un magnifique tissu en velours et fera longtemps plaisir \u00e0 ta maison ou \u00e0 toute personne \u00e0 qui tu l'offres. Les fleurs s\u00e9ch\u00e9es sont combin\u00e9es dans des couleurs assorties \u00e0 la bo\u00eete et \u00e0 la rose Infinity.<\/p>\n<p class=\"p1\">En tant que merveilleuse d\u00e9coration ou cadeau, un vrai coup de c\u0153ur.<\/p>\n<p style=\"text-align: left\"><strong>Conseils d'entretien pour les roses Infinity et les fleurs s\u00e9ch\u00e9es<\/strong><\/p>\n<p style=\"text-align: left\">Ne pas mettre dans l'eau ; ne pas placer dans un environnement humide.<\/p>\n<p style=\"text-align: left\">\u00c9viter l'emplacement avec une forte exposition au soleil.<\/p>\n<p style=\"text-align: left\">Pour l'entretien ou le nettoyage, un pinceau doux est id\u00e9al pour enlever la poussi\u00e8re avec pr\u00e9caution.<\/p>\n<p>La bo\u00eete est fabriqu\u00e9e sur commande et peut varier dans le choix des fleurs et la couleur car il s'agit de mat\u00e9riaux naturels.<\/p>","protected":false},"excerpt":{"rendered":"<p>Bo\u00eete en velours rose, avec des prot\u00e9es royales s\u00e9ch\u00e9es, des roses stabilis\u00e9es et des fleurs s\u00e9ch\u00e9es roses, roses et beiges \u00d8 20 cm<\/p>","protected":false},"featured_media":43634,"template":"","meta":[],"product_brand":[],"product_cat":[102,23,910,984,993,909,26,916,117,52,55],"product_tag":[294],"woo-feed-brand":[],"class_list":{"0":"post-43662","1":"product","2":"type-product","3":"status-publish","4":"has-post-thumbnail","6":"product_cat-infinity-rosen","7":"product_cat-home-living","8":"product_cat-geschenkideen","9":"product_cat-silvester","10":"product_cat-silvestergeschenke","11":"product_cat-weihnachten","12":"product_cat-blumen-pflanzen","13":"product_cat-praesente","14":"product_cat-trockenblumen","15":"product_cat-geschenke","16":"product_cat-blumige-geschenke","17":"product_tag-the-bloomery","19":"first","20":"instock","21":"taxable","22":"shipping-taxable","23":"purchasable","24":"product-type-simple"},"_links":{"self":[{"href":"https:\/\/www.fleurop-home.ch\/fr-ch\/wp-json\/wp\/v2\/product\/43662","targetHints":{"allow":["GET"]}}],"collection":[{"href":"https:\/\/www.fleurop-home.ch\/fr-ch\/wp-json\/wp\/v2\/product"}],"about":[{"href":"https:\/\/www.fleurop-home.ch\/fr-ch\/wp-json\/wp\/v2\/types\/product"}],"wp:featuredmedia":[{"embeddable":true,"href":"https:\/\/www.fleurop-home.ch\/fr-ch\/wp-json\/wp\/v2\/media\/43634"}],"wp:attachment":[{"href":"https:\/\/www.fleurop-home.ch\/fr-ch\/wp-json\/wp\/v2\/media?parent=43662"}],"wp:term":[{"taxonomy":"product_brand","embeddable":true,"href":"https:\/\/www.fleurop-home.ch\/fr-ch\/wp-json\/wp\/v2\/product_brand?post=43662"},{"taxonomy":"product_cat","embeddable":true,"href":"https:\/\/www.fleurop-home.ch\/fr-ch\/wp-json\/wp\/v2\/product_cat?post=43662"},{"taxonomy":"product_tag","embeddable":true,"href":"https:\/\/www.fleurop-home.ch\/fr-ch\/wp-json\/wp\/v2\/product_tag?post=43662"},{"taxonomy":"woo-feed-brand","embeddable":true,"href":"https:\/\/www.fleurop-home.ch\/fr-ch\/wp-json\/wp\/v2\/woo-feed-brand?post=43662"}],"curies":[{"name":"wp","href":"https:\/\/api.w.org\/{rel}","templated":true}]}}