{"id":43658,"date":"2024-09-25T09:11:55","date_gmt":"2024-09-25T07:11:55","guid":{"rendered":"https:\/\/www.fleurop-home.ch\/de-ch\/?post_type=product&#038;p=43658"},"modified":"2025-10-22T13:42:03","modified_gmt":"2025-10-22T11:42:03","slug":"capi-europe-pot-groove-noir-en-textile-avec-plante-pilea","status":"publish","type":"product","link":"https:\/\/www.fleurop-home.ch\/fr-ch\/p\/capi-europe-topf-groove-schwarz-aus-textilien-mit-pilea-pflanze","title":{"rendered":"Capi Europe Pot Groove noir en textile, avec plante Pilea"},"content":{"rendered":"<p>Le fait que ces pots soient \u00e9tanches \u00e0 100 % les pr\u00e9destine particuli\u00e8rement \u00e0 l'int\u00e9rieur. Les pots sont incassables et ont une garantie \u00e0 vie. La texture Groove, comme son nom l'indique, s'inspire des rainures, en particulier des rainures verticales dans les rochers et les montagnes, qui s'y sont form\u00e9es au fil du temps.<\/p>\n<p>Ce pot d'un noir doux est fabriqu\u00e9 \u00e0 partir de textiles recycl\u00e9s et est recyclable \u00e0 100 %.<\/p>\n<p>Le Pilea est une plante d'int\u00e9rieur tr\u00e8s attrayante et efficace. Elle aime la pleine lumi\u00e8re sans exposition directe au soleil et a besoin d'eau une fois par semaine. Il ne doit pas y avoir d'eau stagnante dans le pot et cela peut \u00eatre facilement contr\u00f4l\u00e9 en soulevant la plante.<\/p>\n<p>H 12cm, \u00d8 du pot 13cm<\/p>","protected":false},"excerpt":{"rendered":"<p>\"MADE WITH\" COLLECTION Capi Europe Pot Groove noir en tissu, avec plante Pilea<\/p>\n<p>&nbsp;<\/p>","protected":false},"featured_media":43598,"template":"","meta":[],"product_brand":[],"product_cat":[118,23,1020,1018,1198,1088,1092,26,27],"product_tag":[294],"woo-feed-brand":[],"class_list":{"0":"post-43658","1":"product","2":"type-product","3":"status-publish","4":"has-post-thumbnail","6":"product_cat-zimmerpflanzen","7":"product_cat-home-living","8":"product_cat-ostergeschenke","9":"product_cat-ostern","10":"product_cat-toepfe","11":"product_cat-vatertag","12":"product_cat-wohlfuehltyp","13":"product_cat-blumen-pflanzen","14":"product_cat-vasen-gefaesse","15":"product_tag-the-bloomery","17":"first","18":"instock","19":"taxable","20":"shipping-taxable","21":"purchasable","22":"product-type-simple"},"_links":{"self":[{"href":"https:\/\/www.fleurop-home.ch\/fr-ch\/wp-json\/wp\/v2\/product\/43658","targetHints":{"allow":["GET"]}}],"collection":[{"href":"https:\/\/www.fleurop-home.ch\/fr-ch\/wp-json\/wp\/v2\/product"}],"about":[{"href":"https:\/\/www.fleurop-home.ch\/fr-ch\/wp-json\/wp\/v2\/types\/product"}],"wp:featuredmedia":[{"embeddable":true,"href":"https:\/\/www.fleurop-home.ch\/fr-ch\/wp-json\/wp\/v2\/media\/43598"}],"wp:attachment":[{"href":"https:\/\/www.fleurop-home.ch\/fr-ch\/wp-json\/wp\/v2\/media?parent=43658"}],"wp:term":[{"taxonomy":"product_brand","embeddable":true,"href":"https:\/\/www.fleurop-home.ch\/fr-ch\/wp-json\/wp\/v2\/product_brand?post=43658"},{"taxonomy":"product_cat","embeddable":true,"href":"https:\/\/www.fleurop-home.ch\/fr-ch\/wp-json\/wp\/v2\/product_cat?post=43658"},{"taxonomy":"product_tag","embeddable":true,"href":"https:\/\/www.fleurop-home.ch\/fr-ch\/wp-json\/wp\/v2\/product_tag?post=43658"},{"taxonomy":"woo-feed-brand","embeddable":true,"href":"https:\/\/www.fleurop-home.ch\/fr-ch\/wp-json\/wp\/v2\/woo-feed-brand?post=43658"}],"curies":[{"name":"wp","href":"https:\/\/api.w.org\/{rel}","templated":true}]}}