{"id":43651,"date":"2024-09-25T08:50:08","date_gmt":"2024-09-25T06:50:08","guid":{"rendered":"https:\/\/www.fleurop-home.ch\/de-ch\/?post_type=product&#038;p=43651"},"modified":"2025-10-22T13:42:05","modified_gmt":"2025-10-22T11:42:05","slug":"capi-europe-pot-groove-beige-en-semoule-h-15cm-o-16-5cm","status":"publish","type":"product","link":"https:\/\/www.fleurop-home.ch\/fr-ch\/p\/capi-europe-topf-groove-beige-aus-saegemehl-h-15cm-o-16-5cm","title":{"rendered":"Capi Europe Pot Groove beige en sciure de bois, H 15cm, \u00d8 16.5cm"},"content":{"rendered":"<p>Le fait que ces pots soient \u00e9tanches \u00e0 100 % les pr\u00e9destine particuli\u00e8rement \u00e0 l'int\u00e9rieur. Les pots sont incassables et ont une garantie \u00e0 vie. La texture Groove, comme son nom l'indique, s'inspire des rainures, en particulier des rainures verticales dans les rochers et les montagnes, qui s'y sont form\u00e9es au fil du temps.<\/p>\n<p>Ce pot d'un beige discret est fabriqu\u00e9 \u00e0 partir de sciure de bois et est recyclable \u00e0 100 %.<\/p>","protected":false},"excerpt":{"rendered":"<p>\"MADE WITH\" COLLECTION Capi Europe Pot Groove beige en sciure de bois, H 15cm, \u00d8 16.5cm<\/p>\n<p>&nbsp;<\/p>","protected":false},"featured_media":43582,"template":"","meta":[],"product_brand":[],"product_cat":[27,23,1198],"product_tag":[294],"woo-feed-brand":[],"class_list":{"0":"post-43651","1":"product","2":"type-product","3":"status-publish","4":"has-post-thumbnail","6":"product_cat-vasen-gefaesse","7":"product_cat-home-living","8":"product_cat-toepfe","9":"product_tag-the-bloomery","11":"first","12":"instock","13":"taxable","14":"shipping-taxable","15":"purchasable","16":"product-type-simple"},"_links":{"self":[{"href":"https:\/\/www.fleurop-home.ch\/fr-ch\/wp-json\/wp\/v2\/product\/43651","targetHints":{"allow":["GET"]}}],"collection":[{"href":"https:\/\/www.fleurop-home.ch\/fr-ch\/wp-json\/wp\/v2\/product"}],"about":[{"href":"https:\/\/www.fleurop-home.ch\/fr-ch\/wp-json\/wp\/v2\/types\/product"}],"wp:featuredmedia":[{"embeddable":true,"href":"https:\/\/www.fleurop-home.ch\/fr-ch\/wp-json\/wp\/v2\/media\/43582"}],"wp:attachment":[{"href":"https:\/\/www.fleurop-home.ch\/fr-ch\/wp-json\/wp\/v2\/media?parent=43651"}],"wp:term":[{"taxonomy":"product_brand","embeddable":true,"href":"https:\/\/www.fleurop-home.ch\/fr-ch\/wp-json\/wp\/v2\/product_brand?post=43651"},{"taxonomy":"product_cat","embeddable":true,"href":"https:\/\/www.fleurop-home.ch\/fr-ch\/wp-json\/wp\/v2\/product_cat?post=43651"},{"taxonomy":"product_tag","embeddable":true,"href":"https:\/\/www.fleurop-home.ch\/fr-ch\/wp-json\/wp\/v2\/product_tag?post=43651"},{"taxonomy":"woo-feed-brand","embeddable":true,"href":"https:\/\/www.fleurop-home.ch\/fr-ch\/wp-json\/wp\/v2\/woo-feed-brand?post=43651"}],"curies":[{"name":"wp","href":"https:\/\/api.w.org\/{rel}","templated":true}]}}