{"id":43134,"date":"2024-10-03T17:47:15","date_gmt":"2024-10-03T15:47:15","guid":{"rendered":"https:\/\/www.fleurop-home.ch\/?post_type=product&#038;p=43134"},"modified":"2025-04-01T04:03:04","modified_gmt":"2025-04-01T02:03:04","slug":"blooms-for-you-audrey","status":"publish","type":"product","link":"https:\/\/www.fleurop-home.ch\/fr-ch\/p\/blooms-for-you-audrey","title":{"rendered":"Blooms pour toi \"Audrey"},"content":{"rendered":"<p>Santini en vieux rose et violet (8 tiges), dans un sac \u00e0 fleurs Purple<\/p>\n<p>\"Blooms for you\" est une merveilleuse fa\u00e7on de s'offrir des fleurs fra\u00eeches aux superbes couleurs pour sa maison. Que ce soit pour des occasions sp\u00e9ciales ou simplement comme \u00e7a, \"Blooms for you\" offre un grand choix de couleurs, de formes et de parfums qui fleuriront n'importe quelle pi\u00e8ce.<\/p>","protected":false},"excerpt":{"rendered":"<p>Santini en vieux rose et violet (8 tiges), dans un sac \u00e0 fleurs Purple<\/p>","protected":false},"featured_media":47130,"template":"","meta":[],"product_brand":[],"product_cat":[1039,23,1023,1003,910,797,999,909,112,26,916,52,55],"product_tag":[294],"woo-feed-brand":[],"class_list":{"0":"post-43134","1":"product","2":"type-product","3":"status-publish","4":"has-post-thumbnail","6":"product_cat-blooms-for-you","7":"product_cat-home-living","8":"product_cat-fuer-mama","9":"product_cat-fuer-sie","10":"product_cat-geschenkideen","11":"product_cat-muttertag","12":"product_cat-valentinstag","13":"product_cat-weihnachten","14":"product_cat-schnittblumen","15":"product_cat-blumen-pflanzen","16":"product_cat-praesente","17":"product_cat-geschenke","18":"product_cat-blumige-geschenke","19":"product_tag-the-bloomery","21":"first","22":"instock","23":"taxable","24":"shipping-taxable","25":"purchasable","26":"product-type-simple"},"_links":{"self":[{"href":"https:\/\/www.fleurop-home.ch\/fr-ch\/wp-json\/wp\/v2\/product\/43134","targetHints":{"allow":["GET"]}}],"collection":[{"href":"https:\/\/www.fleurop-home.ch\/fr-ch\/wp-json\/wp\/v2\/product"}],"about":[{"href":"https:\/\/www.fleurop-home.ch\/fr-ch\/wp-json\/wp\/v2\/types\/product"}],"wp:featuredmedia":[{"embeddable":true,"href":"https:\/\/www.fleurop-home.ch\/fr-ch\/wp-json\/wp\/v2\/media\/47130"}],"wp:attachment":[{"href":"https:\/\/www.fleurop-home.ch\/fr-ch\/wp-json\/wp\/v2\/media?parent=43134"}],"wp:term":[{"taxonomy":"product_brand","embeddable":true,"href":"https:\/\/www.fleurop-home.ch\/fr-ch\/wp-json\/wp\/v2\/product_brand?post=43134"},{"taxonomy":"product_cat","embeddable":true,"href":"https:\/\/www.fleurop-home.ch\/fr-ch\/wp-json\/wp\/v2\/product_cat?post=43134"},{"taxonomy":"product_tag","embeddable":true,"href":"https:\/\/www.fleurop-home.ch\/fr-ch\/wp-json\/wp\/v2\/product_tag?post=43134"},{"taxonomy":"woo-feed-brand","embeddable":true,"href":"https:\/\/www.fleurop-home.ch\/fr-ch\/wp-json\/wp\/v2\/woo-feed-brand?post=43134"}],"curies":[{"name":"wp","href":"https:\/\/api.w.org\/{rel}","templated":true}]}}