{"id":42401,"date":"2024-09-19T15:21:59","date_gmt":"2024-09-19T13:21:59","guid":{"rendered":"https:\/\/www.fleurop-home.ch\/de-ch\/p\/gartenblueten-salbei-salvia-nemorosa"},"modified":"2026-05-12T09:51:52","modified_gmt":"2026-05-12T07:51:52","slug":"fleurs-de-jardin-sauge-salvia-nemorosa","status":"publish","type":"product","link":"https:\/\/www.fleurop-home.ch\/fr-ch\/p\/gartenblueten-salbei-salvia-nemorosa","title":{"rendered":"Sauge \u00e0 fleurs de jardin - Salvia nemorosa"},"content":{"rendered":"<p>Die Sorte Heaven in Blue beeindruckt als winterharte Gartenbl\u00fcten Salbei mit einer reichen Bl\u00fcte von Juni bis September. Die intensiv duftenden, blauen Bl\u00fcten locken zahlreiche Insekten an und unterst\u00fctzen so die Artenvielfalt im Garten, auf dem Balkon oder auf der Terrasse. Als Staude eignet sich Salvia nemorosa optimal f\u00fcr sonnige Standorte in klassischen Staudenbeeten, Mischrabatten oder im Topfgarten. Die Pflanze bevorzugt durchl\u00e4ssigen Boden und m\u00e4ssige Wassergaben. Die robuste Produktion in der Schweiz garantiert h\u00f6chste Qualit\u00e4t und eine naturnahe Blumenpracht aus Urkraft.<\/p>\n<p>Hauteur : 60 cm<br \/>\nTaille du pot : pot de 25<br \/>\nR\u00e9sistance au froid : r\u00e9sistant au froid<br \/>\nLumi\u00e8re : ensoleill\u00e9e<br \/>\nP\u00e9riode de floraison : juin \u00e0 septembre<br \/>\nSol : perm\u00e9able<\/p>","protected":false},"excerpt":{"rendered":"<p>Gartenbl\u00fcten Salbei Heaven in Blue \u2013 Blauer Insekten-Magnet aus Schweizer Produktion<\/p>","protected":false},"featured_media":42400,"template":"","meta":[],"product_brand":[],"product_cat":[109,34,41],"product_tag":[299],"woo-feed-brand":[],"class_list":{"0":"post-42401","1":"product","2":"type-product","3":"status-publish","4":"has-post-thumbnail","6":"product_cat-saisonale-pflanzen","7":"product_cat-garten-balkon","8":"product_cat-outdoorpflanzen","9":"product_tag-santispracht","11":"first","12":"instock","13":"taxable","14":"shipping-taxable","15":"purchasable","16":"product-type-simple"},"_links":{"self":[{"href":"https:\/\/www.fleurop-home.ch\/fr-ch\/wp-json\/wp\/v2\/product\/42401","targetHints":{"allow":["GET"]}}],"collection":[{"href":"https:\/\/www.fleurop-home.ch\/fr-ch\/wp-json\/wp\/v2\/product"}],"about":[{"href":"https:\/\/www.fleurop-home.ch\/fr-ch\/wp-json\/wp\/v2\/types\/product"}],"wp:featuredmedia":[{"embeddable":true,"href":"https:\/\/www.fleurop-home.ch\/fr-ch\/wp-json\/wp\/v2\/media\/42400"}],"wp:attachment":[{"href":"https:\/\/www.fleurop-home.ch\/fr-ch\/wp-json\/wp\/v2\/media?parent=42401"}],"wp:term":[{"taxonomy":"product_brand","embeddable":true,"href":"https:\/\/www.fleurop-home.ch\/fr-ch\/wp-json\/wp\/v2\/product_brand?post=42401"},{"taxonomy":"product_cat","embeddable":true,"href":"https:\/\/www.fleurop-home.ch\/fr-ch\/wp-json\/wp\/v2\/product_cat?post=42401"},{"taxonomy":"product_tag","embeddable":true,"href":"https:\/\/www.fleurop-home.ch\/fr-ch\/wp-json\/wp\/v2\/product_tag?post=42401"},{"taxonomy":"woo-feed-brand","embeddable":true,"href":"https:\/\/www.fleurop-home.ch\/fr-ch\/wp-json\/wp\/v2\/woo-feed-brand?post=42401"}],"curies":[{"name":"wp","href":"https:\/\/api.w.org\/{rel}","templated":true}]}}