{"id":42120,"date":"2024-09-19T15:20:06","date_gmt":"2024-09-19T13:20:06","guid":{"rendered":"https:\/\/www.fleurop-home.ch\/de-ch\/p\/haengegeranie-pelargonium-pelt-4-stueck"},"modified":"2026-04-17T09:26:03","modified_gmt":"2026-04-17T07:26:03","slug":"haengegeranie-pelargonium-peltatum-grp","status":"publish","type":"product","link":"https:\/\/www.fleurop-home.ch\/fr-ch\/p\/haengegeranie-pelargonium-peltatum-grp","title":{"rendered":"H\u00e4ngegeranie &#8211; Pelargonium Peltatum-Grp"},"content":{"rendered":"<p>Die H\u00e4ngegeranie Balcon Lilac bringt mit ihren leuchtend lila Bl\u00fcten Farbe in jede Balkonkiste oder Schale. Als klassische Saisonpflanze bevorzugt sie sonnige bis halbschattige Pl\u00e4tze und liebt besonders heisse Standorte. Ein durchl\u00e4ssiger Boden und m\u00e4ssiges Giessen lassen die Geranie optimal gedeihen und f\u00f6rdern die \u00fcppige Bl\u00fctenpracht im Sommer. Dank ihrer robusten Art ist sie unkompliziert zu pflegen und sorgt w\u00e4hrend der ganzen Saison f\u00fcr ein farbenfrohes Ambiente. Produziert in 100 % Schweizer Qualit\u00e4t, steht diese Geranie f\u00fcr naturnahe Blumenpracht aus Schweizer Urkraft.<\/p>\n<p>Hauteur : 60 cm<br \/>\nTaille du pot : pot de 13<br \/>\nR\u00e9sistance au froid : pas de r\u00e9sistance au froid<br \/>\nLumi\u00e8re : ensoleill\u00e9e \u00e0 semi-ombrag\u00e9e<br \/>\nP\u00e9riode de floraison : de mai \u00e0 octobre<br \/>\nSol : perm\u00e9able<\/p>","protected":false},"excerpt":{"rendered":"<p>H\u00e4ngegeranie Balcon Lilac \u2013 lila Sommerflor f\u00fcr sonnige Pl\u00e4tze<\/p>","protected":false},"featured_media":42117,"template":"","meta":[],"product_brand":[],"product_cat":[109,34,41],"product_tag":[299],"woo-feed-brand":[],"class_list":{"0":"post-42120","1":"product","2":"type-product","3":"status-publish","4":"has-post-thumbnail","6":"product_cat-saisonale-pflanzen","7":"product_cat-garten-balkon","8":"product_cat-outdoorpflanzen","9":"product_tag-santispracht","11":"first","12":"instock","13":"taxable","14":"shipping-taxable","15":"purchasable","16":"product-type-simple"},"_links":{"self":[{"href":"https:\/\/www.fleurop-home.ch\/fr-ch\/wp-json\/wp\/v2\/product\/42120","targetHints":{"allow":["GET"]}}],"collection":[{"href":"https:\/\/www.fleurop-home.ch\/fr-ch\/wp-json\/wp\/v2\/product"}],"about":[{"href":"https:\/\/www.fleurop-home.ch\/fr-ch\/wp-json\/wp\/v2\/types\/product"}],"wp:featuredmedia":[{"embeddable":true,"href":"https:\/\/www.fleurop-home.ch\/fr-ch\/wp-json\/wp\/v2\/media\/42117"}],"wp:attachment":[{"href":"https:\/\/www.fleurop-home.ch\/fr-ch\/wp-json\/wp\/v2\/media?parent=42120"}],"wp:term":[{"taxonomy":"product_brand","embeddable":true,"href":"https:\/\/www.fleurop-home.ch\/fr-ch\/wp-json\/wp\/v2\/product_brand?post=42120"},{"taxonomy":"product_cat","embeddable":true,"href":"https:\/\/www.fleurop-home.ch\/fr-ch\/wp-json\/wp\/v2\/product_cat?post=42120"},{"taxonomy":"product_tag","embeddable":true,"href":"https:\/\/www.fleurop-home.ch\/fr-ch\/wp-json\/wp\/v2\/product_tag?post=42120"},{"taxonomy":"woo-feed-brand","embeddable":true,"href":"https:\/\/www.fleurop-home.ch\/fr-ch\/wp-json\/wp\/v2\/woo-feed-brand?post=42120"}],"curies":[{"name":"wp","href":"https:\/\/api.w.org\/{rel}","templated":true}]}}