{"id":41961,"date":"2024-09-19T15:19:05","date_gmt":"2024-09-19T13:19:05","guid":{"rendered":"https:\/\/www.fleurop-home.ch\/de-ch\/?post_type=product&#038;p=41961"},"modified":"2026-04-17T11:11:49","modified_gmt":"2026-04-17T09:11:49","slug":"poireau-decoratif-allium-2","status":"publish","type":"product","link":"https:\/\/www.fleurop-home.ch\/fr-ch\/p\/zier-lauch-allium-2","title":{"rendered":"Poireau d\u00e9coratif - Allium"},"content":{"rendered":"<p>L'ail ornemental compact Pinball Wizard apporte de la structure et de la couleur \u00e0 n'importe quel massif de vivaces ou plantation en bac avec ses grosses boules de fleurs violettes remarquables. Il est r\u00e9sistant \u00e0 l'hiver et convient parfaitement \u00e0 la culture en Suisse. En tant que plante \u00e0 bulbe, elle pr\u00e9f\u00e8re un sol bien drain\u00e9 et n'a besoin que de peu d'eau. Un emplacement ensoleill\u00e9 et \u00e0 l'abri du vent favorise le d\u00e9veloppement des imposantes fleurs qui apparaissent de mai \u00e0 juin et sont \u00e9galement id\u00e9ales comme fleurs coup\u00e9es tr\u00e8s appr\u00e9ci\u00e9es. Particuli\u00e8rement agr\u00e9able : les fleurs sont bien visit\u00e9es par les insectes et offrent ainsi un soutien pr\u00e9cieux \u00e0 la biodiversit\u00e9. Soign\u00e9e et cultiv\u00e9e \u00e0 partir de 100 % de production suisse, cette plante est synonyme de qualit\u00e9 saine et robuste.<\/p>\n<p>Hauteur : 50 cm<br \/>\nTaille du pot : pot de 21<br \/>\nR\u00e9sistance au froid : r\u00e9sistant au froid<br \/>\nLumi\u00e8re : ensoleill\u00e9e<br \/>\nP\u00e9riode de floraison : mai \u00e0 juin<br \/>\nSol : perm\u00e9able<br \/>\nBon pour les insectes<\/p>","protected":false},"excerpt":{"rendered":"<p>Allium Pinball Wizard - ail d\u00e9coratif compact aux fleurs imposantes<\/p>","protected":false},"featured_media":75397,"template":"","meta":[],"product_brand":[],"product_cat":[109,34,41],"product_tag":[299],"woo-feed-brand":[],"class_list":{"0":"post-41961","1":"product","2":"type-product","3":"status-publish","4":"has-post-thumbnail","6":"product_cat-saisonale-pflanzen","7":"product_cat-garten-balkon","8":"product_cat-outdoorpflanzen","9":"product_tag-santispracht","11":"first","12":"instock","13":"taxable","14":"shipping-taxable","15":"purchasable","16":"product-type-simple"},"_links":{"self":[{"href":"https:\/\/www.fleurop-home.ch\/fr-ch\/wp-json\/wp\/v2\/product\/41961","targetHints":{"allow":["GET"]}}],"collection":[{"href":"https:\/\/www.fleurop-home.ch\/fr-ch\/wp-json\/wp\/v2\/product"}],"about":[{"href":"https:\/\/www.fleurop-home.ch\/fr-ch\/wp-json\/wp\/v2\/types\/product"}],"wp:featuredmedia":[{"embeddable":true,"href":"https:\/\/www.fleurop-home.ch\/fr-ch\/wp-json\/wp\/v2\/media\/75397"}],"wp:attachment":[{"href":"https:\/\/www.fleurop-home.ch\/fr-ch\/wp-json\/wp\/v2\/media?parent=41961"}],"wp:term":[{"taxonomy":"product_brand","embeddable":true,"href":"https:\/\/www.fleurop-home.ch\/fr-ch\/wp-json\/wp\/v2\/product_brand?post=41961"},{"taxonomy":"product_cat","embeddable":true,"href":"https:\/\/www.fleurop-home.ch\/fr-ch\/wp-json\/wp\/v2\/product_cat?post=41961"},{"taxonomy":"product_tag","embeddable":true,"href":"https:\/\/www.fleurop-home.ch\/fr-ch\/wp-json\/wp\/v2\/product_tag?post=41961"},{"taxonomy":"woo-feed-brand","embeddable":true,"href":"https:\/\/www.fleurop-home.ch\/fr-ch\/wp-json\/wp\/v2\/woo-feed-brand?post=41961"}],"curies":[{"name":"wp","href":"https:\/\/api.w.org\/{rel}","templated":true}]}}