{"id":41832,"date":"2024-09-19T15:18:22","date_gmt":"2024-09-19T13:18:22","guid":{"rendered":"https:\/\/www.fleurop-home.ch\/de-ch\/p\/elfensporn-nemesia-strumosa-4-stueck"},"modified":"2026-04-30T09:33:47","modified_gmt":"2026-04-30T07:33:47","slug":"eperon-delfe-nemesia-strumosa","status":"publish","type":"product","link":"https:\/\/www.fleurop-home.ch\/fr-ch\/p\/elfensporn-nemesia-strumosa","title":{"rendered":"Eperon des elfes - Nemesia strumosa"},"content":{"rendered":"<p>Avec ses fleurs d'un bleu intense, le miroir elfique Karro Dark Blue apporte une touche particuli\u00e8re \u00e0 ta flore estivale. La plante aime les endroits ensoleill\u00e9s et se sent particuli\u00e8rement bien dans un sol perm\u00e9able. Elle est id\u00e9ale pour les bordures de fleurs et les r\u00e9cipients sur la terrasse ou le balcon. Son parfum discret lui conf\u00e8re un attrait suppl\u00e9mentaire. Avec un arrosage mod\u00e9r\u00e9 et un peu d'attention, tu profites d'une splendeur florale r\u00e9gionale, cultiv\u00e9e \u00e0 partir de la force primaire suisse et sous Suisse Garantie.<\/p>\n<p>Hauteur : 15 cm<br \/>\nTaille du pot : pot de 12<br \/>\nR\u00e9sistance au froid : pas de r\u00e9sistance au froid<br \/>\nLumi\u00e8re : ensoleill\u00e9e<br \/>\nP\u00e9riode de floraison : juin \u00e0 ao\u00fbt<br \/>\nSol : perm\u00e9able<\/p>","protected":false},"excerpt":{"rendered":"<p>Miroir elfique Karro Dark Blue - fleur d'\u00e9t\u00e9 d'un bleu profond de production suisse<\/p>","protected":false},"featured_media":55619,"template":"","meta":[],"product_brand":[],"product_cat":[109,34,41],"product_tag":[299],"woo-feed-brand":[],"class_list":{"0":"post-41832","1":"product","2":"type-product","3":"status-publish","4":"has-post-thumbnail","6":"product_cat-saisonale-pflanzen","7":"product_cat-garten-balkon","8":"product_cat-outdoorpflanzen","9":"product_tag-santispracht","11":"first","12":"instock","13":"taxable","14":"shipping-taxable","15":"purchasable","16":"product-type-simple"},"_links":{"self":[{"href":"https:\/\/www.fleurop-home.ch\/fr-ch\/wp-json\/wp\/v2\/product\/41832","targetHints":{"allow":["GET"]}}],"collection":[{"href":"https:\/\/www.fleurop-home.ch\/fr-ch\/wp-json\/wp\/v2\/product"}],"about":[{"href":"https:\/\/www.fleurop-home.ch\/fr-ch\/wp-json\/wp\/v2\/types\/product"}],"wp:featuredmedia":[{"embeddable":true,"href":"https:\/\/www.fleurop-home.ch\/fr-ch\/wp-json\/wp\/v2\/media\/55619"}],"wp:attachment":[{"href":"https:\/\/www.fleurop-home.ch\/fr-ch\/wp-json\/wp\/v2\/media?parent=41832"}],"wp:term":[{"taxonomy":"product_brand","embeddable":true,"href":"https:\/\/www.fleurop-home.ch\/fr-ch\/wp-json\/wp\/v2\/product_brand?post=41832"},{"taxonomy":"product_cat","embeddable":true,"href":"https:\/\/www.fleurop-home.ch\/fr-ch\/wp-json\/wp\/v2\/product_cat?post=41832"},{"taxonomy":"product_tag","embeddable":true,"href":"https:\/\/www.fleurop-home.ch\/fr-ch\/wp-json\/wp\/v2\/product_tag?post=41832"},{"taxonomy":"woo-feed-brand","embeddable":true,"href":"https:\/\/www.fleurop-home.ch\/fr-ch\/wp-json\/wp\/v2\/woo-feed-brand?post=41832"}],"curies":[{"name":"wp","href":"https:\/\/api.w.org\/{rel}","templated":true}]}}