{"id":41753,"date":"2024-09-19T15:17:54","date_gmt":"2024-09-19T13:17:54","guid":{"rendered":"https:\/\/www.fleurop-home.ch\/de-ch\/p\/pechnelke-lychnis-viscaria-2-stueck"},"modified":"2026-04-21T09:48:03","modified_gmt":"2026-04-21T07:48:03","slug":"oeillet-dinde-lychnis-viscaria","status":"publish","type":"product","link":"https:\/\/www.fleurop-home.ch\/fr-ch\/p\/pechnelke-lychnis-viscaria","title":{"rendered":"Oeillet d'Inde - Lychnis viscaria"},"content":{"rendered":"<p>L'\u0153illet d'Inde Splendens enthousiasme avec ses fleurs rose vif de mai \u00e0 juillet et, en tant que fleur persistante du d\u00e9but de l'\u00e9t\u00e9, il fait bonne figure dans toute prairie fleurie proche de la nature. Cultiv\u00e9e dans 100 % de production suisse et dot\u00e9e de Suisse Garantie, cette plante vivace robuste et r\u00e9sistante au froid est \u00e9galement id\u00e9ale pour la mellif\u00e8re et comme plante \u00e0 couper. Son port \u00e9rig\u00e9 atteint environ 50 cm de hauteur. Elle se d\u00e9veloppe de pr\u00e9f\u00e9rence dans un endroit ensoleill\u00e9 et pr\u00e9f\u00e8re un sol perm\u00e9able et riche en nutriments. L'apport en eau doit \u00eatre mod\u00e9r\u00e9, elle ne supporte pas l'humidit\u00e9 stagnante. Gr\u00e2ce \u00e0 son originalit\u00e9, elle favorise la biodiversit\u00e9 et offre une nourriture pr\u00e9cieuse aux abeilles et autres insectes. M\u00eame dans un pot sur un balcon ou une terrasse, l'\u0153illet d'Inde enrichit l'espace ext\u00e9rieur avec une beaut\u00e9 naturelle et color\u00e9e issue de la force primitive suisse.<\/p>\n<p>Hauteur : 50 cm<br \/>\nTaille du pot : pot de 16<br \/>\nR\u00e9sistance au froid : r\u00e9sistant au froid<br \/>\nLumi\u00e8re : ensoleill\u00e9e<br \/>\nP\u00e9riode de floraison : mai \u00e0 juillet<br \/>\nSol : perm\u00e9able<\/p>","protected":false},"excerpt":{"rendered":"<p>\u0152illet de po\u00e8te Splendens - Une floraison rose pour les jardins naturels<\/p>","protected":false},"featured_media":41752,"template":"","meta":[],"product_brand":[],"product_cat":[109,34,41],"product_tag":[299],"woo-feed-brand":[],"class_list":{"0":"post-41753","1":"product","2":"type-product","3":"status-publish","4":"has-post-thumbnail","6":"product_cat-saisonale-pflanzen","7":"product_cat-garten-balkon","8":"product_cat-outdoorpflanzen","9":"product_tag-santispracht","11":"first","12":"instock","13":"taxable","14":"shipping-taxable","15":"purchasable","16":"product-type-simple"},"_links":{"self":[{"href":"https:\/\/www.fleurop-home.ch\/fr-ch\/wp-json\/wp\/v2\/product\/41753","targetHints":{"allow":["GET"]}}],"collection":[{"href":"https:\/\/www.fleurop-home.ch\/fr-ch\/wp-json\/wp\/v2\/product"}],"about":[{"href":"https:\/\/www.fleurop-home.ch\/fr-ch\/wp-json\/wp\/v2\/types\/product"}],"wp:featuredmedia":[{"embeddable":true,"href":"https:\/\/www.fleurop-home.ch\/fr-ch\/wp-json\/wp\/v2\/media\/41752"}],"wp:attachment":[{"href":"https:\/\/www.fleurop-home.ch\/fr-ch\/wp-json\/wp\/v2\/media?parent=41753"}],"wp:term":[{"taxonomy":"product_brand","embeddable":true,"href":"https:\/\/www.fleurop-home.ch\/fr-ch\/wp-json\/wp\/v2\/product_brand?post=41753"},{"taxonomy":"product_cat","embeddable":true,"href":"https:\/\/www.fleurop-home.ch\/fr-ch\/wp-json\/wp\/v2\/product_cat?post=41753"},{"taxonomy":"product_tag","embeddable":true,"href":"https:\/\/www.fleurop-home.ch\/fr-ch\/wp-json\/wp\/v2\/product_tag?post=41753"},{"taxonomy":"woo-feed-brand","embeddable":true,"href":"https:\/\/www.fleurop-home.ch\/fr-ch\/wp-json\/wp\/v2\/woo-feed-brand?post=41753"}],"curies":[{"name":"wp","href":"https:\/\/api.w.org\/{rel}","templated":true}]}}