{"id":41461,"date":"2024-09-19T15:15:59","date_gmt":"2024-09-19T13:15:59","guid":{"rendered":"https:\/\/www.fleurop-home.ch\/de-ch\/p\/kriechendes-gipskraut-gypsophila-repens-2-stueck"},"modified":"2026-04-28T09:40:10","modified_gmt":"2026-04-28T07:40:10","slug":"gypsophile-rampante-gypsophila-repens-2","status":"publish","type":"product","link":"https:\/\/www.fleurop-home.ch\/fr-ch\/p\/kriechendes-gipskraut-gypsophila-repens-2","title":{"rendered":"Gypsophile rampante - Gypsophila repens"},"content":{"rendered":"<p>L'herbe \u00e0 pl\u00e2tre rampante Filou White est un couvre-sol fiable et r\u00e9sistant \u00e0 l'hiver, de production suisse 100 %. Avec une hauteur de croissance d'environ 15 cm, elle forme des coussinets denses et pendants et convient parfaitement \u00e0 la plantation de bordures, de parterres de fleurs et de rocailles, ainsi qu'\u00e0 l'accompagnement d\u00e9coratif de murs en pierre naturelle. La plante pr\u00e9f\u00e8re les endroits ensoleill\u00e9s et les sols perm\u00e9ables, ses fleurs blanches apparaissent de mai \u00e0 juin. Pour une croissance saine, il est recommand\u00e9 de pr\u00e9voir un apport d'eau mod\u00e9r\u00e9. La robuste plante tapissante convainc par sa capacit\u00e9 d'adaptation et apporte une structure naturelle \u00e0 divers espaces de jardin.<\/p>\n<p>Hauteur : 15 cm<br \/>\nTaille du pot : pot de 16<br \/>\nR\u00e9sistance au froid : r\u00e9sistant au froid<br \/>\nLumi\u00e8re : ensoleill\u00e9e<br \/>\nP\u00e9riode de floraison : mai \u00e0 juin<br \/>\nSol : perm\u00e9able<\/p>","protected":false},"excerpt":{"rendered":"<p>Gypsophile rampante Filou White - couvre-sol robuste de production suisse<\/p>","protected":false},"featured_media":41460,"template":"","meta":[],"product_brand":[],"product_cat":[109,34,41],"product_tag":[299],"woo-feed-brand":[],"class_list":{"0":"post-41461","1":"product","2":"type-product","3":"status-publish","4":"has-post-thumbnail","6":"product_cat-saisonale-pflanzen","7":"product_cat-garten-balkon","8":"product_cat-outdoorpflanzen","9":"product_tag-santispracht","11":"first","12":"instock","13":"taxable","14":"shipping-taxable","15":"purchasable","16":"product-type-simple"},"_links":{"self":[{"href":"https:\/\/www.fleurop-home.ch\/fr-ch\/wp-json\/wp\/v2\/product\/41461","targetHints":{"allow":["GET"]}}],"collection":[{"href":"https:\/\/www.fleurop-home.ch\/fr-ch\/wp-json\/wp\/v2\/product"}],"about":[{"href":"https:\/\/www.fleurop-home.ch\/fr-ch\/wp-json\/wp\/v2\/types\/product"}],"wp:featuredmedia":[{"embeddable":true,"href":"https:\/\/www.fleurop-home.ch\/fr-ch\/wp-json\/wp\/v2\/media\/41460"}],"wp:attachment":[{"href":"https:\/\/www.fleurop-home.ch\/fr-ch\/wp-json\/wp\/v2\/media?parent=41461"}],"wp:term":[{"taxonomy":"product_brand","embeddable":true,"href":"https:\/\/www.fleurop-home.ch\/fr-ch\/wp-json\/wp\/v2\/product_brand?post=41461"},{"taxonomy":"product_cat","embeddable":true,"href":"https:\/\/www.fleurop-home.ch\/fr-ch\/wp-json\/wp\/v2\/product_cat?post=41461"},{"taxonomy":"product_tag","embeddable":true,"href":"https:\/\/www.fleurop-home.ch\/fr-ch\/wp-json\/wp\/v2\/product_tag?post=41461"},{"taxonomy":"woo-feed-brand","embeddable":true,"href":"https:\/\/www.fleurop-home.ch\/fr-ch\/wp-json\/wp\/v2\/woo-feed-brand?post=41461"}],"curies":[{"name":"wp","href":"https:\/\/api.w.org\/{rel}","templated":true}]}}