{"id":41458,"date":"2024-09-19T15:15:58","date_gmt":"2024-09-19T13:15:58","guid":{"rendered":"https:\/\/www.fleurop-home.ch\/de-ch\/p\/kriechendes-gipskraut-gypsophila-repens-2-stueck"},"modified":"2026-04-28T09:38:45","modified_gmt":"2026-04-28T07:38:45","slug":"gypsophile-rampante-gypsophila-repens","status":"publish","type":"product","link":"https:\/\/www.fleurop-home.ch\/fr-ch\/p\/kriechendes-gipskraut-gypsophila-repens","title":{"rendered":"Gypsophile rampante - Gypsophila repens"},"content":{"rendered":"<p>La gypsophile rampante Filou Rose est une plante vivace r\u00e9sistante \u00e0 l'hiver de production suisse 100 % et est id\u00e9ale comme couvre-sol couvrant. Les d\u00e9licates fleurs roses apparaissent de mai \u00e0 juin et donnent des accents naturels aux bordures, aux parterres de fleurs ou aux rocailles. Elle convainc \u00e9galement par sa croissance basse et \u00e9tal\u00e9e en tant que plante tapissante suspendue dans les murs en pierre naturelle. La gypsophile pr\u00e9f\u00e8re les endroits ensoleill\u00e9s, un sol perm\u00e9able et un approvisionnement en eau mod\u00e9r\u00e9. Gr\u00e2ce \u00e0 sa robustesse et \u00e0 sa croissance compacte, elle est facile \u00e0 entretenir et enrichit le jardin printanier de mani\u00e8re tout \u00e0 fait naturelle.<\/p>\n<p>Hauteur : 15 cm<br \/>\nTaille du pot : pot de 16<br \/>\nR\u00e9sistance au froid : r\u00e9sistant au froid<br \/>\nLumi\u00e8re : ensoleill\u00e9e<br \/>\nP\u00e9riode de floraison : mai \u00e0 juin<br \/>\nSol : perm\u00e9able<\/p>","protected":false},"excerpt":{"rendered":"<p>Pl\u00e2tre rampant Filou Rose rose en pot de 16 - couvre-sol robuste de production suisse<\/p>","protected":false},"featured_media":41457,"template":"","meta":[],"product_brand":[],"product_cat":[109,34,41],"product_tag":[299],"woo-feed-brand":[],"class_list":{"0":"post-41458","1":"product","2":"type-product","3":"status-publish","4":"has-post-thumbnail","6":"product_cat-saisonale-pflanzen","7":"product_cat-garten-balkon","8":"product_cat-outdoorpflanzen","9":"product_tag-santispracht","11":"first","12":"instock","13":"taxable","14":"shipping-taxable","15":"purchasable","16":"product-type-simple"},"_links":{"self":[{"href":"https:\/\/www.fleurop-home.ch\/fr-ch\/wp-json\/wp\/v2\/product\/41458","targetHints":{"allow":["GET"]}}],"collection":[{"href":"https:\/\/www.fleurop-home.ch\/fr-ch\/wp-json\/wp\/v2\/product"}],"about":[{"href":"https:\/\/www.fleurop-home.ch\/fr-ch\/wp-json\/wp\/v2\/types\/product"}],"wp:featuredmedia":[{"embeddable":true,"href":"https:\/\/www.fleurop-home.ch\/fr-ch\/wp-json\/wp\/v2\/media\/41457"}],"wp:attachment":[{"href":"https:\/\/www.fleurop-home.ch\/fr-ch\/wp-json\/wp\/v2\/media?parent=41458"}],"wp:term":[{"taxonomy":"product_brand","embeddable":true,"href":"https:\/\/www.fleurop-home.ch\/fr-ch\/wp-json\/wp\/v2\/product_brand?post=41458"},{"taxonomy":"product_cat","embeddable":true,"href":"https:\/\/www.fleurop-home.ch\/fr-ch\/wp-json\/wp\/v2\/product_cat?post=41458"},{"taxonomy":"product_tag","embeddable":true,"href":"https:\/\/www.fleurop-home.ch\/fr-ch\/wp-json\/wp\/v2\/product_tag?post=41458"},{"taxonomy":"woo-feed-brand","embeddable":true,"href":"https:\/\/www.fleurop-home.ch\/fr-ch\/wp-json\/wp\/v2\/woo-feed-brand?post=41458"}],"curies":[{"name":"wp","href":"https:\/\/api.w.org\/{rel}","templated":true}]}}