{"id":41456,"date":"2024-09-19T15:15:57","date_gmt":"2024-09-19T13:15:57","guid":{"rendered":"https:\/\/www.fleurop-home.ch\/de-ch\/p\/schleierkraut-gypsophila-paniculata-3"},"modified":"2026-05-05T09:15:19","modified_gmt":"2026-05-05T07:15:19","slug":"-165","status":"publish","type":"product","link":"https:\/\/www.fleurop-home.ch\/fr-ch\/p\/schleierkraut-gypsophila-paniculata","title":{"rendered":"Gypsophile - Gypsophila paniculata"},"content":{"rendered":"<p>Schleierkraut Snowflake bringt mit seinen zahlreichen kleinen, weissen Bl\u00fcten Leichtigkeit in jede Gartengestaltung. Als dichtwachsende Staude sch\u00e4tzt es einen sonnigen Standort und bildet auf durchl\u00e4ssigem Boden besonders sch\u00f6ne Polster. Diese Pflanze bevorzugt eine m\u00e4ssige Wasserversorgung und entwickelt sich am besten, wenn Staun\u00e4sse vermieden wird. Mit ihrer ausgepr\u00e4gten Bl\u00fctenf\u00fclle von Juni bis August ist sie besonders beliebt in der Floristik. Dank 100 % Schweizer Produktion und Suisse Garantie steht dieses Schleierkraut f\u00fcr robuste Qualit\u00e4t und nachhaltige Gartenfreude. Die kr\u00e4ftige Auspr\u00e4gung sorgt f\u00fcr besonderen Zierwert \u00fcber viele Sommer und ist ein echter Blickfang in Rabatten oder Gef\u00e4ssen.<\/p>\n<p>Hauteur : 120 cm<br \/>\nTaille du pot : pot de 25<br \/>\nR\u00e9sistance au froid : r\u00e9sistant au froid<br \/>\nLumi\u00e8re : ensoleill\u00e9e<br \/>\nP\u00e9riode de floraison : juin \u00e0 ao\u00fbt<br \/>\nSol : perm\u00e9able<\/p>","protected":false},"excerpt":{"rendered":"<p>Schleierkraut Snowflake \u2013 weiss bl\u00fchende, winterharte Staude aus Schweizer Produktion<\/p>","protected":false},"featured_media":41455,"template":"","meta":[],"product_brand":[],"product_cat":[109,34,41],"product_tag":[299],"woo-feed-brand":[],"class_list":{"0":"post-41456","1":"product","2":"type-product","3":"status-publish","4":"has-post-thumbnail","6":"product_cat-saisonale-pflanzen","7":"product_cat-garten-balkon","8":"product_cat-outdoorpflanzen","9":"product_tag-santispracht","11":"first","12":"instock","13":"taxable","14":"shipping-taxable","15":"purchasable","16":"product-type-simple"},"_links":{"self":[{"href":"https:\/\/www.fleurop-home.ch\/fr-ch\/wp-json\/wp\/v2\/product\/41456","targetHints":{"allow":["GET"]}}],"collection":[{"href":"https:\/\/www.fleurop-home.ch\/fr-ch\/wp-json\/wp\/v2\/product"}],"about":[{"href":"https:\/\/www.fleurop-home.ch\/fr-ch\/wp-json\/wp\/v2\/types\/product"}],"wp:featuredmedia":[{"embeddable":true,"href":"https:\/\/www.fleurop-home.ch\/fr-ch\/wp-json\/wp\/v2\/media\/41455"}],"wp:attachment":[{"href":"https:\/\/www.fleurop-home.ch\/fr-ch\/wp-json\/wp\/v2\/media?parent=41456"}],"wp:term":[{"taxonomy":"product_brand","embeddable":true,"href":"https:\/\/www.fleurop-home.ch\/fr-ch\/wp-json\/wp\/v2\/product_brand?post=41456"},{"taxonomy":"product_cat","embeddable":true,"href":"https:\/\/www.fleurop-home.ch\/fr-ch\/wp-json\/wp\/v2\/product_cat?post=41456"},{"taxonomy":"product_tag","embeddable":true,"href":"https:\/\/www.fleurop-home.ch\/fr-ch\/wp-json\/wp\/v2\/product_tag?post=41456"},{"taxonomy":"woo-feed-brand","embeddable":true,"href":"https:\/\/www.fleurop-home.ch\/fr-ch\/wp-json\/wp\/v2\/woo-feed-brand?post=41456"}],"curies":[{"name":"wp","href":"https:\/\/api.w.org\/{rel}","templated":true}]}}