{"id":41403,"date":"2024-09-19T15:15:37","date_gmt":"2024-09-19T13:15:37","guid":{"rendered":"https:\/\/www.fleurop-home.ch\/de-ch\/p\/felsen-storchschnabel-spessart-geranium-macrorrhizum-2-stueck"},"modified":"2026-04-30T09:28:18","modified_gmt":"2026-04-30T07:28:18","slug":"rocher-bec-de-cigogne-spessart-geranium-macrorrhizum","status":"publish","type":"product","link":"https:\/\/www.fleurop-home.ch\/fr-ch\/p\/felsen-storchschnabel-spessart-geranium-macrorrhizum","title":{"rendered":"Bec de cigogne des rochers Spessart - Geranium macrorrhizum"},"content":{"rendered":"<p>Le bec de cigogne des rochers Spessart est une plante vivace \u00e0 fleurs peu exigeante, formant des rhizomes, qui enrichit les prairies proches de la nature, les bordures de bosquets ou les massifs avec son charme naturel. \u00c0 partir de juin et jusqu'en ao\u00fbt, ses fleurs rose discret apparaissent, attirant de nombreux insectes et apportant une contribution pr\u00e9cieuse \u00e0 l'\u00e9quilibre \u00e9cologique. Avec une hauteur d'environ 30 cm, cette plante vivace r\u00e9sistante au froid est id\u00e9ale pour les endroits ensoleill\u00e9s et les sols perm\u00e9ables. N'arrose que mod\u00e9r\u00e9ment, car la plante s'adapte et se contente de peu. Produite en Suisse et b\u00e9n\u00e9ficiant de la garantie Suisse, la tortilla des rochers Spessart est synonyme de plaisir de jardinage de qualit\u00e9 et proche de la nature.<\/p>\n<p>Hauteur : 30 cm<br \/>\nTaille du pot : pot de 16<br \/>\nR\u00e9sistance au froid : r\u00e9sistant au froid<br \/>\nLumi\u00e8re : ensoleill\u00e9e<br \/>\nP\u00e9riode de floraison : juin \u00e0 ao\u00fbt<br \/>\nSol : perm\u00e9able<\/p>","protected":false},"excerpt":{"rendered":"<p>Bec de cigogne des rochers Spessart - plante vivace r\u00e9sistante \u00e0 l'hiver et aimant les insectes de production suisse<\/p>","protected":false},"featured_media":78049,"template":"","meta":[],"product_brand":[],"product_cat":[109,34,41],"product_tag":[299],"woo-feed-brand":[],"class_list":{"0":"post-41403","1":"product","2":"type-product","3":"status-publish","4":"has-post-thumbnail","6":"product_cat-saisonale-pflanzen","7":"product_cat-garten-balkon","8":"product_cat-outdoorpflanzen","9":"product_tag-santispracht","11":"first","12":"instock","13":"taxable","14":"shipping-taxable","15":"purchasable","16":"product-type-simple"},"_links":{"self":[{"href":"https:\/\/www.fleurop-home.ch\/fr-ch\/wp-json\/wp\/v2\/product\/41403","targetHints":{"allow":["GET"]}}],"collection":[{"href":"https:\/\/www.fleurop-home.ch\/fr-ch\/wp-json\/wp\/v2\/product"}],"about":[{"href":"https:\/\/www.fleurop-home.ch\/fr-ch\/wp-json\/wp\/v2\/types\/product"}],"wp:featuredmedia":[{"embeddable":true,"href":"https:\/\/www.fleurop-home.ch\/fr-ch\/wp-json\/wp\/v2\/media\/78049"}],"wp:attachment":[{"href":"https:\/\/www.fleurop-home.ch\/fr-ch\/wp-json\/wp\/v2\/media?parent=41403"}],"wp:term":[{"taxonomy":"product_brand","embeddable":true,"href":"https:\/\/www.fleurop-home.ch\/fr-ch\/wp-json\/wp\/v2\/product_brand?post=41403"},{"taxonomy":"product_cat","embeddable":true,"href":"https:\/\/www.fleurop-home.ch\/fr-ch\/wp-json\/wp\/v2\/product_cat?post=41403"},{"taxonomy":"product_tag","embeddable":true,"href":"https:\/\/www.fleurop-home.ch\/fr-ch\/wp-json\/wp\/v2\/product_tag?post=41403"},{"taxonomy":"woo-feed-brand","embeddable":true,"href":"https:\/\/www.fleurop-home.ch\/fr-ch\/wp-json\/wp\/v2\/woo-feed-brand?post=41403"}],"curies":[{"name":"wp","href":"https:\/\/api.w.org\/{rel}","templated":true}]}}