{"id":41400,"date":"2024-09-19T15:15:36","date_gmt":"2024-09-19T13:15:36","guid":{"rendered":"https:\/\/www.fleurop-home.ch\/de-ch\/p\/aschgrauer-storchenschnabel-geranium-cinereum"},"modified":"2026-04-28T11:43:42","modified_gmt":"2026-04-28T09:43:42","slug":"bec-de-cigogne-gris-cendre-geranium-cinereum","status":"publish","type":"product","link":"https:\/\/www.fleurop-home.ch\/fr-ch\/p\/aschgrauer-storchenschnabel-geranium-cinereum","title":{"rendered":"Bec de cigogne gris cendr\u00e9 - Geranium cinereum"},"content":{"rendered":"<p>Cette plante vivace robuste et r\u00e9sistante au froid provient d'une production suisse 100 % et porte le label de qualit\u00e9 Suisse Garantie. Le bec de cigogne gris cendr\u00e9 Laurence Flatman enchante de juin \u00e0 ao\u00fbt avec ses nombreuses fleurs bleu-violet et sa croissance dense et basse jusqu'\u00e0 30 cm de hauteur. Cette esp\u00e8ce peu exigeante pr\u00e9f\u00e8re un sol perm\u00e9able et un emplacement ensoleill\u00e9, mais s'accommode \u00e9galement d'un apport en eau mod\u00e9r\u00e9. Elle est particuli\u00e8rement appr\u00e9ci\u00e9e en tant qu'aimant \u00e0 insectes, attirant les abeilles et autres insectes utiles dans les plantations de prairies naturelles, au bord des bosquets, dans les jardins en pots et les bordures mixtes. Cette plante \u00e0 fleurs \u00e0 feuilles hivernales combine un entretien facile avec de nombreuses possibilit\u00e9s de d\u00e9coration dans le jardin, sur le balcon ou la terrasse.<\/p>\n<p>Hauteur : 30 cm<br \/>\nTaille du pot : pot de 21<br \/>\nR\u00e9sistance au froid : r\u00e9sistant au froid<br \/>\nLumi\u00e8re : ensoleill\u00e9e<br \/>\nP\u00e9riode de floraison : juin \u00e0 ao\u00fbt<br \/>\nSol : perm\u00e9able<\/p>","protected":false},"excerpt":{"rendered":"<p>Bec de cigogne gris cendr\u00e9 Laurence Flatman - plante vivace \u00e0 fleurs de production suisse<\/p>","protected":false},"featured_media":41399,"template":"","meta":[],"product_brand":[],"product_cat":[109,34,41],"product_tag":[299],"woo-feed-brand":[],"class_list":{"0":"post-41400","1":"product","2":"type-product","3":"status-publish","4":"has-post-thumbnail","6":"product_cat-saisonale-pflanzen","7":"product_cat-garten-balkon","8":"product_cat-outdoorpflanzen","9":"product_tag-santispracht","11":"first","12":"instock","13":"taxable","14":"shipping-taxable","15":"purchasable","16":"product-type-simple"},"_links":{"self":[{"href":"https:\/\/www.fleurop-home.ch\/fr-ch\/wp-json\/wp\/v2\/product\/41400","targetHints":{"allow":["GET"]}}],"collection":[{"href":"https:\/\/www.fleurop-home.ch\/fr-ch\/wp-json\/wp\/v2\/product"}],"about":[{"href":"https:\/\/www.fleurop-home.ch\/fr-ch\/wp-json\/wp\/v2\/types\/product"}],"wp:featuredmedia":[{"embeddable":true,"href":"https:\/\/www.fleurop-home.ch\/fr-ch\/wp-json\/wp\/v2\/media\/41399"}],"wp:attachment":[{"href":"https:\/\/www.fleurop-home.ch\/fr-ch\/wp-json\/wp\/v2\/media?parent=41400"}],"wp:term":[{"taxonomy":"product_brand","embeddable":true,"href":"https:\/\/www.fleurop-home.ch\/fr-ch\/wp-json\/wp\/v2\/product_brand?post=41400"},{"taxonomy":"product_cat","embeddable":true,"href":"https:\/\/www.fleurop-home.ch\/fr-ch\/wp-json\/wp\/v2\/product_cat?post=41400"},{"taxonomy":"product_tag","embeddable":true,"href":"https:\/\/www.fleurop-home.ch\/fr-ch\/wp-json\/wp\/v2\/product_tag?post=41400"},{"taxonomy":"woo-feed-brand","embeddable":true,"href":"https:\/\/www.fleurop-home.ch\/fr-ch\/wp-json\/wp\/v2\/woo-feed-brand?post=41400"}],"curies":[{"name":"wp","href":"https:\/\/api.w.org\/{rel}","templated":true}]}}