{"id":41280,"date":"2024-09-19T15:14:56","date_gmt":"2024-09-19T13:14:56","guid":{"rendered":"https:\/\/www.fleurop-home.ch\/de-ch\/p\/goldmargerite-euryops-x-athanasiae-4-stueck"},"modified":"2026-05-12T09:14:16","modified_gmt":"2026-05-12T07:14:16","slug":"marguerite-doree-euryops-athanasiae","status":"publish","type":"product","link":"https:\/\/www.fleurop-home.ch\/fr-ch\/p\/goldmargerite-euryops-athanasiae","title":{"rendered":"Marguerite d'or - Euryops athanasiae"},"content":{"rendered":"<p>La marguerite dor\u00e9e se caract\u00e9rise par des fleurs d'un jaune intense et une croissance \u00e9rig\u00e9e. En tant que plante saisonni\u00e8re typique, elle convient particuli\u00e8rement bien aux emplacements ensoleill\u00e9s sur le balcon, dans les bacs \u00e0 plantes ou les parterres de fleurs. Elle pr\u00e9f\u00e8re un sol perm\u00e9able et a besoin d'un apport en eau mod\u00e9r\u00e9. De juin \u00e0 octobre, cette splendeur de la floraison suisse fournit de mani\u00e8re fiable de la couleur et de la vivacit\u00e9 - une expression de l'art horticole durable et local.<\/p>\n<p>Hauteur : 50 cm<br \/>\nTaille du pot : pot de 12<br \/>\nR\u00e9sistance au froid : pas de r\u00e9sistance au froid<br \/>\nLumi\u00e8re : ensoleill\u00e9e<br \/>\nP\u00e9riode de floraison : juin \u00e0 octobre<br \/>\nSol : perm\u00e9able<\/p>","protected":false},"excerpt":{"rendered":"<p>Marguerite d'or en pot de 12 - fleur d'\u00e9t\u00e9 jaune de production suisse<\/p>","protected":false},"featured_media":41277,"template":"","meta":[],"product_brand":[],"product_cat":[109,34,41],"product_tag":[299],"woo-feed-brand":[],"class_list":{"0":"post-41280","1":"product","2":"type-product","3":"status-publish","4":"has-post-thumbnail","6":"product_cat-saisonale-pflanzen","7":"product_cat-garten-balkon","8":"product_cat-outdoorpflanzen","9":"product_tag-santispracht","11":"first","12":"instock","13":"taxable","14":"shipping-taxable","15":"purchasable","16":"product-type-simple"},"_links":{"self":[{"href":"https:\/\/www.fleurop-home.ch\/fr-ch\/wp-json\/wp\/v2\/product\/41280","targetHints":{"allow":["GET"]}}],"collection":[{"href":"https:\/\/www.fleurop-home.ch\/fr-ch\/wp-json\/wp\/v2\/product"}],"about":[{"href":"https:\/\/www.fleurop-home.ch\/fr-ch\/wp-json\/wp\/v2\/types\/product"}],"wp:featuredmedia":[{"embeddable":true,"href":"https:\/\/www.fleurop-home.ch\/fr-ch\/wp-json\/wp\/v2\/media\/41277"}],"wp:attachment":[{"href":"https:\/\/www.fleurop-home.ch\/fr-ch\/wp-json\/wp\/v2\/media?parent=41280"}],"wp:term":[{"taxonomy":"product_brand","embeddable":true,"href":"https:\/\/www.fleurop-home.ch\/fr-ch\/wp-json\/wp\/v2\/product_brand?post=41280"},{"taxonomy":"product_cat","embeddable":true,"href":"https:\/\/www.fleurop-home.ch\/fr-ch\/wp-json\/wp\/v2\/product_cat?post=41280"},{"taxonomy":"product_tag","embeddable":true,"href":"https:\/\/www.fleurop-home.ch\/fr-ch\/wp-json\/wp\/v2\/product_tag?post=41280"},{"taxonomy":"woo-feed-brand","embeddable":true,"href":"https:\/\/www.fleurop-home.ch\/fr-ch\/wp-json\/wp\/v2\/woo-feed-brand?post=41280"}],"curies":[{"name":"wp","href":"https:\/\/api.w.org\/{rel}","templated":true}]}}