{"id":41214,"date":"2024-09-19T15:14:30","date_gmt":"2024-09-19T13:14:30","guid":{"rendered":"https:\/\/www.fleurop-home.ch\/de-ch\/p\/fettblattrosette-echeveria-setosa-8-stueck"},"modified":"2026-05-12T09:32:44","modified_gmt":"2026-05-12T07:32:44","slug":"rosette-a-feuilles-grasses-echeveria-2","status":"publish","type":"product","link":"https:\/\/www.fleurop-home.ch\/fr-ch\/p\/fettblattrosette-echeveria-2","title":{"rendered":"Rosette \u00e0 feuilles grasses - Echeveria"},"content":{"rendered":"<p>La rosette \u00e0 feuilles grasses, botaniquement appel\u00e9e Echeveria setosa, est une plante succulente compacte avec des feuilles charnues attrayantes. Elle convient comme plante d'int\u00e9rieur et pour les r\u00e9cipients plant\u00e9s en \u00e9t\u00e9 dans le jardin. Un emplacement ensoleill\u00e9 soutient la rosette de feuilles dense et souligne le vert frais. La plante a besoin de peu d'eau et pr\u00e9f\u00e8re une terre perm\u00e9able afin d'\u00e9viter la formation d'eau stagnante. Une plante pr\u00e9cieuse issue d'une production suisse 100 % garantit la qualit\u00e9 et un d\u00e9veloppement optimal. Id\u00e9al pour les personnes qui appr\u00e9cient les plantes d\u00e9coratives \u00e0 feuilles simples.<\/p>\n<p>Hauteur : 5 cm<br \/>\nTaille du pot : pot de 9<br \/>\nR\u00e9sistance au froid : pas de r\u00e9sistance au froid<br \/>\nLumi\u00e8re : ensoleill\u00e9e<br \/>\nP\u00e9riode de floraison : de mars \u00e0 juillet<br \/>\nSol : perm\u00e9able<\/p>","protected":false},"excerpt":{"rendered":"<p>Rosette \u00e0 feuilles grasses (Echeveria setosa) - plante succulente pour les endroits ensoleill\u00e9s<\/p>","protected":false},"featured_media":54550,"template":"","meta":[],"product_brand":[],"product_cat":[109,1263,1266,34,41],"product_tag":[299],"woo-feed-brand":[],"class_list":{"0":"post-41214","1":"product","2":"type-product","3":"status-publish","4":"has-post-thumbnail","6":"product_cat-saisonale-pflanzen","7":"product_cat-fleuropkids","8":"product_cat-garten-outdoor","9":"product_cat-garten-balkon","10":"product_cat-outdoorpflanzen","11":"product_tag-santispracht","13":"first","14":"instock","15":"taxable","16":"shipping-taxable","17":"purchasable","18":"product-type-simple"},"_links":{"self":[{"href":"https:\/\/www.fleurop-home.ch\/fr-ch\/wp-json\/wp\/v2\/product\/41214","targetHints":{"allow":["GET"]}}],"collection":[{"href":"https:\/\/www.fleurop-home.ch\/fr-ch\/wp-json\/wp\/v2\/product"}],"about":[{"href":"https:\/\/www.fleurop-home.ch\/fr-ch\/wp-json\/wp\/v2\/types\/product"}],"wp:featuredmedia":[{"embeddable":true,"href":"https:\/\/www.fleurop-home.ch\/fr-ch\/wp-json\/wp\/v2\/media\/54550"}],"wp:attachment":[{"href":"https:\/\/www.fleurop-home.ch\/fr-ch\/wp-json\/wp\/v2\/media?parent=41214"}],"wp:term":[{"taxonomy":"product_brand","embeddable":true,"href":"https:\/\/www.fleurop-home.ch\/fr-ch\/wp-json\/wp\/v2\/product_brand?post=41214"},{"taxonomy":"product_cat","embeddable":true,"href":"https:\/\/www.fleurop-home.ch\/fr-ch\/wp-json\/wp\/v2\/product_cat?post=41214"},{"taxonomy":"product_tag","embeddable":true,"href":"https:\/\/www.fleurop-home.ch\/fr-ch\/wp-json\/wp\/v2\/product_tag?post=41214"},{"taxonomy":"woo-feed-brand","embeddable":true,"href":"https:\/\/www.fleurop-home.ch\/fr-ch\/wp-json\/wp\/v2\/woo-feed-brand?post=41214"}],"curies":[{"name":"wp","href":"https:\/\/api.w.org\/{rel}","templated":true}]}}