{"id":41154,"date":"2024-09-19T15:14:08","date_gmt":"2024-09-19T13:14:08","guid":{"rendered":"https:\/\/www.fleurop-home.ch\/de-ch\/p\/elfensporn-diascia-personata-4-stueck"},"modified":"2026-04-21T09:43:05","modified_gmt":"2026-04-21T07:43:05","slug":"-278","status":"publish","type":"product","link":"https:\/\/www.fleurop-home.ch\/fr-ch\/p\/elfensporn-diascia-personata-5","title":{"rendered":"Eperon des elfes - Diascia personata"},"content":{"rendered":"<p>L'\u00e9peron d'elfe compact blanc est une plante estivale polyvalente avec une floraison abondante de mai \u00e0 septembre. Cette plante saisonni\u00e8re se sent particuli\u00e8rement bien dans les endroits ensoleill\u00e9s et montre toute sa splendeur, surtout avec un apport d'eau mod\u00e9r\u00e9 et un sol perm\u00e9able. Elle convient parfaitement \u00e0 la plantation de caissettes de balcon, de bordures, de suspensions et de bacs ainsi qu'aux tombes. Les fleurs offrent une contribution pr\u00e9cieuse aux insectes de ton jardin. La plante provient d'une production suisse 100 % et garantit la qualit\u00e9 avec Suisse Garantie.<\/p>\n<p>Hauteur : 30 cm<br \/>\nTaille du pot : pot de 12<br \/>\nR\u00e9sistance au froid : pas de r\u00e9sistance au froid<br \/>\nLumi\u00e8re : ensoleill\u00e9e<br \/>\nP\u00e9riode de floraison : de mai \u00e0 septembre<br \/>\nSol : perm\u00e9able<\/p>","protected":false},"excerpt":{"rendered":"<p>Eperon d'Elfe blanc - plante saisonni\u00e8re pour les endroits ensoleill\u00e9s<\/p>","protected":false},"featured_media":41150,"template":"","meta":[],"product_brand":[],"product_cat":[109,34,41],"product_tag":[299],"woo-feed-brand":[],"class_list":{"0":"post-41154","1":"product","2":"type-product","3":"status-publish","4":"has-post-thumbnail","6":"product_cat-saisonale-pflanzen","7":"product_cat-garten-balkon","8":"product_cat-outdoorpflanzen","9":"product_tag-santispracht","11":"first","12":"instock","13":"taxable","14":"shipping-taxable","15":"purchasable","16":"product-type-simple"},"_links":{"self":[{"href":"https:\/\/www.fleurop-home.ch\/fr-ch\/wp-json\/wp\/v2\/product\/41154","targetHints":{"allow":["GET"]}}],"collection":[{"href":"https:\/\/www.fleurop-home.ch\/fr-ch\/wp-json\/wp\/v2\/product"}],"about":[{"href":"https:\/\/www.fleurop-home.ch\/fr-ch\/wp-json\/wp\/v2\/types\/product"}],"wp:featuredmedia":[{"embeddable":true,"href":"https:\/\/www.fleurop-home.ch\/fr-ch\/wp-json\/wp\/v2\/media\/41150"}],"wp:attachment":[{"href":"https:\/\/www.fleurop-home.ch\/fr-ch\/wp-json\/wp\/v2\/media?parent=41154"}],"wp:term":[{"taxonomy":"product_brand","embeddable":true,"href":"https:\/\/www.fleurop-home.ch\/fr-ch\/wp-json\/wp\/v2\/product_brand?post=41154"},{"taxonomy":"product_cat","embeddable":true,"href":"https:\/\/www.fleurop-home.ch\/fr-ch\/wp-json\/wp\/v2\/product_cat?post=41154"},{"taxonomy":"product_tag","embeddable":true,"href":"https:\/\/www.fleurop-home.ch\/fr-ch\/wp-json\/wp\/v2\/product_tag?post=41154"},{"taxonomy":"woo-feed-brand","embeddable":true,"href":"https:\/\/www.fleurop-home.ch\/fr-ch\/wp-json\/wp\/v2\/woo-feed-brand?post=41154"}],"curies":[{"name":"wp","href":"https:\/\/api.w.org\/{rel}","templated":true}]}}