{"id":41049,"date":"2024-09-19T15:13:34","date_gmt":"2024-09-19T13:13:34","guid":{"rendered":"https:\/\/www.fleurop-home.ch\/de-ch\/p\/kosmee-cosmos-bipinnatus-2-stueck"},"modified":"2026-05-05T09:18:58","modified_gmt":"2026-05-05T07:18:58","slug":"kosmee-cosmos-bipinnatus-7","status":"publish","type":"product","link":"https:\/\/www.fleurop-home.ch\/fr-ch\/p\/kosmee-cosmos-bipinnatus-7","title":{"rendered":"Cosmos - Cosmos bipinnatus"},"content":{"rendered":"<p>Die Kosmee Casanova Weiss \u00fcberzeugt als reichbl\u00fchende Saisonpflanze und schenkt von Mai bis September eine F\u00fclle schlichter, weisser Bl\u00fcten. Ihr luftiger Wuchs macht sie zur idealen Wahl f\u00fcr Mischrabatten, Blumenbeete oder Pflanzgef\u00e4sse auf Terrasse und Balkon. Dank ihrer durchl\u00e4ssigen, n\u00e4hrstoffreichen Erde und einem sonnigen Standort entwickelt sie sich besonders kr\u00e4ftig. Eine m\u00e4ssige Wasserversorgung gen\u00fcgt, da die Kosmee sommerliche Trockenheit gut vertr\u00e4gt. Ihre Bl\u00fcten bieten wertvolle Nahrung f\u00fcr Bienen und andere Insekten, was sie zu einem wichtigen Beitrag f\u00fcr die Biodiversit\u00e4t im Garten macht. Geniess Schweizer Blumenpracht aus 100 % Schweizer Produktion mit Suisse Garantie.<\/p>\n<p>Hauteur : 80 cm<br \/>\nTaille du pot : pot de 16<br \/>\nR\u00e9sistance au froid : pas de r\u00e9sistance au froid<br \/>\nLumi\u00e8re : ensoleill\u00e9e<br \/>\nP\u00e9riode de floraison : de mai \u00e0 septembre<br \/>\nSol : perm\u00e9able<\/p>","protected":false},"excerpt":{"rendered":"<p>Kosmee Casanova Weiss \u2013 Sommerflor und Insektenmagnet aus Schweizer Produktion<\/p>","protected":false},"featured_media":34131,"template":"","meta":[],"product_brand":[],"product_cat":[109,34,41],"product_tag":[299],"woo-feed-brand":[],"class_list":{"0":"post-41049","1":"product","2":"type-product","3":"status-publish","4":"has-post-thumbnail","6":"product_cat-saisonale-pflanzen","7":"product_cat-garten-balkon","8":"product_cat-outdoorpflanzen","9":"product_tag-santispracht","11":"first","12":"instock","13":"taxable","14":"shipping-taxable","15":"purchasable","16":"product-type-simple"},"_links":{"self":[{"href":"https:\/\/www.fleurop-home.ch\/fr-ch\/wp-json\/wp\/v2\/product\/41049","targetHints":{"allow":["GET"]}}],"collection":[{"href":"https:\/\/www.fleurop-home.ch\/fr-ch\/wp-json\/wp\/v2\/product"}],"about":[{"href":"https:\/\/www.fleurop-home.ch\/fr-ch\/wp-json\/wp\/v2\/types\/product"}],"wp:featuredmedia":[{"embeddable":true,"href":"https:\/\/www.fleurop-home.ch\/fr-ch\/wp-json\/wp\/v2\/media\/34131"}],"wp:attachment":[{"href":"https:\/\/www.fleurop-home.ch\/fr-ch\/wp-json\/wp\/v2\/media?parent=41049"}],"wp:term":[{"taxonomy":"product_brand","embeddable":true,"href":"https:\/\/www.fleurop-home.ch\/fr-ch\/wp-json\/wp\/v2\/product_brand?post=41049"},{"taxonomy":"product_cat","embeddable":true,"href":"https:\/\/www.fleurop-home.ch\/fr-ch\/wp-json\/wp\/v2\/product_cat?post=41049"},{"taxonomy":"product_tag","embeddable":true,"href":"https:\/\/www.fleurop-home.ch\/fr-ch\/wp-json\/wp\/v2\/product_tag?post=41049"},{"taxonomy":"woo-feed-brand","embeddable":true,"href":"https:\/\/www.fleurop-home.ch\/fr-ch\/wp-json\/wp\/v2\/woo-feed-brand?post=41049"}],"curies":[{"name":"wp","href":"https:\/\/api.w.org\/{rel}","templated":true}]}}